{"id":17332,"date":"2023-01-30T13:00:09","date_gmt":"2023-01-30T12:00:09","guid":{"rendered":"https:\/\/alladixital.org\/?post_type=product&#038;p=17332"},"modified":"2023-01-30T13:17:48","modified_gmt":"2023-01-30T12:17:48","slug":"el-xogo-sin-fin","status":"publish","type":"product","link":"https:\/\/alladixital.org\/en\/producto\/el-xogo-sin-fin\/","title":{"rendered":"El xogo sin fin"},"content":{"rendered":"<p>Novela de novelas, narraci\u00f3n interactiva y \u00e1s veces trafuyeira, <em>El xogo sin fin<\/em> lleva al estremo el car\u00e1cter l\u00fadico da ficci\u00f3n lliteraria. Quen te\u00f1a este llibro entre as maos ha a saber qu\u2019a historia vai ir constru\u00edndose d\u2019acordo \u00e1s s\u00faas decisi\u00f3is: lo que pase, a estensi\u00f3n del relato y hasta el personaxe col que viva os acontecementos van depender das s\u00faas escoyetas. Todos os cam\u00edos son el mesmo cam\u00edn y cada cam\u00edn son muitos a un tempo, per\u00f3 el recorrido da llectura camb\u00eda a perspectiva das cousas.<\/p>\n<p>Mezcra de fantas\u00eda, ciencia ficci\u00f3n, intertextualid\u00e1 y metalliteratura, esta obra ofrece a posibilid\u00e1 de ver os feitos de xeitos distintos: tres personaxes baxan a \u00faa playa de x\u00f3garas pegando patadas a \u00faa pedra. Na vazamar, \u00fan d\u2019ellos prop\u00f3n entrar por os furaos d\u2019un pened\u00f3n pra ver qu\u00e9n atopa a cousa m\u00e1s chocante. Per\u00f3 pasa daqu\u00e9 inesperao y empeza el xogo. \u00dan distinto pra cada personaxe, ou quizabes el mesmo. Un xogo sin fin.<br \/>\n<script><\/script><\/p>\n","protected":false},"excerpt":{"rendered":"<p>Novela de novelas, narraci\u00f3n interactiva y \u00e1s veces trafuyeira, El xogo sin fin lleva al estremo el car\u00e1cter l\u00fadico da ficci\u00f3n lliteraria. Quen te\u00f1a este llibro entre as maos ha &hellip; <\/p>\n<p class=\"link-more\"><a href=\"https:\/\/alladixital.org\/en\/producto\/el-xogo-sin-fin\/\" class=\"more-link\">Continue reading<span class=\"screen-reader-text\"> &#8220;El xogo sin fin&#8221;<\/span><\/a><\/p>\n","protected":false},"featured_media":17333,"comment_status":"closed","ping_status":"closed","template":"","meta":{"_acf_changed":false},"product_brand":[],"product_cat":[1070,349],"product_tag":[1081,1082,1083,1084],"class_list":{"0":"post-17332","1":"product","2":"type-product","3":"status-publish","4":"has-post-thumbnail","6":"product_cat-bidureira","7":"product_cat-coleiciones","8":"product_tag-bidureira-2","9":"product_tag-eonaviego-2","10":"product_tag-eonaviegu-2","11":"product_tag-ricardo-saavedra-2","12":"pa_anu-579","13":"pa_autor-ricardo-saavedra-fdez-combarro","14":"pa_editorial-alla","15":"pa_idioma-eonaviegu","17":"first","18":"instock","19":"shipping-taxable","20":"product-type-simple"},"acf":[],"yoast_head":"<!-- This site is optimized with the Yoast SEO plugin v26.7 - https:\/\/yoast.com\/wordpress\/plugins\/seo\/ -->\n<title>El xogo sin fin - Academia de la Llingua Asturiana<\/title>\n<meta name=\"robots\" content=\"index, follow, max-snippet:-1, max-image-preview:large, max-video-preview:-1\" \/>\n<link rel=\"canonical\" href=\"https:\/\/alladixital.org\/productu\/el-xogo-sin-fin\/\" \/>\n<meta property=\"og:locale\" content=\"en_US\" \/>\n<meta property=\"og:type\" content=\"article\" \/>\n<meta property=\"og:title\" content=\"El xogo sin fin - Academia de la Llingua Asturiana\" \/>\n<meta property=\"og:description\" content=\"Novela de novelas, narraci\u00f3n interactiva y \u00e1s veces trafuyeira, El xogo sin fin lleva al estremo el car\u00e1cter l\u00fadico da ficci\u00f3n lliteraria. Quen te\u00f1a este llibro entre as maos ha &hellip; Continue reading &quot;El xogo sin fin&quot;\" \/>\n<meta property=\"og:url\" content=\"https:\/\/alladixital.org\/productu\/el-xogo-sin-fin\/\" \/>\n<meta property=\"og:site_name\" content=\"Academia de la Llingua Asturiana\" \/>\n<meta property=\"article:publisher\" content=\"https:\/\/www.facebook.com\/AcademiadelaLlinguaAsturiana\/\" \/>\n<meta property=\"article:modified_time\" content=\"2023-01-30T12:17:48+00:00\" \/>\n<meta property=\"og:image\" content=\"https:\/\/alladixital.org\/wp-content\/uploads\/2023\/01\/elXOGOsinFIN_ALLA_AF_DEF_page-0001-1.jpg\" \/>\n\t<meta property=\"og:image:width\" content=\"768\" \/>\n\t<meta property=\"og:image:height\" content=\"1223\" \/>\n\t<meta property=\"og:image:type\" content=\"image\/jpeg\" \/>\n<meta name=\"twitter:card\" content=\"summary_large_image\" \/>\n<meta name=\"twitter:site\" content=\"@ALLA_ast\" \/>\n<script type=\"application\/ld+json\" class=\"yoast-schema-graph\">{\"@context\":\"https:\/\/schema.org\",\"@graph\":[{\"@type\":\"WebPage\",\"@id\":\"https:\/\/alladixital.org\/productu\/el-xogo-sin-fin\/\",\"url\":\"https:\/\/alladixital.org\/productu\/el-xogo-sin-fin\/\",\"name\":\"El xogo sin fin - Academia de la Llingua Asturiana\",\"isPartOf\":{\"@id\":\"https:\/\/alladixital.org\/#website\"},\"primaryImageOfPage\":{\"@id\":\"https:\/\/alladixital.org\/productu\/el-xogo-sin-fin\/#primaryimage\"},\"image\":{\"@id\":\"https:\/\/alladixital.org\/productu\/el-xogo-sin-fin\/#primaryimage\"},\"thumbnailUrl\":\"https:\/\/alladixital.org\/wp-content\/uploads\/2023\/01\/elXOGOsinFIN_ALLA_AF_DEF_page-0001-1.jpg\",\"datePublished\":\"2023-01-30T12:00:09+00:00\",\"dateModified\":\"2023-01-30T12:17:48+00:00\",\"breadcrumb\":{\"@id\":\"https:\/\/alladixital.org\/productu\/el-xogo-sin-fin\/#breadcrumb\"},\"inLanguage\":\"en-US\",\"potentialAction\":[{\"@type\":\"ReadAction\",\"target\":[\"https:\/\/alladixital.org\/productu\/el-xogo-sin-fin\/\"]}]},{\"@type\":\"ImageObject\",\"inLanguage\":\"en-US\",\"@id\":\"https:\/\/alladixital.org\/productu\/el-xogo-sin-fin\/#primaryimage\",\"url\":\"https:\/\/alladixital.org\/wp-content\/uploads\/2023\/01\/elXOGOsinFIN_ALLA_AF_DEF_page-0001-1.jpg\",\"contentUrl\":\"https:\/\/alladixital.org\/wp-content\/uploads\/2023\/01\/elXOGOsinFIN_ALLA_AF_DEF_page-0001-1.jpg\",\"width\":768,\"height\":1223},{\"@type\":\"BreadcrumbList\",\"@id\":\"https:\/\/alladixital.org\/productu\/el-xogo-sin-fin\/#breadcrumb\",\"itemListElement\":[{\"@type\":\"ListItem\",\"position\":1,\"name\":\"Portada\",\"item\":\"https:\/\/alladixital.org\/\"},{\"@type\":\"ListItem\",\"position\":2,\"name\":\"Shop\",\"item\":\"https:\/\/alladixital.org\/en\/shop\/\"},{\"@type\":\"ListItem\",\"position\":3,\"name\":\"El xogo sin fin\"}]},{\"@type\":\"WebSite\",\"@id\":\"https:\/\/alladixital.org\/#website\",\"url\":\"https:\/\/alladixital.org\/\",\"name\":\"Academia de la Llingua Asturiana\",\"description\":\"ALLA\",\"publisher\":{\"@id\":\"https:\/\/alladixital.org\/#organization\"},\"potentialAction\":[{\"@type\":\"SearchAction\",\"target\":{\"@type\":\"EntryPoint\",\"urlTemplate\":\"https:\/\/alladixital.org\/?s={search_term_string}\"},\"query-input\":{\"@type\":\"PropertyValueSpecification\",\"valueRequired\":true,\"valueName\":\"search_term_string\"}}],\"inLanguage\":\"en-US\"},{\"@type\":\"Organization\",\"@id\":\"https:\/\/alladixital.org\/#organization\",\"name\":\"Academia de la Llingua Asturiana\",\"url\":\"https:\/\/alladixital.org\/\",\"logo\":{\"@type\":\"ImageObject\",\"inLanguage\":\"en-US\",\"@id\":\"https:\/\/alladixital.org\/#\/schema\/logo\/image\/\",\"url\":\"https:\/\/alladixital.org\/wp-content\/uploads\/2022\/08\/logo_LLINGUA_280_V3.jpg\",\"contentUrl\":\"https:\/\/alladixital.org\/wp-content\/uploads\/2022\/08\/logo_LLINGUA_280_V3.jpg\",\"width\":1064,\"height\":1096,\"caption\":\"Academia de la Llingua Asturiana\"},\"image\":{\"@id\":\"https:\/\/alladixital.org\/#\/schema\/logo\/image\/\"},\"sameAs\":[\"https:\/\/www.facebook.com\/AcademiadelaLlinguaAsturiana\/\",\"https:\/\/x.com\/ALLA_ast\"]}]}<\/script>\n<!-- \/ Yoast SEO plugin. -->","yoast_head_json":{"title":"El xogo sin fin - Academia de la Llingua Asturiana","robots":{"index":"index","follow":"follow","max-snippet":"max-snippet:-1","max-image-preview":"max-image-preview:large","max-video-preview":"max-video-preview:-1"},"canonical":"https:\/\/alladixital.org\/productu\/el-xogo-sin-fin\/","og_locale":"en_US","og_type":"article","og_title":"El xogo sin fin - Academia de la Llingua Asturiana","og_description":"Novela de novelas, narraci\u00f3n interactiva y \u00e1s veces trafuyeira, El xogo sin fin lleva al estremo el car\u00e1cter l\u00fadico da ficci\u00f3n lliteraria. Quen te\u00f1a este llibro entre as maos ha &hellip; Continue reading \"El xogo sin fin\"","og_url":"https:\/\/alladixital.org\/productu\/el-xogo-sin-fin\/","og_site_name":"Academia de la Llingua Asturiana","article_publisher":"https:\/\/www.facebook.com\/AcademiadelaLlinguaAsturiana\/","article_modified_time":"2023-01-30T12:17:48+00:00","og_image":[{"width":768,"height":1223,"url":"https:\/\/alladixital.org\/wp-content\/uploads\/2023\/01\/elXOGOsinFIN_ALLA_AF_DEF_page-0001-1.jpg","type":"image\/jpeg"}],"twitter_card":"summary_large_image","twitter_site":"@ALLA_ast","schema":{"@context":"https:\/\/schema.org","@graph":[{"@type":"WebPage","@id":"https:\/\/alladixital.org\/productu\/el-xogo-sin-fin\/","url":"https:\/\/alladixital.org\/productu\/el-xogo-sin-fin\/","name":"El xogo sin fin - Academia de la Llingua Asturiana","isPartOf":{"@id":"https:\/\/alladixital.org\/#website"},"primaryImageOfPage":{"@id":"https:\/\/alladixital.org\/productu\/el-xogo-sin-fin\/#primaryimage"},"image":{"@id":"https:\/\/alladixital.org\/productu\/el-xogo-sin-fin\/#primaryimage"},"thumbnailUrl":"https:\/\/alladixital.org\/wp-content\/uploads\/2023\/01\/elXOGOsinFIN_ALLA_AF_DEF_page-0001-1.jpg","datePublished":"2023-01-30T12:00:09+00:00","dateModified":"2023-01-30T12:17:48+00:00","breadcrumb":{"@id":"https:\/\/alladixital.org\/productu\/el-xogo-sin-fin\/#breadcrumb"},"inLanguage":"en-US","potentialAction":[{"@type":"ReadAction","target":["https:\/\/alladixital.org\/productu\/el-xogo-sin-fin\/"]}]},{"@type":"ImageObject","inLanguage":"en-US","@id":"https:\/\/alladixital.org\/productu\/el-xogo-sin-fin\/#primaryimage","url":"https:\/\/alladixital.org\/wp-content\/uploads\/2023\/01\/elXOGOsinFIN_ALLA_AF_DEF_page-0001-1.jpg","contentUrl":"https:\/\/alladixital.org\/wp-content\/uploads\/2023\/01\/elXOGOsinFIN_ALLA_AF_DEF_page-0001-1.jpg","width":768,"height":1223},{"@type":"BreadcrumbList","@id":"https:\/\/alladixital.org\/productu\/el-xogo-sin-fin\/#breadcrumb","itemListElement":[{"@type":"ListItem","position":1,"name":"Portada","item":"https:\/\/alladixital.org\/"},{"@type":"ListItem","position":2,"name":"Shop","item":"https:\/\/alladixital.org\/en\/shop\/"},{"@type":"ListItem","position":3,"name":"El xogo sin fin"}]},{"@type":"WebSite","@id":"https:\/\/alladixital.org\/#website","url":"https:\/\/alladixital.org\/","name":"Academia de la Llingua Asturiana","description":"ALLA","publisher":{"@id":"https:\/\/alladixital.org\/#organization"},"potentialAction":[{"@type":"SearchAction","target":{"@type":"EntryPoint","urlTemplate":"https:\/\/alladixital.org\/?s={search_term_string}"},"query-input":{"@type":"PropertyValueSpecification","valueRequired":true,"valueName":"search_term_string"}}],"inLanguage":"en-US"},{"@type":"Organization","@id":"https:\/\/alladixital.org\/#organization","name":"Academia de la Llingua Asturiana","url":"https:\/\/alladixital.org\/","logo":{"@type":"ImageObject","inLanguage":"en-US","@id":"https:\/\/alladixital.org\/#\/schema\/logo\/image\/","url":"https:\/\/alladixital.org\/wp-content\/uploads\/2022\/08\/logo_LLINGUA_280_V3.jpg","contentUrl":"https:\/\/alladixital.org\/wp-content\/uploads\/2022\/08\/logo_LLINGUA_280_V3.jpg","width":1064,"height":1096,"caption":"Academia de la Llingua Asturiana"},"image":{"@id":"https:\/\/alladixital.org\/#\/schema\/logo\/image\/"},"sameAs":["https:\/\/www.facebook.com\/AcademiadelaLlinguaAsturiana\/","https:\/\/x.com\/ALLA_ast"]}]}},"brizy_media":[],"_links":{"self":[{"href":"https:\/\/alladixital.org\/en\/wp-json\/wp\/v2\/product\/17332","targetHints":{"allow":["GET"]}}],"collection":[{"href":"https:\/\/alladixital.org\/en\/wp-json\/wp\/v2\/product"}],"about":[{"href":"https:\/\/alladixital.org\/en\/wp-json\/wp\/v2\/types\/product"}],"replies":[{"embeddable":true,"href":"https:\/\/alladixital.org\/en\/wp-json\/wp\/v2\/comments?post=17332"}],"wp:featuredmedia":[{"embeddable":true,"href":"https:\/\/alladixital.org\/en\/wp-json\/wp\/v2\/media\/17333"}],"wp:attachment":[{"href":"https:\/\/alladixital.org\/en\/wp-json\/wp\/v2\/media?parent=17332"}],"wp:term":[{"taxonomy":"product_brand","embeddable":true,"href":"https:\/\/alladixital.org\/en\/wp-json\/wp\/v2\/product_brand?post=17332"},{"taxonomy":"product_cat","embeddable":true,"href":"https:\/\/alladixital.org\/en\/wp-json\/wp\/v2\/product_cat?post=17332"},{"taxonomy":"product_tag","embeddable":true,"href":"https:\/\/alladixital.org\/en\/wp-json\/wp\/v2\/product_tag?post=17332"}],"curies":[{"name":"wp","href":"https:\/\/api.w.org\/{rel}","templated":true}]}}