{"id":20710,"date":"2023-09-04T09:05:04","date_gmt":"2023-09-04T07:05:04","guid":{"rendered":"https:\/\/alladixital.org\/?post_type=product&#038;p=20710"},"modified":"2024-02-01T10:07:36","modified_gmt":"2024-02-01T09:07:36","slug":"segundas-foyas-1o-eso","status":"publish","type":"product","link":"https:\/\/alladixital.org\/en\/producto\/segundas-foyas-1o-eso\/","title":{"rendered":"Segundas foyas &#8211; 1\u00ba ESO"},"content":{"rendered":"<p>Nesta nova colecci\u00f3n, a Secretar\u00eda Lling\u00fc\u00edstica del Navia-Eo estrena \u00faa obra dedicada \u00e1 ense\u00f1anza del eonaviego. Segundas foyas \u00e9 a proposta que Natalia Riego fai dende a s\u00faa esperiencia docente. El dise\u00f1o del proyecto, qu&#8217;\u00e9 obra d&#8217;Eduardo Carru\u00e9bano, fai da publicaci\u00f3n \u00faa ama\u00f1osa ferramenta te\u00f3rico-pr\u00e1ctica pral alumnao y el profesorao.<\/p>\n","protected":false},"excerpt":{"rendered":"<p>Nesta nova colecci\u00f3n, a Secretar\u00eda Lling\u00fc\u00edstica del Navia-Eo estrena \u00faa obra dedicada \u00e1 ense\u00f1anza del eonaviego. Segundas foyas \u00e9 a proposta que Natalia Riego fai dende a s\u00faa esperiencia docente. &hellip; <\/p>\n<p class=\"link-more\"><a href=\"https:\/\/alladixital.org\/en\/producto\/segundas-foyas-1o-eso\/\" class=\"more-link\">Continue reading<span class=\"screen-reader-text\"> &#8220;Segundas foyas &#8211; 1\u00ba ESO&#8221;<\/span><\/a><\/p>\n","protected":false},"featured_media":20711,"comment_status":"closed","ping_status":"closed","template":"","meta":{"_acf_changed":false},"product_brand":[],"product_cat":[1123],"product_tag":[],"class_list":{"0":"post-20710","1":"product","2":"type-product","3":"status-publish","4":"has-post-thumbnail","6":"product_cat-segundas-foyas","7":"pa_anu-1106","8":"pa_autor-natalia-riego-arredondas","9":"pa_editorial-alla","10":"pa_idioma-eonaviego","12":"first","13":"instock","14":"shipping-taxable","15":"product-type-simple"},"acf":[],"yoast_head":"<!-- This site is optimized with the Yoast SEO plugin v26.7 - https:\/\/yoast.com\/wordpress\/plugins\/seo\/ -->\n<title>Segundas foyas - 1\u00ba ESO - Academia de la Llingua Asturiana<\/title>\n<meta name=\"robots\" content=\"index, follow, max-snippet:-1, max-image-preview:large, max-video-preview:-1\" \/>\n<link rel=\"canonical\" href=\"https:\/\/alladixital.org\/productu\/segundas-foyas-1o-eso\/\" \/>\n<meta property=\"og:locale\" content=\"en_US\" \/>\n<meta property=\"og:type\" content=\"article\" \/>\n<meta property=\"og:title\" content=\"Segundas foyas - 1\u00ba ESO - Academia de la Llingua Asturiana\" \/>\n<meta property=\"og:description\" content=\"Nesta nova colecci\u00f3n, a Secretar\u00eda Lling\u00fc\u00edstica del Navia-Eo estrena \u00faa obra dedicada \u00e1 ense\u00f1anza del eonaviego. Segundas foyas \u00e9 a proposta que Natalia Riego fai dende a s\u00faa esperiencia docente. &hellip; Continue reading &quot;Segundas foyas &#8211; 1\u00ba ESO&quot;\" \/>\n<meta property=\"og:url\" content=\"https:\/\/alladixital.org\/productu\/segundas-foyas-1o-eso\/\" \/>\n<meta property=\"og:site_name\" content=\"Academia de la Llingua Asturiana\" \/>\n<meta property=\"article:publisher\" content=\"https:\/\/www.facebook.com\/AcademiadelaLlinguaAsturiana\/\" \/>\n<meta property=\"article:modified_time\" content=\"2024-02-01T09:07:36+00:00\" \/>\n<meta property=\"og:image\" content=\"https:\/\/alladixital.org\/wp-content\/uploads\/2023\/09\/CUBIERTA-1o-ESO.jpg\" \/>\n\t<meta property=\"og:image:width\" content=\"1651\" \/>\n\t<meta property=\"og:image:height\" content=\"2339\" \/>\n\t<meta property=\"og:image:type\" content=\"image\/jpeg\" \/>\n<meta name=\"twitter:card\" content=\"summary_large_image\" \/>\n<meta name=\"twitter:site\" content=\"@ALLA_ast\" \/>\n<script type=\"application\/ld+json\" class=\"yoast-schema-graph\">{\"@context\":\"https:\/\/schema.org\",\"@graph\":[{\"@type\":\"WebPage\",\"@id\":\"https:\/\/alladixital.org\/productu\/segundas-foyas-1o-eso\/\",\"url\":\"https:\/\/alladixital.org\/productu\/segundas-foyas-1o-eso\/\",\"name\":\"Segundas foyas - 1\u00ba ESO - Academia de la Llingua Asturiana\",\"isPartOf\":{\"@id\":\"https:\/\/alladixital.org\/#website\"},\"primaryImageOfPage\":{\"@id\":\"https:\/\/alladixital.org\/productu\/segundas-foyas-1o-eso\/#primaryimage\"},\"image\":{\"@id\":\"https:\/\/alladixital.org\/productu\/segundas-foyas-1o-eso\/#primaryimage\"},\"thumbnailUrl\":\"https:\/\/alladixital.org\/wp-content\/uploads\/2023\/09\/CUBIERTA-1o-ESO.jpg\",\"datePublished\":\"2023-09-04T07:05:04+00:00\",\"dateModified\":\"2024-02-01T09:07:36+00:00\",\"breadcrumb\":{\"@id\":\"https:\/\/alladixital.org\/productu\/segundas-foyas-1o-eso\/#breadcrumb\"},\"inLanguage\":\"en-US\",\"potentialAction\":[{\"@type\":\"ReadAction\",\"target\":[\"https:\/\/alladixital.org\/productu\/segundas-foyas-1o-eso\/\"]}]},{\"@type\":\"ImageObject\",\"inLanguage\":\"en-US\",\"@id\":\"https:\/\/alladixital.org\/productu\/segundas-foyas-1o-eso\/#primaryimage\",\"url\":\"https:\/\/alladixital.org\/wp-content\/uploads\/2023\/09\/CUBIERTA-1o-ESO.jpg\",\"contentUrl\":\"https:\/\/alladixital.org\/wp-content\/uploads\/2023\/09\/CUBIERTA-1o-ESO.jpg\",\"width\":1651,\"height\":2339},{\"@type\":\"BreadcrumbList\",\"@id\":\"https:\/\/alladixital.org\/productu\/segundas-foyas-1o-eso\/#breadcrumb\",\"itemListElement\":[{\"@type\":\"ListItem\",\"position\":1,\"name\":\"Portada\",\"item\":\"https:\/\/alladixital.org\/\"},{\"@type\":\"ListItem\",\"position\":2,\"name\":\"Shop\",\"item\":\"https:\/\/alladixital.org\/en\/shop\/\"},{\"@type\":\"ListItem\",\"position\":3,\"name\":\"Segundas foyas &#8211; 1\u00ba ESO\"}]},{\"@type\":\"WebSite\",\"@id\":\"https:\/\/alladixital.org\/#website\",\"url\":\"https:\/\/alladixital.org\/\",\"name\":\"Academia de la Llingua Asturiana\",\"description\":\"ALLA\",\"publisher\":{\"@id\":\"https:\/\/alladixital.org\/#organization\"},\"potentialAction\":[{\"@type\":\"SearchAction\",\"target\":{\"@type\":\"EntryPoint\",\"urlTemplate\":\"https:\/\/alladixital.org\/?s={search_term_string}\"},\"query-input\":{\"@type\":\"PropertyValueSpecification\",\"valueRequired\":true,\"valueName\":\"search_term_string\"}}],\"inLanguage\":\"en-US\"},{\"@type\":\"Organization\",\"@id\":\"https:\/\/alladixital.org\/#organization\",\"name\":\"Academia de la Llingua Asturiana\",\"url\":\"https:\/\/alladixital.org\/\",\"logo\":{\"@type\":\"ImageObject\",\"inLanguage\":\"en-US\",\"@id\":\"https:\/\/alladixital.org\/#\/schema\/logo\/image\/\",\"url\":\"https:\/\/alladixital.org\/wp-content\/uploads\/2022\/08\/logo_LLINGUA_280_V3.jpg\",\"contentUrl\":\"https:\/\/alladixital.org\/wp-content\/uploads\/2022\/08\/logo_LLINGUA_280_V3.jpg\",\"width\":1064,\"height\":1096,\"caption\":\"Academia de la Llingua Asturiana\"},\"image\":{\"@id\":\"https:\/\/alladixital.org\/#\/schema\/logo\/image\/\"},\"sameAs\":[\"https:\/\/www.facebook.com\/AcademiadelaLlinguaAsturiana\/\",\"https:\/\/x.com\/ALLA_ast\"]}]}<\/script>\n<!-- \/ Yoast SEO plugin. -->","yoast_head_json":{"title":"Segundas foyas - 1\u00ba ESO - Academia de la Llingua Asturiana","robots":{"index":"index","follow":"follow","max-snippet":"max-snippet:-1","max-image-preview":"max-image-preview:large","max-video-preview":"max-video-preview:-1"},"canonical":"https:\/\/alladixital.org\/productu\/segundas-foyas-1o-eso\/","og_locale":"en_US","og_type":"article","og_title":"Segundas foyas - 1\u00ba ESO - Academia de la Llingua Asturiana","og_description":"Nesta nova colecci\u00f3n, a Secretar\u00eda Lling\u00fc\u00edstica del Navia-Eo estrena \u00faa obra dedicada \u00e1 ense\u00f1anza del eonaviego. Segundas foyas \u00e9 a proposta que Natalia Riego fai dende a s\u00faa esperiencia docente. &hellip; Continue reading \"Segundas foyas &#8211; 1\u00ba ESO\"","og_url":"https:\/\/alladixital.org\/productu\/segundas-foyas-1o-eso\/","og_site_name":"Academia de la Llingua Asturiana","article_publisher":"https:\/\/www.facebook.com\/AcademiadelaLlinguaAsturiana\/","article_modified_time":"2024-02-01T09:07:36+00:00","og_image":[{"width":1651,"height":2339,"url":"https:\/\/alladixital.org\/wp-content\/uploads\/2023\/09\/CUBIERTA-1o-ESO.jpg","type":"image\/jpeg"}],"twitter_card":"summary_large_image","twitter_site":"@ALLA_ast","schema":{"@context":"https:\/\/schema.org","@graph":[{"@type":"WebPage","@id":"https:\/\/alladixital.org\/productu\/segundas-foyas-1o-eso\/","url":"https:\/\/alladixital.org\/productu\/segundas-foyas-1o-eso\/","name":"Segundas foyas - 1\u00ba ESO - Academia de la Llingua Asturiana","isPartOf":{"@id":"https:\/\/alladixital.org\/#website"},"primaryImageOfPage":{"@id":"https:\/\/alladixital.org\/productu\/segundas-foyas-1o-eso\/#primaryimage"},"image":{"@id":"https:\/\/alladixital.org\/productu\/segundas-foyas-1o-eso\/#primaryimage"},"thumbnailUrl":"https:\/\/alladixital.org\/wp-content\/uploads\/2023\/09\/CUBIERTA-1o-ESO.jpg","datePublished":"2023-09-04T07:05:04+00:00","dateModified":"2024-02-01T09:07:36+00:00","breadcrumb":{"@id":"https:\/\/alladixital.org\/productu\/segundas-foyas-1o-eso\/#breadcrumb"},"inLanguage":"en-US","potentialAction":[{"@type":"ReadAction","target":["https:\/\/alladixital.org\/productu\/segundas-foyas-1o-eso\/"]}]},{"@type":"ImageObject","inLanguage":"en-US","@id":"https:\/\/alladixital.org\/productu\/segundas-foyas-1o-eso\/#primaryimage","url":"https:\/\/alladixital.org\/wp-content\/uploads\/2023\/09\/CUBIERTA-1o-ESO.jpg","contentUrl":"https:\/\/alladixital.org\/wp-content\/uploads\/2023\/09\/CUBIERTA-1o-ESO.jpg","width":1651,"height":2339},{"@type":"BreadcrumbList","@id":"https:\/\/alladixital.org\/productu\/segundas-foyas-1o-eso\/#breadcrumb","itemListElement":[{"@type":"ListItem","position":1,"name":"Portada","item":"https:\/\/alladixital.org\/"},{"@type":"ListItem","position":2,"name":"Shop","item":"https:\/\/alladixital.org\/en\/shop\/"},{"@type":"ListItem","position":3,"name":"Segundas foyas &#8211; 1\u00ba ESO"}]},{"@type":"WebSite","@id":"https:\/\/alladixital.org\/#website","url":"https:\/\/alladixital.org\/","name":"Academia de la Llingua Asturiana","description":"ALLA","publisher":{"@id":"https:\/\/alladixital.org\/#organization"},"potentialAction":[{"@type":"SearchAction","target":{"@type":"EntryPoint","urlTemplate":"https:\/\/alladixital.org\/?s={search_term_string}"},"query-input":{"@type":"PropertyValueSpecification","valueRequired":true,"valueName":"search_term_string"}}],"inLanguage":"en-US"},{"@type":"Organization","@id":"https:\/\/alladixital.org\/#organization","name":"Academia de la Llingua Asturiana","url":"https:\/\/alladixital.org\/","logo":{"@type":"ImageObject","inLanguage":"en-US","@id":"https:\/\/alladixital.org\/#\/schema\/logo\/image\/","url":"https:\/\/alladixital.org\/wp-content\/uploads\/2022\/08\/logo_LLINGUA_280_V3.jpg","contentUrl":"https:\/\/alladixital.org\/wp-content\/uploads\/2022\/08\/logo_LLINGUA_280_V3.jpg","width":1064,"height":1096,"caption":"Academia de la Llingua Asturiana"},"image":{"@id":"https:\/\/alladixital.org\/#\/schema\/logo\/image\/"},"sameAs":["https:\/\/www.facebook.com\/AcademiadelaLlinguaAsturiana\/","https:\/\/x.com\/ALLA_ast"]}]}},"brizy_media":[],"_links":{"self":[{"href":"https:\/\/alladixital.org\/en\/wp-json\/wp\/v2\/product\/20710","targetHints":{"allow":["GET"]}}],"collection":[{"href":"https:\/\/alladixital.org\/en\/wp-json\/wp\/v2\/product"}],"about":[{"href":"https:\/\/alladixital.org\/en\/wp-json\/wp\/v2\/types\/product"}],"replies":[{"embeddable":true,"href":"https:\/\/alladixital.org\/en\/wp-json\/wp\/v2\/comments?post=20710"}],"wp:featuredmedia":[{"embeddable":true,"href":"https:\/\/alladixital.org\/en\/wp-json\/wp\/v2\/media\/20711"}],"wp:attachment":[{"href":"https:\/\/alladixital.org\/en\/wp-json\/wp\/v2\/media?parent=20710"}],"wp:term":[{"taxonomy":"product_brand","embeddable":true,"href":"https:\/\/alladixital.org\/en\/wp-json\/wp\/v2\/product_brand?post=20710"},{"taxonomy":"product_cat","embeddable":true,"href":"https:\/\/alladixital.org\/en\/wp-json\/wp\/v2\/product_cat?post=20710"},{"taxonomy":"product_tag","embeddable":true,"href":"https:\/\/alladixital.org\/en\/wp-json\/wp\/v2\/product_tag?post=20710"}],"curies":[{"name":"wp","href":"https:\/\/api.w.org\/{rel}","templated":true}]}}