{"id":22513,"date":"2024-01-31T18:33:26","date_gmt":"2024-01-31T17:33:26","guid":{"rendered":"https:\/\/alladixital.org\/?post_type=product&#038;p=22513"},"modified":"2025-08-27T09:41:14","modified_gmt":"2025-08-27T07:41:14","slug":"toponimia-144-grau-6","status":"publish","type":"product","link":"https:\/\/alladixital.org\/en\/producto\/toponimia-144-grau-6\/","title":{"rendered":"Toponimia 144. Grau 6"},"content":{"rendered":"<p>Gracies a la vuelta del certame d\u2019investigaci\u00f3n de l\u2019Academia de la Llingua Asturiana, publ\u00edcase en 2023 el n\u00famberu 144 de la coleici\u00f3n Toponimia, result\u00e1u del trabayu ganador na modalid\u00e1 de la onom\u00e1stica del terr\u00e9n. Xabiel Fern\u00e1ndez Garc\u00eda recueye nesti volume la toponimia mayor y menor de la parroquia de Pe\u00f1aflor, Grau, con un testu qu\u2019ofrez delles notes hist\u00f3riques afitaes nuna documentaci\u00f3n fonda. Cola de Pe\u00f1aflor y\u00e1 son seis les toponimies moscones asoleyaes nesta coleici\u00f3n.<\/p>\n","protected":false},"excerpt":{"rendered":"<p>Gracies a la vuelta del certame d\u2019investigaci\u00f3n de l\u2019Academia de la Llingua Asturiana, publ\u00edcase en 2023 el n\u00famberu 144 de la coleici\u00f3n Toponimia, result\u00e1u del trabayu ganador na modalid\u00e1 de &hellip; <\/p>\n<p class=\"link-more\"><a href=\"https:\/\/alladixital.org\/en\/producto\/toponimia-144-grau-6\/\" class=\"more-link\">Continue reading<span class=\"screen-reader-text\"> &#8220;Toponimia 144. Grau 6&#8221;<\/span><\/a><\/p>\n","protected":false},"featured_media":22514,"comment_status":"closed","ping_status":"closed","template":"","meta":{"_acf_changed":false},"product_brand":[],"product_cat":[906],"product_tag":[],"class_list":{"0":"post-22513","1":"product","2":"type-product","3":"status-publish","4":"has-post-thumbnail","6":"product_cat-toponimia","7":"pa_anu-1106","8":"pa_autor-xabiel-fernandez-garcia","9":"pa_editorial-alla","10":"pa_idioma-asturianu","12":"first","13":"instock","14":"shipping-taxable","15":"product-type-simple"},"acf":[],"yoast_head":"<!-- This site is optimized with the Yoast SEO plugin v26.7 - https:\/\/yoast.com\/wordpress\/plugins\/seo\/ -->\n<title>Toponimia 144. Grau 6 - Academia de la Llingua Asturiana<\/title>\n<meta name=\"robots\" content=\"index, follow, max-snippet:-1, max-image-preview:large, max-video-preview:-1\" \/>\n<link rel=\"canonical\" href=\"https:\/\/alladixital.org\/productu\/toponimia-144-grau-6\/\" \/>\n<meta property=\"og:locale\" content=\"en_US\" \/>\n<meta property=\"og:type\" content=\"article\" \/>\n<meta property=\"og:title\" content=\"Toponimia 144. Grau 6 - Academia de la Llingua Asturiana\" \/>\n<meta property=\"og:description\" content=\"Gracies a la vuelta del certame d\u2019investigaci\u00f3n de l\u2019Academia de la Llingua Asturiana, publ\u00edcase en 2023 el n\u00famberu 144 de la coleici\u00f3n Toponimia, result\u00e1u del trabayu ganador na modalid\u00e1 de &hellip; Continue reading &quot;Toponimia 144. Grau 6&quot;\" \/>\n<meta property=\"og:url\" content=\"https:\/\/alladixital.org\/productu\/toponimia-144-grau-6\/\" \/>\n<meta property=\"og:site_name\" content=\"Academia de la Llingua Asturiana\" \/>\n<meta property=\"article:publisher\" content=\"https:\/\/www.facebook.com\/AcademiadelaLlinguaAsturiana\/\" \/>\n<meta property=\"article:modified_time\" content=\"2025-08-27T07:41:14+00:00\" \/>\n<meta property=\"og:image\" content=\"https:\/\/alladixital.org\/wp-content\/uploads\/2024\/01\/Toponimia-144-Portada-final_Pagina_1.png\" \/>\n\t<meta property=\"og:image:width\" content=\"1172\" \/>\n\t<meta property=\"og:image:height\" content=\"1701\" \/>\n\t<meta property=\"og:image:type\" content=\"image\/png\" \/>\n<meta name=\"twitter:card\" content=\"summary_large_image\" \/>\n<meta name=\"twitter:site\" content=\"@ALLA_ast\" \/>\n<script type=\"application\/ld+json\" class=\"yoast-schema-graph\">{\"@context\":\"https:\/\/schema.org\",\"@graph\":[{\"@type\":\"WebPage\",\"@id\":\"https:\/\/alladixital.org\/productu\/toponimia-144-grau-6\/\",\"url\":\"https:\/\/alladixital.org\/productu\/toponimia-144-grau-6\/\",\"name\":\"Toponimia 144. Grau 6 - Academia de la Llingua Asturiana\",\"isPartOf\":{\"@id\":\"https:\/\/alladixital.org\/#website\"},\"primaryImageOfPage\":{\"@id\":\"https:\/\/alladixital.org\/productu\/toponimia-144-grau-6\/#primaryimage\"},\"image\":{\"@id\":\"https:\/\/alladixital.org\/productu\/toponimia-144-grau-6\/#primaryimage\"},\"thumbnailUrl\":\"https:\/\/alladixital.org\/wp-content\/uploads\/2024\/01\/Toponimia-144-Portada-final_Pagina_1.png\",\"datePublished\":\"2024-01-31T17:33:26+00:00\",\"dateModified\":\"2025-08-27T07:41:14+00:00\",\"breadcrumb\":{\"@id\":\"https:\/\/alladixital.org\/productu\/toponimia-144-grau-6\/#breadcrumb\"},\"inLanguage\":\"en-US\",\"potentialAction\":[{\"@type\":\"ReadAction\",\"target\":[\"https:\/\/alladixital.org\/productu\/toponimia-144-grau-6\/\"]}]},{\"@type\":\"ImageObject\",\"inLanguage\":\"en-US\",\"@id\":\"https:\/\/alladixital.org\/productu\/toponimia-144-grau-6\/#primaryimage\",\"url\":\"https:\/\/alladixital.org\/wp-content\/uploads\/2024\/01\/Toponimia-144-Portada-final_Pagina_1.png\",\"contentUrl\":\"https:\/\/alladixital.org\/wp-content\/uploads\/2024\/01\/Toponimia-144-Portada-final_Pagina_1.png\",\"width\":1172,\"height\":1701},{\"@type\":\"BreadcrumbList\",\"@id\":\"https:\/\/alladixital.org\/productu\/toponimia-144-grau-6\/#breadcrumb\",\"itemListElement\":[{\"@type\":\"ListItem\",\"position\":1,\"name\":\"Portada\",\"item\":\"https:\/\/alladixital.org\/\"},{\"@type\":\"ListItem\",\"position\":2,\"name\":\"Shop\",\"item\":\"https:\/\/alladixital.org\/en\/shop\/\"},{\"@type\":\"ListItem\",\"position\":3,\"name\":\"Toponimia 144. Grau 6\"}]},{\"@type\":\"WebSite\",\"@id\":\"https:\/\/alladixital.org\/#website\",\"url\":\"https:\/\/alladixital.org\/\",\"name\":\"Academia de la Llingua Asturiana\",\"description\":\"ALLA\",\"publisher\":{\"@id\":\"https:\/\/alladixital.org\/#organization\"},\"potentialAction\":[{\"@type\":\"SearchAction\",\"target\":{\"@type\":\"EntryPoint\",\"urlTemplate\":\"https:\/\/alladixital.org\/?s={search_term_string}\"},\"query-input\":{\"@type\":\"PropertyValueSpecification\",\"valueRequired\":true,\"valueName\":\"search_term_string\"}}],\"inLanguage\":\"en-US\"},{\"@type\":\"Organization\",\"@id\":\"https:\/\/alladixital.org\/#organization\",\"name\":\"Academia de la Llingua Asturiana\",\"url\":\"https:\/\/alladixital.org\/\",\"logo\":{\"@type\":\"ImageObject\",\"inLanguage\":\"en-US\",\"@id\":\"https:\/\/alladixital.org\/#\/schema\/logo\/image\/\",\"url\":\"https:\/\/alladixital.org\/wp-content\/uploads\/2022\/08\/logo_LLINGUA_280_V3.jpg\",\"contentUrl\":\"https:\/\/alladixital.org\/wp-content\/uploads\/2022\/08\/logo_LLINGUA_280_V3.jpg\",\"width\":1064,\"height\":1096,\"caption\":\"Academia de la Llingua Asturiana\"},\"image\":{\"@id\":\"https:\/\/alladixital.org\/#\/schema\/logo\/image\/\"},\"sameAs\":[\"https:\/\/www.facebook.com\/AcademiadelaLlinguaAsturiana\/\",\"https:\/\/x.com\/ALLA_ast\"]}]}<\/script>\n<!-- \/ Yoast SEO plugin. -->","yoast_head_json":{"title":"Toponimia 144. Grau 6 - Academia de la Llingua Asturiana","robots":{"index":"index","follow":"follow","max-snippet":"max-snippet:-1","max-image-preview":"max-image-preview:large","max-video-preview":"max-video-preview:-1"},"canonical":"https:\/\/alladixital.org\/productu\/toponimia-144-grau-6\/","og_locale":"en_US","og_type":"article","og_title":"Toponimia 144. Grau 6 - Academia de la Llingua Asturiana","og_description":"Gracies a la vuelta del certame d\u2019investigaci\u00f3n de l\u2019Academia de la Llingua Asturiana, publ\u00edcase en 2023 el n\u00famberu 144 de la coleici\u00f3n Toponimia, result\u00e1u del trabayu ganador na modalid\u00e1 de &hellip; Continue reading \"Toponimia 144. Grau 6\"","og_url":"https:\/\/alladixital.org\/productu\/toponimia-144-grau-6\/","og_site_name":"Academia de la Llingua Asturiana","article_publisher":"https:\/\/www.facebook.com\/AcademiadelaLlinguaAsturiana\/","article_modified_time":"2025-08-27T07:41:14+00:00","og_image":[{"width":1172,"height":1701,"url":"https:\/\/alladixital.org\/wp-content\/uploads\/2024\/01\/Toponimia-144-Portada-final_Pagina_1.png","type":"image\/png"}],"twitter_card":"summary_large_image","twitter_site":"@ALLA_ast","schema":{"@context":"https:\/\/schema.org","@graph":[{"@type":"WebPage","@id":"https:\/\/alladixital.org\/productu\/toponimia-144-grau-6\/","url":"https:\/\/alladixital.org\/productu\/toponimia-144-grau-6\/","name":"Toponimia 144. Grau 6 - Academia de la Llingua Asturiana","isPartOf":{"@id":"https:\/\/alladixital.org\/#website"},"primaryImageOfPage":{"@id":"https:\/\/alladixital.org\/productu\/toponimia-144-grau-6\/#primaryimage"},"image":{"@id":"https:\/\/alladixital.org\/productu\/toponimia-144-grau-6\/#primaryimage"},"thumbnailUrl":"https:\/\/alladixital.org\/wp-content\/uploads\/2024\/01\/Toponimia-144-Portada-final_Pagina_1.png","datePublished":"2024-01-31T17:33:26+00:00","dateModified":"2025-08-27T07:41:14+00:00","breadcrumb":{"@id":"https:\/\/alladixital.org\/productu\/toponimia-144-grau-6\/#breadcrumb"},"inLanguage":"en-US","potentialAction":[{"@type":"ReadAction","target":["https:\/\/alladixital.org\/productu\/toponimia-144-grau-6\/"]}]},{"@type":"ImageObject","inLanguage":"en-US","@id":"https:\/\/alladixital.org\/productu\/toponimia-144-grau-6\/#primaryimage","url":"https:\/\/alladixital.org\/wp-content\/uploads\/2024\/01\/Toponimia-144-Portada-final_Pagina_1.png","contentUrl":"https:\/\/alladixital.org\/wp-content\/uploads\/2024\/01\/Toponimia-144-Portada-final_Pagina_1.png","width":1172,"height":1701},{"@type":"BreadcrumbList","@id":"https:\/\/alladixital.org\/productu\/toponimia-144-grau-6\/#breadcrumb","itemListElement":[{"@type":"ListItem","position":1,"name":"Portada","item":"https:\/\/alladixital.org\/"},{"@type":"ListItem","position":2,"name":"Shop","item":"https:\/\/alladixital.org\/en\/shop\/"},{"@type":"ListItem","position":3,"name":"Toponimia 144. Grau 6"}]},{"@type":"WebSite","@id":"https:\/\/alladixital.org\/#website","url":"https:\/\/alladixital.org\/","name":"Academia de la Llingua Asturiana","description":"ALLA","publisher":{"@id":"https:\/\/alladixital.org\/#organization"},"potentialAction":[{"@type":"SearchAction","target":{"@type":"EntryPoint","urlTemplate":"https:\/\/alladixital.org\/?s={search_term_string}"},"query-input":{"@type":"PropertyValueSpecification","valueRequired":true,"valueName":"search_term_string"}}],"inLanguage":"en-US"},{"@type":"Organization","@id":"https:\/\/alladixital.org\/#organization","name":"Academia de la Llingua Asturiana","url":"https:\/\/alladixital.org\/","logo":{"@type":"ImageObject","inLanguage":"en-US","@id":"https:\/\/alladixital.org\/#\/schema\/logo\/image\/","url":"https:\/\/alladixital.org\/wp-content\/uploads\/2022\/08\/logo_LLINGUA_280_V3.jpg","contentUrl":"https:\/\/alladixital.org\/wp-content\/uploads\/2022\/08\/logo_LLINGUA_280_V3.jpg","width":1064,"height":1096,"caption":"Academia de la Llingua Asturiana"},"image":{"@id":"https:\/\/alladixital.org\/#\/schema\/logo\/image\/"},"sameAs":["https:\/\/www.facebook.com\/AcademiadelaLlinguaAsturiana\/","https:\/\/x.com\/ALLA_ast"]}]}},"brizy_media":[],"_links":{"self":[{"href":"https:\/\/alladixital.org\/en\/wp-json\/wp\/v2\/product\/22513","targetHints":{"allow":["GET"]}}],"collection":[{"href":"https:\/\/alladixital.org\/en\/wp-json\/wp\/v2\/product"}],"about":[{"href":"https:\/\/alladixital.org\/en\/wp-json\/wp\/v2\/types\/product"}],"replies":[{"embeddable":true,"href":"https:\/\/alladixital.org\/en\/wp-json\/wp\/v2\/comments?post=22513"}],"wp:featuredmedia":[{"embeddable":true,"href":"https:\/\/alladixital.org\/en\/wp-json\/wp\/v2\/media\/22514"}],"wp:attachment":[{"href":"https:\/\/alladixital.org\/en\/wp-json\/wp\/v2\/media?parent=22513"}],"wp:term":[{"taxonomy":"product_brand","embeddable":true,"href":"https:\/\/alladixital.org\/en\/wp-json\/wp\/v2\/product_brand?post=22513"},{"taxonomy":"product_cat","embeddable":true,"href":"https:\/\/alladixital.org\/en\/wp-json\/wp\/v2\/product_cat?post=22513"},{"taxonomy":"product_tag","embeddable":true,"href":"https:\/\/alladixital.org\/en\/wp-json\/wp\/v2\/product_tag?post=22513"}],"curies":[{"name":"wp","href":"https:\/\/api.w.org\/{rel}","templated":true}]}}