{"id":25884,"date":"2024-08-23T09:50:57","date_gmt":"2024-08-23T07:50:57","guid":{"rendered":"https:\/\/alladixital.org\/?post_type=product&#038;p=25884"},"modified":"2024-08-23T09:50:58","modified_gmt":"2024-08-23T07:50:58","slug":"llambisques","status":"publish","type":"product","link":"https:\/\/alladixital.org\/en\/producto\/llambisques\/","title":{"rendered":"Llambisques"},"content":{"rendered":"<p>A maestra y escritora Aurora Berm\u00fadez volve \u00e1 poes\u00eda infantil con este volume, que fai el n\u00famaro 21 d\u2019Os llibros d\u2019Entrambasauguas. <em>Llambisques<\/em> \u00e9 \u00faa colecci\u00f3n de textos que, seguindo el calendario, de setembre a agosto, aporta \u00faa perspectiva vitalista unde a observaci\u00f3n da naturaleza, el xogo y as festas son dalg\u00faas das constantes.<\/p>\n<p>El llibro, escrito cua naturalid\u00e1 lling\u00fc\u00edstica, a espresivid\u00e1 y a musicalid\u00e1 propias d\u2019\u00faa autora xa esperimentada na lliteratura infantil y nel cultivo da poes\u00eda, tam\u00e9n cunta cua impronta pedag\u00f3xica que caracteriza a Aurora Berm\u00fadez Nava, \u00faa das precursoras na ense\u00f1anza del eonaviego.<\/p>\n","protected":false},"excerpt":{"rendered":"<p>A maestra y escritora Aurora Berm\u00fadez volve \u00e1 poes\u00eda infantil con este volume, que fai el n\u00famaro 21 d\u2019Os llibros d\u2019Entrambasauguas. Llambisques \u00e9 \u00faa colecci\u00f3n de textos que, seguindo el &hellip; <\/p>\n<p class=\"link-more\"><a href=\"https:\/\/alladixital.org\/en\/producto\/llambisques\/\" class=\"more-link\">Continue reading<span class=\"screen-reader-text\"> &#8220;Llambisques&#8221;<\/span><\/a><\/p>\n","protected":false},"featured_media":25885,"comment_status":"closed","ping_status":"closed","template":"","meta":{"_acf_changed":false},"product_brand":[],"product_cat":[859],"product_tag":[],"class_list":{"0":"post-25884","1":"product","2":"type-product","3":"status-publish","4":"has-post-thumbnail","6":"product_cat-llibros-dentrambasauguas","7":"pa_anu-1147","8":"pa_autor-aurora-bermudez-nava","9":"pa_editorial-alla","10":"pa_idioma-eonaviegu","12":"first","13":"instock","14":"shipping-taxable","15":"product-type-simple"},"acf":[],"yoast_head":"<!-- This site is optimized with the Yoast SEO plugin v26.7 - https:\/\/yoast.com\/wordpress\/plugins\/seo\/ -->\n<title>Llambisques - Academia de la Llingua Asturiana<\/title>\n<meta name=\"robots\" content=\"index, follow, max-snippet:-1, max-image-preview:large, max-video-preview:-1\" \/>\n<link rel=\"canonical\" href=\"https:\/\/alladixital.org\/productu\/llambisques\/\" \/>\n<meta property=\"og:locale\" content=\"en_US\" \/>\n<meta property=\"og:type\" content=\"article\" \/>\n<meta property=\"og:title\" content=\"Llambisques - Academia de la Llingua Asturiana\" \/>\n<meta property=\"og:description\" content=\"A maestra y escritora Aurora Berm\u00fadez volve \u00e1 poes\u00eda infantil con este volume, que fai el n\u00famaro 21 d\u2019Os llibros d\u2019Entrambasauguas. Llambisques \u00e9 \u00faa colecci\u00f3n de textos que, seguindo el &hellip; Continue reading &quot;Llambisques&quot;\" \/>\n<meta property=\"og:url\" content=\"https:\/\/alladixital.org\/productu\/llambisques\/\" \/>\n<meta property=\"og:site_name\" content=\"Academia de la Llingua Asturiana\" \/>\n<meta property=\"article:publisher\" content=\"https:\/\/www.facebook.com\/AcademiadelaLlinguaAsturiana\/\" \/>\n<meta property=\"article:modified_time\" content=\"2024-08-23T07:50:58+00:00\" \/>\n<meta property=\"og:image\" content=\"https:\/\/alladixital.org\/wp-content\/uploads\/2024\/08\/Llambisques.jpg\" \/>\n\t<meta property=\"og:image:width\" content=\"627\" \/>\n\t<meta property=\"og:image:height\" content=\"891\" \/>\n\t<meta property=\"og:image:type\" content=\"image\/jpeg\" \/>\n<meta name=\"twitter:card\" content=\"summary_large_image\" \/>\n<meta name=\"twitter:site\" content=\"@ALLA_ast\" \/>\n<script type=\"application\/ld+json\" class=\"yoast-schema-graph\">{\"@context\":\"https:\/\/schema.org\",\"@graph\":[{\"@type\":\"WebPage\",\"@id\":\"https:\/\/alladixital.org\/productu\/llambisques\/\",\"url\":\"https:\/\/alladixital.org\/productu\/llambisques\/\",\"name\":\"Llambisques - Academia de la Llingua Asturiana\",\"isPartOf\":{\"@id\":\"https:\/\/alladixital.org\/#website\"},\"primaryImageOfPage\":{\"@id\":\"https:\/\/alladixital.org\/productu\/llambisques\/#primaryimage\"},\"image\":{\"@id\":\"https:\/\/alladixital.org\/productu\/llambisques\/#primaryimage\"},\"thumbnailUrl\":\"https:\/\/alladixital.org\/wp-content\/uploads\/2024\/08\/Llambisques.jpg\",\"datePublished\":\"2024-08-23T07:50:57+00:00\",\"dateModified\":\"2024-08-23T07:50:58+00:00\",\"breadcrumb\":{\"@id\":\"https:\/\/alladixital.org\/productu\/llambisques\/#breadcrumb\"},\"inLanguage\":\"en-US\",\"potentialAction\":[{\"@type\":\"ReadAction\",\"target\":[\"https:\/\/alladixital.org\/productu\/llambisques\/\"]}]},{\"@type\":\"ImageObject\",\"inLanguage\":\"en-US\",\"@id\":\"https:\/\/alladixital.org\/productu\/llambisques\/#primaryimage\",\"url\":\"https:\/\/alladixital.org\/wp-content\/uploads\/2024\/08\/Llambisques.jpg\",\"contentUrl\":\"https:\/\/alladixital.org\/wp-content\/uploads\/2024\/08\/Llambisques.jpg\",\"width\":627,\"height\":891},{\"@type\":\"BreadcrumbList\",\"@id\":\"https:\/\/alladixital.org\/productu\/llambisques\/#breadcrumb\",\"itemListElement\":[{\"@type\":\"ListItem\",\"position\":1,\"name\":\"Portada\",\"item\":\"https:\/\/alladixital.org\/\"},{\"@type\":\"ListItem\",\"position\":2,\"name\":\"Shop\",\"item\":\"https:\/\/alladixital.org\/en\/shop\/\"},{\"@type\":\"ListItem\",\"position\":3,\"name\":\"Llambisques\"}]},{\"@type\":\"WebSite\",\"@id\":\"https:\/\/alladixital.org\/#website\",\"url\":\"https:\/\/alladixital.org\/\",\"name\":\"Academia de la Llingua Asturiana\",\"description\":\"ALLA\",\"publisher\":{\"@id\":\"https:\/\/alladixital.org\/#organization\"},\"potentialAction\":[{\"@type\":\"SearchAction\",\"target\":{\"@type\":\"EntryPoint\",\"urlTemplate\":\"https:\/\/alladixital.org\/?s={search_term_string}\"},\"query-input\":{\"@type\":\"PropertyValueSpecification\",\"valueRequired\":true,\"valueName\":\"search_term_string\"}}],\"inLanguage\":\"en-US\"},{\"@type\":\"Organization\",\"@id\":\"https:\/\/alladixital.org\/#organization\",\"name\":\"Academia de la Llingua Asturiana\",\"url\":\"https:\/\/alladixital.org\/\",\"logo\":{\"@type\":\"ImageObject\",\"inLanguage\":\"en-US\",\"@id\":\"https:\/\/alladixital.org\/#\/schema\/logo\/image\/\",\"url\":\"https:\/\/alladixital.org\/wp-content\/uploads\/2022\/08\/logo_LLINGUA_280_V3.jpg\",\"contentUrl\":\"https:\/\/alladixital.org\/wp-content\/uploads\/2022\/08\/logo_LLINGUA_280_V3.jpg\",\"width\":1064,\"height\":1096,\"caption\":\"Academia de la Llingua Asturiana\"},\"image\":{\"@id\":\"https:\/\/alladixital.org\/#\/schema\/logo\/image\/\"},\"sameAs\":[\"https:\/\/www.facebook.com\/AcademiadelaLlinguaAsturiana\/\",\"https:\/\/x.com\/ALLA_ast\"]}]}<\/script>\n<!-- \/ Yoast SEO plugin. -->","yoast_head_json":{"title":"Llambisques - Academia de la Llingua Asturiana","robots":{"index":"index","follow":"follow","max-snippet":"max-snippet:-1","max-image-preview":"max-image-preview:large","max-video-preview":"max-video-preview:-1"},"canonical":"https:\/\/alladixital.org\/productu\/llambisques\/","og_locale":"en_US","og_type":"article","og_title":"Llambisques - Academia de la Llingua Asturiana","og_description":"A maestra y escritora Aurora Berm\u00fadez volve \u00e1 poes\u00eda infantil con este volume, que fai el n\u00famaro 21 d\u2019Os llibros d\u2019Entrambasauguas. Llambisques \u00e9 \u00faa colecci\u00f3n de textos que, seguindo el &hellip; Continue reading \"Llambisques\"","og_url":"https:\/\/alladixital.org\/productu\/llambisques\/","og_site_name":"Academia de la Llingua Asturiana","article_publisher":"https:\/\/www.facebook.com\/AcademiadelaLlinguaAsturiana\/","article_modified_time":"2024-08-23T07:50:58+00:00","og_image":[{"width":627,"height":891,"url":"https:\/\/alladixital.org\/wp-content\/uploads\/2024\/08\/Llambisques.jpg","type":"image\/jpeg"}],"twitter_card":"summary_large_image","twitter_site":"@ALLA_ast","schema":{"@context":"https:\/\/schema.org","@graph":[{"@type":"WebPage","@id":"https:\/\/alladixital.org\/productu\/llambisques\/","url":"https:\/\/alladixital.org\/productu\/llambisques\/","name":"Llambisques - Academia de la Llingua Asturiana","isPartOf":{"@id":"https:\/\/alladixital.org\/#website"},"primaryImageOfPage":{"@id":"https:\/\/alladixital.org\/productu\/llambisques\/#primaryimage"},"image":{"@id":"https:\/\/alladixital.org\/productu\/llambisques\/#primaryimage"},"thumbnailUrl":"https:\/\/alladixital.org\/wp-content\/uploads\/2024\/08\/Llambisques.jpg","datePublished":"2024-08-23T07:50:57+00:00","dateModified":"2024-08-23T07:50:58+00:00","breadcrumb":{"@id":"https:\/\/alladixital.org\/productu\/llambisques\/#breadcrumb"},"inLanguage":"en-US","potentialAction":[{"@type":"ReadAction","target":["https:\/\/alladixital.org\/productu\/llambisques\/"]}]},{"@type":"ImageObject","inLanguage":"en-US","@id":"https:\/\/alladixital.org\/productu\/llambisques\/#primaryimage","url":"https:\/\/alladixital.org\/wp-content\/uploads\/2024\/08\/Llambisques.jpg","contentUrl":"https:\/\/alladixital.org\/wp-content\/uploads\/2024\/08\/Llambisques.jpg","width":627,"height":891},{"@type":"BreadcrumbList","@id":"https:\/\/alladixital.org\/productu\/llambisques\/#breadcrumb","itemListElement":[{"@type":"ListItem","position":1,"name":"Portada","item":"https:\/\/alladixital.org\/"},{"@type":"ListItem","position":2,"name":"Shop","item":"https:\/\/alladixital.org\/en\/shop\/"},{"@type":"ListItem","position":3,"name":"Llambisques"}]},{"@type":"WebSite","@id":"https:\/\/alladixital.org\/#website","url":"https:\/\/alladixital.org\/","name":"Academia de la Llingua Asturiana","description":"ALLA","publisher":{"@id":"https:\/\/alladixital.org\/#organization"},"potentialAction":[{"@type":"SearchAction","target":{"@type":"EntryPoint","urlTemplate":"https:\/\/alladixital.org\/?s={search_term_string}"},"query-input":{"@type":"PropertyValueSpecification","valueRequired":true,"valueName":"search_term_string"}}],"inLanguage":"en-US"},{"@type":"Organization","@id":"https:\/\/alladixital.org\/#organization","name":"Academia de la Llingua Asturiana","url":"https:\/\/alladixital.org\/","logo":{"@type":"ImageObject","inLanguage":"en-US","@id":"https:\/\/alladixital.org\/#\/schema\/logo\/image\/","url":"https:\/\/alladixital.org\/wp-content\/uploads\/2022\/08\/logo_LLINGUA_280_V3.jpg","contentUrl":"https:\/\/alladixital.org\/wp-content\/uploads\/2022\/08\/logo_LLINGUA_280_V3.jpg","width":1064,"height":1096,"caption":"Academia de la Llingua Asturiana"},"image":{"@id":"https:\/\/alladixital.org\/#\/schema\/logo\/image\/"},"sameAs":["https:\/\/www.facebook.com\/AcademiadelaLlinguaAsturiana\/","https:\/\/x.com\/ALLA_ast"]}]}},"brizy_media":[],"_links":{"self":[{"href":"https:\/\/alladixital.org\/en\/wp-json\/wp\/v2\/product\/25884","targetHints":{"allow":["GET"]}}],"collection":[{"href":"https:\/\/alladixital.org\/en\/wp-json\/wp\/v2\/product"}],"about":[{"href":"https:\/\/alladixital.org\/en\/wp-json\/wp\/v2\/types\/product"}],"replies":[{"embeddable":true,"href":"https:\/\/alladixital.org\/en\/wp-json\/wp\/v2\/comments?post=25884"}],"wp:featuredmedia":[{"embeddable":true,"href":"https:\/\/alladixital.org\/en\/wp-json\/wp\/v2\/media\/25885"}],"wp:attachment":[{"href":"https:\/\/alladixital.org\/en\/wp-json\/wp\/v2\/media?parent=25884"}],"wp:term":[{"taxonomy":"product_brand","embeddable":true,"href":"https:\/\/alladixital.org\/en\/wp-json\/wp\/v2\/product_brand?post=25884"},{"taxonomy":"product_cat","embeddable":true,"href":"https:\/\/alladixital.org\/en\/wp-json\/wp\/v2\/product_cat?post=25884"},{"taxonomy":"product_tag","embeddable":true,"href":"https:\/\/alladixital.org\/en\/wp-json\/wp\/v2\/product_tag?post=25884"}],"curies":[{"name":"wp","href":"https:\/\/api.w.org\/{rel}","templated":true}]}}