{"id":25891,"date":"2024-08-23T10:17:59","date_gmt":"2024-08-23T08:17:59","guid":{"rendered":"https:\/\/alladixital.org\/?post_type=product&#038;p=25891"},"modified":"2024-08-23T10:21:34","modified_gmt":"2024-08-23T08:21:34","slug":"tapin-de-picupau-2","status":"publish","type":"product","link":"https:\/\/alladixital.org\/en\/producto\/tapin-de-picupau-2\/","title":{"rendered":"Tap\u00edn de Picup\u00e1u, 2\u00aa ed."},"content":{"rendered":"<p>Xol\u00edn el Pataricu tien una vida feliz y tranquila nel so para\u00edsu, la parte cimera d\u2019un monte poco conoc\u00edu, El Tap\u00edn de Picup\u00e1u. Un d\u00eda cualquiera, de s\u00f3pitu, apaez una empresa d\u2019enerx\u00eda e\u00f3lico que se fai col terr\u00e9n pa espetar unos molinos. Dende esi momentu, Xol\u00edn y la so peculiar reciella d\u2019animales van vivir una aventura ensin precedente.<\/p>\n<p>Reed\u00edtase Tap\u00edn de Picup\u00e1u, llibru escos\u00e1u na so primer edici\u00f3n y llectura com\u00fan imprescindible pa la xente mozo (y non tan mozo) que s\u2019avera a la llectura n\u2019asturianu. Pablo Rodr\u00edguez Medina narra de manera esquisita y bayurosa les aventures de Xol\u00edn el Pataricu y del so llar, el Tap\u00edn de Picup\u00e1u.<\/p>\n","protected":false},"excerpt":{"rendered":"<p>Xol\u00edn el Pataricu tien una vida feliz y tranquila nel so para\u00edsu, la parte cimera d\u2019un monte poco conoc\u00edu, El Tap\u00edn de Picup\u00e1u. Un d\u00eda cualquiera, de s\u00f3pitu, apaez una &hellip; <\/p>\n<p class=\"link-more\"><a href=\"https:\/\/alladixital.org\/en\/producto\/tapin-de-picupau-2\/\" class=\"more-link\">Continue reading<span class=\"screen-reader-text\"> &#8220;Tap\u00edn de Picup\u00e1u, 2\u00aa ed.&#8221;<\/span><\/a><\/p>\n","protected":false},"featured_media":25892,"comment_status":"closed","ping_status":"closed","template":"","meta":{"_acf_changed":false},"product_brand":[],"product_cat":[605],"product_tag":[],"class_list":{"0":"post-25891","1":"product","2":"type-product","3":"status-publish","4":"has-post-thumbnail","6":"product_cat-escolin","7":"pa_anu-1147","8":"pa_autor-pablo-rodriguez-medina","9":"pa_editorial-alla","10":"pa_idioma-asturianu","12":"first","13":"instock","14":"shipping-taxable","15":"product-type-simple"},"acf":[],"yoast_head":"<!-- This site is optimized with the Yoast SEO plugin v26.7 - https:\/\/yoast.com\/wordpress\/plugins\/seo\/ -->\n<title>Tap\u00edn de Picup\u00e1u, 2\u00aa ed. - Academia de la Llingua Asturiana<\/title>\n<meta name=\"robots\" content=\"index, follow, max-snippet:-1, max-image-preview:large, max-video-preview:-1\" \/>\n<link rel=\"canonical\" href=\"https:\/\/alladixital.org\/productu\/tapin-de-picupau-2\/\" \/>\n<meta property=\"og:locale\" content=\"en_US\" \/>\n<meta property=\"og:type\" content=\"article\" \/>\n<meta property=\"og:title\" content=\"Tap\u00edn de Picup\u00e1u, 2\u00aa ed. - Academia de la Llingua Asturiana\" \/>\n<meta property=\"og:description\" content=\"Xol\u00edn el Pataricu tien una vida feliz y tranquila nel so para\u00edsu, la parte cimera d\u2019un monte poco conoc\u00edu, El Tap\u00edn de Picup\u00e1u. Un d\u00eda cualquiera, de s\u00f3pitu, apaez una &hellip; Continue reading &quot;Tap\u00edn de Picup\u00e1u, 2\u00aa ed.&quot;\" \/>\n<meta property=\"og:url\" content=\"https:\/\/alladixital.org\/productu\/tapin-de-picupau-2\/\" \/>\n<meta property=\"og:site_name\" content=\"Academia de la Llingua Asturiana\" \/>\n<meta property=\"article:publisher\" content=\"https:\/\/www.facebook.com\/AcademiadelaLlinguaAsturiana\/\" \/>\n<meta property=\"article:modified_time\" content=\"2024-08-23T08:21:34+00:00\" \/>\n<meta property=\"og:image\" content=\"https:\/\/alladixital.org\/wp-content\/uploads\/2024\/08\/Portada-Tapin-de-Picupau.png\" \/>\n\t<meta property=\"og:image:width\" content=\"289\" \/>\n\t<meta property=\"og:image:height\" content=\"414\" \/>\n\t<meta property=\"og:image:type\" content=\"image\/png\" \/>\n<meta name=\"twitter:card\" content=\"summary_large_image\" \/>\n<meta name=\"twitter:site\" content=\"@ALLA_ast\" \/>\n<script type=\"application\/ld+json\" class=\"yoast-schema-graph\">{\"@context\":\"https:\/\/schema.org\",\"@graph\":[{\"@type\":\"WebPage\",\"@id\":\"https:\/\/alladixital.org\/productu\/tapin-de-picupau-2\/\",\"url\":\"https:\/\/alladixital.org\/productu\/tapin-de-picupau-2\/\",\"name\":\"Tap\u00edn de Picup\u00e1u, 2\u00aa ed. - Academia de la Llingua Asturiana\",\"isPartOf\":{\"@id\":\"https:\/\/alladixital.org\/#website\"},\"primaryImageOfPage\":{\"@id\":\"https:\/\/alladixital.org\/productu\/tapin-de-picupau-2\/#primaryimage\"},\"image\":{\"@id\":\"https:\/\/alladixital.org\/productu\/tapin-de-picupau-2\/#primaryimage\"},\"thumbnailUrl\":\"https:\/\/alladixital.org\/wp-content\/uploads\/2024\/08\/Portada-Tapin-de-Picupau.png\",\"datePublished\":\"2024-08-23T08:17:59+00:00\",\"dateModified\":\"2024-08-23T08:21:34+00:00\",\"breadcrumb\":{\"@id\":\"https:\/\/alladixital.org\/productu\/tapin-de-picupau-2\/#breadcrumb\"},\"inLanguage\":\"en-US\",\"potentialAction\":[{\"@type\":\"ReadAction\",\"target\":[\"https:\/\/alladixital.org\/productu\/tapin-de-picupau-2\/\"]}]},{\"@type\":\"ImageObject\",\"inLanguage\":\"en-US\",\"@id\":\"https:\/\/alladixital.org\/productu\/tapin-de-picupau-2\/#primaryimage\",\"url\":\"https:\/\/alladixital.org\/wp-content\/uploads\/2024\/08\/Portada-Tapin-de-Picupau.png\",\"contentUrl\":\"https:\/\/alladixital.org\/wp-content\/uploads\/2024\/08\/Portada-Tapin-de-Picupau.png\",\"width\":289,\"height\":414},{\"@type\":\"BreadcrumbList\",\"@id\":\"https:\/\/alladixital.org\/productu\/tapin-de-picupau-2\/#breadcrumb\",\"itemListElement\":[{\"@type\":\"ListItem\",\"position\":1,\"name\":\"Portada\",\"item\":\"https:\/\/alladixital.org\/\"},{\"@type\":\"ListItem\",\"position\":2,\"name\":\"Shop\",\"item\":\"https:\/\/alladixital.org\/en\/shop\/\"},{\"@type\":\"ListItem\",\"position\":3,\"name\":\"Tap\u00edn de Picup\u00e1u, 2\u00aa ed.\"}]},{\"@type\":\"WebSite\",\"@id\":\"https:\/\/alladixital.org\/#website\",\"url\":\"https:\/\/alladixital.org\/\",\"name\":\"Academia de la Llingua Asturiana\",\"description\":\"ALLA\",\"publisher\":{\"@id\":\"https:\/\/alladixital.org\/#organization\"},\"potentialAction\":[{\"@type\":\"SearchAction\",\"target\":{\"@type\":\"EntryPoint\",\"urlTemplate\":\"https:\/\/alladixital.org\/?s={search_term_string}\"},\"query-input\":{\"@type\":\"PropertyValueSpecification\",\"valueRequired\":true,\"valueName\":\"search_term_string\"}}],\"inLanguage\":\"en-US\"},{\"@type\":\"Organization\",\"@id\":\"https:\/\/alladixital.org\/#organization\",\"name\":\"Academia de la Llingua Asturiana\",\"url\":\"https:\/\/alladixital.org\/\",\"logo\":{\"@type\":\"ImageObject\",\"inLanguage\":\"en-US\",\"@id\":\"https:\/\/alladixital.org\/#\/schema\/logo\/image\/\",\"url\":\"https:\/\/alladixital.org\/wp-content\/uploads\/2022\/08\/logo_LLINGUA_280_V3.jpg\",\"contentUrl\":\"https:\/\/alladixital.org\/wp-content\/uploads\/2022\/08\/logo_LLINGUA_280_V3.jpg\",\"width\":1064,\"height\":1096,\"caption\":\"Academia de la Llingua Asturiana\"},\"image\":{\"@id\":\"https:\/\/alladixital.org\/#\/schema\/logo\/image\/\"},\"sameAs\":[\"https:\/\/www.facebook.com\/AcademiadelaLlinguaAsturiana\/\",\"https:\/\/x.com\/ALLA_ast\"]}]}<\/script>\n<!-- \/ Yoast SEO plugin. -->","yoast_head_json":{"title":"Tap\u00edn de Picup\u00e1u, 2\u00aa ed. - Academia de la Llingua Asturiana","robots":{"index":"index","follow":"follow","max-snippet":"max-snippet:-1","max-image-preview":"max-image-preview:large","max-video-preview":"max-video-preview:-1"},"canonical":"https:\/\/alladixital.org\/productu\/tapin-de-picupau-2\/","og_locale":"en_US","og_type":"article","og_title":"Tap\u00edn de Picup\u00e1u, 2\u00aa ed. - Academia de la Llingua Asturiana","og_description":"Xol\u00edn el Pataricu tien una vida feliz y tranquila nel so para\u00edsu, la parte cimera d\u2019un monte poco conoc\u00edu, El Tap\u00edn de Picup\u00e1u. Un d\u00eda cualquiera, de s\u00f3pitu, apaez una &hellip; Continue reading \"Tap\u00edn de Picup\u00e1u, 2\u00aa ed.\"","og_url":"https:\/\/alladixital.org\/productu\/tapin-de-picupau-2\/","og_site_name":"Academia de la Llingua Asturiana","article_publisher":"https:\/\/www.facebook.com\/AcademiadelaLlinguaAsturiana\/","article_modified_time":"2024-08-23T08:21:34+00:00","og_image":[{"width":289,"height":414,"url":"https:\/\/alladixital.org\/wp-content\/uploads\/2024\/08\/Portada-Tapin-de-Picupau.png","type":"image\/png"}],"twitter_card":"summary_large_image","twitter_site":"@ALLA_ast","schema":{"@context":"https:\/\/schema.org","@graph":[{"@type":"WebPage","@id":"https:\/\/alladixital.org\/productu\/tapin-de-picupau-2\/","url":"https:\/\/alladixital.org\/productu\/tapin-de-picupau-2\/","name":"Tap\u00edn de Picup\u00e1u, 2\u00aa ed. - Academia de la Llingua Asturiana","isPartOf":{"@id":"https:\/\/alladixital.org\/#website"},"primaryImageOfPage":{"@id":"https:\/\/alladixital.org\/productu\/tapin-de-picupau-2\/#primaryimage"},"image":{"@id":"https:\/\/alladixital.org\/productu\/tapin-de-picupau-2\/#primaryimage"},"thumbnailUrl":"https:\/\/alladixital.org\/wp-content\/uploads\/2024\/08\/Portada-Tapin-de-Picupau.png","datePublished":"2024-08-23T08:17:59+00:00","dateModified":"2024-08-23T08:21:34+00:00","breadcrumb":{"@id":"https:\/\/alladixital.org\/productu\/tapin-de-picupau-2\/#breadcrumb"},"inLanguage":"en-US","potentialAction":[{"@type":"ReadAction","target":["https:\/\/alladixital.org\/productu\/tapin-de-picupau-2\/"]}]},{"@type":"ImageObject","inLanguage":"en-US","@id":"https:\/\/alladixital.org\/productu\/tapin-de-picupau-2\/#primaryimage","url":"https:\/\/alladixital.org\/wp-content\/uploads\/2024\/08\/Portada-Tapin-de-Picupau.png","contentUrl":"https:\/\/alladixital.org\/wp-content\/uploads\/2024\/08\/Portada-Tapin-de-Picupau.png","width":289,"height":414},{"@type":"BreadcrumbList","@id":"https:\/\/alladixital.org\/productu\/tapin-de-picupau-2\/#breadcrumb","itemListElement":[{"@type":"ListItem","position":1,"name":"Portada","item":"https:\/\/alladixital.org\/"},{"@type":"ListItem","position":2,"name":"Shop","item":"https:\/\/alladixital.org\/en\/shop\/"},{"@type":"ListItem","position":3,"name":"Tap\u00edn de Picup\u00e1u, 2\u00aa ed."}]},{"@type":"WebSite","@id":"https:\/\/alladixital.org\/#website","url":"https:\/\/alladixital.org\/","name":"Academia de la Llingua Asturiana","description":"ALLA","publisher":{"@id":"https:\/\/alladixital.org\/#organization"},"potentialAction":[{"@type":"SearchAction","target":{"@type":"EntryPoint","urlTemplate":"https:\/\/alladixital.org\/?s={search_term_string}"},"query-input":{"@type":"PropertyValueSpecification","valueRequired":true,"valueName":"search_term_string"}}],"inLanguage":"en-US"},{"@type":"Organization","@id":"https:\/\/alladixital.org\/#organization","name":"Academia de la Llingua Asturiana","url":"https:\/\/alladixital.org\/","logo":{"@type":"ImageObject","inLanguage":"en-US","@id":"https:\/\/alladixital.org\/#\/schema\/logo\/image\/","url":"https:\/\/alladixital.org\/wp-content\/uploads\/2022\/08\/logo_LLINGUA_280_V3.jpg","contentUrl":"https:\/\/alladixital.org\/wp-content\/uploads\/2022\/08\/logo_LLINGUA_280_V3.jpg","width":1064,"height":1096,"caption":"Academia de la Llingua Asturiana"},"image":{"@id":"https:\/\/alladixital.org\/#\/schema\/logo\/image\/"},"sameAs":["https:\/\/www.facebook.com\/AcademiadelaLlinguaAsturiana\/","https:\/\/x.com\/ALLA_ast"]}]}},"brizy_media":[],"_links":{"self":[{"href":"https:\/\/alladixital.org\/en\/wp-json\/wp\/v2\/product\/25891","targetHints":{"allow":["GET"]}}],"collection":[{"href":"https:\/\/alladixital.org\/en\/wp-json\/wp\/v2\/product"}],"about":[{"href":"https:\/\/alladixital.org\/en\/wp-json\/wp\/v2\/types\/product"}],"replies":[{"embeddable":true,"href":"https:\/\/alladixital.org\/en\/wp-json\/wp\/v2\/comments?post=25891"}],"wp:featuredmedia":[{"embeddable":true,"href":"https:\/\/alladixital.org\/en\/wp-json\/wp\/v2\/media\/25892"}],"wp:attachment":[{"href":"https:\/\/alladixital.org\/en\/wp-json\/wp\/v2\/media?parent=25891"}],"wp:term":[{"taxonomy":"product_brand","embeddable":true,"href":"https:\/\/alladixital.org\/en\/wp-json\/wp\/v2\/product_brand?post=25891"},{"taxonomy":"product_cat","embeddable":true,"href":"https:\/\/alladixital.org\/en\/wp-json\/wp\/v2\/product_cat?post=25891"},{"taxonomy":"product_tag","embeddable":true,"href":"https:\/\/alladixital.org\/en\/wp-json\/wp\/v2\/product_tag?post=25891"}],"curies":[{"name":"wp","href":"https:\/\/api.w.org\/{rel}","templated":true}]}}