{"id":28366,"date":"2024-12-05T14:12:06","date_gmt":"2024-12-05T13:12:06","guid":{"rendered":"https:\/\/alladixital.org\/producto\/la-casa-de-les-venti-ventanes\/"},"modified":"2025-10-03T13:15:15","modified_gmt":"2025-10-03T11:15:15","slug":"la-casa-de-les-venti-ventanes","status":"publish","type":"product","link":"https:\/\/alladixital.org\/en\/producto\/la-casa-de-les-venti-ventanes\/","title":{"rendered":"La casa de les venti ventanes"},"content":{"rendered":"<p><span style=\"font-size: 1rem;\">La casa les venti ventanes ye un poemariu al que-y vieno la inspiraci\u00f3n d\u2019un edificiu que nortia al oriente en pasando\u2019l viaductu Caba\u00f1\u00f3n, cam\u00edn de Villaviciosa. El llibru tuvo tiempu d\u2019asitiase enantes y dempu\u00e9s de la pandemia. Arrecoy\u00f3 dalgunos materiales antiguos que remocicaron al integrase equ\u00ed. Nun soi aficion\u00e1u a escribir lo que y\u00e1 otros y otres escribieren, conque l\u2019asturianu, y m\u00e1s en poemes, qu\u00edtame d\u2019esi peligru.<\/span><\/p>\n<p>Nel sieglu XXI, queramos o non, acoyemos delles influyencies mundiales. Una vieya sabidur\u00eda china diz que nel actu po\u00e9ticu hai tres artes: una imaxe visual como caligraf\u00eda, una m\u00fasica nel recit\u00e1u y un pensamientu est\u00e9ticu de llinguaxe. Paezme que La casa les venti ventanes tien dalgo d\u2019eso. Lo mesmo que de la poes\u00eda simb\u00f3lica y moderna al empar. Otru asuntu ye l\u2019autor\u00eda del poemariu: la m\u00eda y la de Texuca, que yera \u00f1omatu nam\u00e1s, pero que medr\u00f3 y f\u00edxose heter\u00f3nimu.<\/p>\n<p><a href=\"https:\/\/alladixital.org\/wp-content\/uploads\/2025\/10\/9788481686333.pdf\">Descarga <strong>equ\u00ed<\/strong>&#8216;l PDF completu.<\/a><\/p>\n","protected":false},"excerpt":{"rendered":"<p>La casa les venti ventanes ye un poemariu al que-y vieno la inspiraci\u00f3n d\u2019un edificiu que nortia al oriente en pasando\u2019l viaductu Caba\u00f1\u00f3n, cam\u00edn de Villaviciosa. El llibru tuvo tiempu &hellip; <\/p>\n<p class=\"link-more\"><a href=\"https:\/\/alladixital.org\/en\/producto\/la-casa-de-les-venti-ventanes\/\" class=\"more-link\">Continue reading<span class=\"screen-reader-text\"> &#8220;La casa de les venti ventanes&#8221;<\/span><\/a><\/p>\n","protected":false},"featured_media":28369,"comment_status":"closed","ping_status":"closed","template":"","meta":{"_acf_changed":false},"product_brand":[],"product_cat":[1193],"product_tag":[],"class_list":{"0":"post-28366","1":"product","2":"type-product","3":"status-publish","4":"has-post-thumbnail","6":"product_cat-collecha-asoleyada-en","7":"pa_anu-2024-en","8":"pa_editorial-alla-en","9":"pa_idioma-asturianu-en","11":"first","12":"instock","13":"shipping-taxable","14":"product-type-simple"},"acf":[],"yoast_head":"<!-- This site is optimized with the Yoast SEO plugin v26.7 - https:\/\/yoast.com\/wordpress\/plugins\/seo\/ -->\n<title>La casa de les venti ventanes - Academia de la Llingua Asturiana<\/title>\n<meta name=\"robots\" content=\"index, follow, max-snippet:-1, max-image-preview:large, max-video-preview:-1\" \/>\n<link rel=\"canonical\" href=\"https:\/\/alladixital.org\/en\/producto\/la-casa-de-les-venti-ventanes\/\" \/>\n<meta property=\"og:locale\" content=\"en_US\" \/>\n<meta property=\"og:type\" content=\"article\" \/>\n<meta property=\"og:title\" content=\"La casa de les venti ventanes - Academia de la Llingua Asturiana\" \/>\n<meta property=\"og:description\" content=\"La casa les venti ventanes ye un poemariu al que-y vieno la inspiraci\u00f3n d\u2019un edificiu que nortia al oriente en pasando\u2019l viaductu Caba\u00f1\u00f3n, cam\u00edn de Villaviciosa. El llibru tuvo tiempu &hellip; Continue reading &quot;La casa de les venti ventanes&quot;\" \/>\n<meta property=\"og:url\" content=\"https:\/\/alladixital.org\/en\/producto\/la-casa-de-les-venti-ventanes\/\" \/>\n<meta property=\"og:site_name\" content=\"Academia de la Llingua Asturiana\" \/>\n<meta property=\"article:publisher\" content=\"https:\/\/www.facebook.com\/AcademiadelaLlinguaAsturiana\/\" \/>\n<meta property=\"article:modified_time\" content=\"2025-10-03T11:15:15+00:00\" \/>\n<meta property=\"og:image\" content=\"https:\/\/alladixital.org\/wp-content\/uploads\/2024\/12\/portada-la-casa-les-venti-ventanes.jpg\" \/>\n\t<meta property=\"og:image:width\" content=\"1800\" \/>\n\t<meta property=\"og:image:height\" content=\"2503\" \/>\n\t<meta property=\"og:image:type\" content=\"image\/jpeg\" \/>\n<meta name=\"twitter:card\" content=\"summary_large_image\" \/>\n<meta name=\"twitter:site\" content=\"@ALLA_ast\" \/>\n<script type=\"application\/ld+json\" class=\"yoast-schema-graph\">{\"@context\":\"https:\/\/schema.org\",\"@graph\":[{\"@type\":\"WebPage\",\"@id\":\"https:\/\/alladixital.org\/en\/producto\/la-casa-de-les-venti-ventanes\/\",\"url\":\"https:\/\/alladixital.org\/en\/producto\/la-casa-de-les-venti-ventanes\/\",\"name\":\"La casa de les venti ventanes - Academia de la Llingua Asturiana\",\"isPartOf\":{\"@id\":\"https:\/\/alladixital.org\/#website\"},\"primaryImageOfPage\":{\"@id\":\"https:\/\/alladixital.org\/en\/producto\/la-casa-de-les-venti-ventanes\/#primaryimage\"},\"image\":{\"@id\":\"https:\/\/alladixital.org\/en\/producto\/la-casa-de-les-venti-ventanes\/#primaryimage\"},\"thumbnailUrl\":\"https:\/\/alladixital.org\/wp-content\/uploads\/2024\/12\/portada-la-casa-les-venti-ventanes.jpg\",\"datePublished\":\"2024-12-05T13:12:06+00:00\",\"dateModified\":\"2025-10-03T11:15:15+00:00\",\"breadcrumb\":{\"@id\":\"https:\/\/alladixital.org\/en\/producto\/la-casa-de-les-venti-ventanes\/#breadcrumb\"},\"inLanguage\":\"en-US\",\"potentialAction\":[{\"@type\":\"ReadAction\",\"target\":[\"https:\/\/alladixital.org\/en\/producto\/la-casa-de-les-venti-ventanes\/\"]}]},{\"@type\":\"ImageObject\",\"inLanguage\":\"en-US\",\"@id\":\"https:\/\/alladixital.org\/en\/producto\/la-casa-de-les-venti-ventanes\/#primaryimage\",\"url\":\"https:\/\/alladixital.org\/wp-content\/uploads\/2024\/12\/portada-la-casa-les-venti-ventanes.jpg\",\"contentUrl\":\"https:\/\/alladixital.org\/wp-content\/uploads\/2024\/12\/portada-la-casa-les-venti-ventanes.jpg\",\"width\":1800,\"height\":2503},{\"@type\":\"BreadcrumbList\",\"@id\":\"https:\/\/alladixital.org\/en\/producto\/la-casa-de-les-venti-ventanes\/#breadcrumb\",\"itemListElement\":[{\"@type\":\"ListItem\",\"position\":1,\"name\":\"Portada\",\"item\":\"https:\/\/alladixital.org\/\"},{\"@type\":\"ListItem\",\"position\":2,\"name\":\"Shop\",\"item\":\"https:\/\/alladixital.org\/en\/shop\/\"},{\"@type\":\"ListItem\",\"position\":3,\"name\":\"La casa de les venti ventanes\"}]},{\"@type\":\"WebSite\",\"@id\":\"https:\/\/alladixital.org\/#website\",\"url\":\"https:\/\/alladixital.org\/\",\"name\":\"Academia de la Llingua Asturiana\",\"description\":\"ALLA\",\"publisher\":{\"@id\":\"https:\/\/alladixital.org\/#organization\"},\"potentialAction\":[{\"@type\":\"SearchAction\",\"target\":{\"@type\":\"EntryPoint\",\"urlTemplate\":\"https:\/\/alladixital.org\/?s={search_term_string}\"},\"query-input\":{\"@type\":\"PropertyValueSpecification\",\"valueRequired\":true,\"valueName\":\"search_term_string\"}}],\"inLanguage\":\"en-US\"},{\"@type\":\"Organization\",\"@id\":\"https:\/\/alladixital.org\/#organization\",\"name\":\"Academia de la Llingua Asturiana\",\"url\":\"https:\/\/alladixital.org\/\",\"logo\":{\"@type\":\"ImageObject\",\"inLanguage\":\"en-US\",\"@id\":\"https:\/\/alladixital.org\/#\/schema\/logo\/image\/\",\"url\":\"https:\/\/alladixital.org\/wp-content\/uploads\/2022\/08\/logo_LLINGUA_280_V3.jpg\",\"contentUrl\":\"https:\/\/alladixital.org\/wp-content\/uploads\/2022\/08\/logo_LLINGUA_280_V3.jpg\",\"width\":1064,\"height\":1096,\"caption\":\"Academia de la Llingua Asturiana\"},\"image\":{\"@id\":\"https:\/\/alladixital.org\/#\/schema\/logo\/image\/\"},\"sameAs\":[\"https:\/\/www.facebook.com\/AcademiadelaLlinguaAsturiana\/\",\"https:\/\/x.com\/ALLA_ast\"]}]}<\/script>\n<!-- \/ Yoast SEO plugin. -->","yoast_head_json":{"title":"La casa de les venti ventanes - Academia de la Llingua Asturiana","robots":{"index":"index","follow":"follow","max-snippet":"max-snippet:-1","max-image-preview":"max-image-preview:large","max-video-preview":"max-video-preview:-1"},"canonical":"https:\/\/alladixital.org\/en\/producto\/la-casa-de-les-venti-ventanes\/","og_locale":"en_US","og_type":"article","og_title":"La casa de les venti ventanes - Academia de la Llingua Asturiana","og_description":"La casa les venti ventanes ye un poemariu al que-y vieno la inspiraci\u00f3n d\u2019un edificiu que nortia al oriente en pasando\u2019l viaductu Caba\u00f1\u00f3n, cam\u00edn de Villaviciosa. El llibru tuvo tiempu &hellip; Continue reading \"La casa de les venti ventanes\"","og_url":"https:\/\/alladixital.org\/en\/producto\/la-casa-de-les-venti-ventanes\/","og_site_name":"Academia de la Llingua Asturiana","article_publisher":"https:\/\/www.facebook.com\/AcademiadelaLlinguaAsturiana\/","article_modified_time":"2025-10-03T11:15:15+00:00","og_image":[{"width":1800,"height":2503,"url":"https:\/\/alladixital.org\/wp-content\/uploads\/2024\/12\/portada-la-casa-les-venti-ventanes.jpg","type":"image\/jpeg"}],"twitter_card":"summary_large_image","twitter_site":"@ALLA_ast","schema":{"@context":"https:\/\/schema.org","@graph":[{"@type":"WebPage","@id":"https:\/\/alladixital.org\/en\/producto\/la-casa-de-les-venti-ventanes\/","url":"https:\/\/alladixital.org\/en\/producto\/la-casa-de-les-venti-ventanes\/","name":"La casa de les venti ventanes - Academia de la Llingua Asturiana","isPartOf":{"@id":"https:\/\/alladixital.org\/#website"},"primaryImageOfPage":{"@id":"https:\/\/alladixital.org\/en\/producto\/la-casa-de-les-venti-ventanes\/#primaryimage"},"image":{"@id":"https:\/\/alladixital.org\/en\/producto\/la-casa-de-les-venti-ventanes\/#primaryimage"},"thumbnailUrl":"https:\/\/alladixital.org\/wp-content\/uploads\/2024\/12\/portada-la-casa-les-venti-ventanes.jpg","datePublished":"2024-12-05T13:12:06+00:00","dateModified":"2025-10-03T11:15:15+00:00","breadcrumb":{"@id":"https:\/\/alladixital.org\/en\/producto\/la-casa-de-les-venti-ventanes\/#breadcrumb"},"inLanguage":"en-US","potentialAction":[{"@type":"ReadAction","target":["https:\/\/alladixital.org\/en\/producto\/la-casa-de-les-venti-ventanes\/"]}]},{"@type":"ImageObject","inLanguage":"en-US","@id":"https:\/\/alladixital.org\/en\/producto\/la-casa-de-les-venti-ventanes\/#primaryimage","url":"https:\/\/alladixital.org\/wp-content\/uploads\/2024\/12\/portada-la-casa-les-venti-ventanes.jpg","contentUrl":"https:\/\/alladixital.org\/wp-content\/uploads\/2024\/12\/portada-la-casa-les-venti-ventanes.jpg","width":1800,"height":2503},{"@type":"BreadcrumbList","@id":"https:\/\/alladixital.org\/en\/producto\/la-casa-de-les-venti-ventanes\/#breadcrumb","itemListElement":[{"@type":"ListItem","position":1,"name":"Portada","item":"https:\/\/alladixital.org\/"},{"@type":"ListItem","position":2,"name":"Shop","item":"https:\/\/alladixital.org\/en\/shop\/"},{"@type":"ListItem","position":3,"name":"La casa de les venti ventanes"}]},{"@type":"WebSite","@id":"https:\/\/alladixital.org\/#website","url":"https:\/\/alladixital.org\/","name":"Academia de la Llingua Asturiana","description":"ALLA","publisher":{"@id":"https:\/\/alladixital.org\/#organization"},"potentialAction":[{"@type":"SearchAction","target":{"@type":"EntryPoint","urlTemplate":"https:\/\/alladixital.org\/?s={search_term_string}"},"query-input":{"@type":"PropertyValueSpecification","valueRequired":true,"valueName":"search_term_string"}}],"inLanguage":"en-US"},{"@type":"Organization","@id":"https:\/\/alladixital.org\/#organization","name":"Academia de la Llingua Asturiana","url":"https:\/\/alladixital.org\/","logo":{"@type":"ImageObject","inLanguage":"en-US","@id":"https:\/\/alladixital.org\/#\/schema\/logo\/image\/","url":"https:\/\/alladixital.org\/wp-content\/uploads\/2022\/08\/logo_LLINGUA_280_V3.jpg","contentUrl":"https:\/\/alladixital.org\/wp-content\/uploads\/2022\/08\/logo_LLINGUA_280_V3.jpg","width":1064,"height":1096,"caption":"Academia de la Llingua Asturiana"},"image":{"@id":"https:\/\/alladixital.org\/#\/schema\/logo\/image\/"},"sameAs":["https:\/\/www.facebook.com\/AcademiadelaLlinguaAsturiana\/","https:\/\/x.com\/ALLA_ast"]}]}},"brizy_media":[],"_links":{"self":[{"href":"https:\/\/alladixital.org\/en\/wp-json\/wp\/v2\/product\/28366","targetHints":{"allow":["GET"]}}],"collection":[{"href":"https:\/\/alladixital.org\/en\/wp-json\/wp\/v2\/product"}],"about":[{"href":"https:\/\/alladixital.org\/en\/wp-json\/wp\/v2\/types\/product"}],"replies":[{"embeddable":true,"href":"https:\/\/alladixital.org\/en\/wp-json\/wp\/v2\/comments?post=28366"}],"wp:featuredmedia":[{"embeddable":true,"href":"https:\/\/alladixital.org\/en\/wp-json\/wp\/v2\/media\/28369"}],"wp:attachment":[{"href":"https:\/\/alladixital.org\/en\/wp-json\/wp\/v2\/media?parent=28366"}],"wp:term":[{"taxonomy":"product_brand","embeddable":true,"href":"https:\/\/alladixital.org\/en\/wp-json\/wp\/v2\/product_brand?post=28366"},{"taxonomy":"product_cat","embeddable":true,"href":"https:\/\/alladixital.org\/en\/wp-json\/wp\/v2\/product_cat?post=28366"},{"taxonomy":"product_tag","embeddable":true,"href":"https:\/\/alladixital.org\/en\/wp-json\/wp\/v2\/product_tag?post=28366"}],"curies":[{"name":"wp","href":"https:\/\/api.w.org\/{rel}","templated":true}]}}