{"id":31934,"date":"2025-05-20T12:35:40","date_gmt":"2025-05-20T10:35:40","guid":{"rendered":"https:\/\/alladixital.org\/producto\/historia-de-la-lliteratura-asturiana-tomu-i\/"},"modified":"2025-05-20T12:35:40","modified_gmt":"2025-05-20T10:35:40","slug":"historia-de-la-lliteratura-asturiana-tomu-i","status":"publish","type":"product","link":"https:\/\/alladixital.org\/en\/producto\/historia-de-la-lliteratura-asturiana-tomu-i\/","title":{"rendered":"Historia de la Lliteratura Asturiana (Tomu I)"},"content":{"rendered":"<p>Cola publicaci\u00f3n nel a\u00f1u 2002 de la\u00a0Historia de la Lliteratura Asturiana, l\u2019ALLA pretend\u00eda, d\u2019un llau, amosar per primer vegada la existencia d\u2019una lliteratura aut\u00f3noma con una tradici\u00f3n que vien y\u00e1 dende\u2019l sieglu XVII, y, d\u2019otru llau, apurrir a la socied\u00e1 asturiana una obra que-y permitiera, con enfotu did\u00e1uticu, el conocimientu del so patrimoniu lliterariu.<\/p>\n<p>Dos d\u00e9cades dempu\u00e9s, escosada la primer edici\u00f3n, an\u00f3vase incorporando les novedaes apaec\u00edes nos a\u00f1os caberos. Nesti tiempu fueron munchos y mui importantes los testos recuperaos, asina como los trabayos y estudios cr\u00edticos que sobre la lliteratura asturiana fueron viendo la lluz. Por mor de la bayura d\u2019estes novedaes, pres\u00e9ntase la obra en dos vol\u00famenes.<\/p>\n","protected":false},"excerpt":{"rendered":"<p>Cola publicaci\u00f3n nel a\u00f1u 2002 de la\u00a0Historia de la Lliteratura Asturiana, l\u2019ALLA pretend\u00eda, d\u2019un llau, amosar per primer vegada la existencia d\u2019una lliteratura aut\u00f3noma con una tradici\u00f3n que vien y\u00e1 &hellip; <\/p>\n<p class=\"link-more\"><a href=\"https:\/\/alladixital.org\/en\/producto\/historia-de-la-lliteratura-asturiana-tomu-i\/\" class=\"more-link\">Continue reading<span class=\"screen-reader-text\"> &#8220;Historia de la Lliteratura Asturiana (Tomu I)&#8221;<\/span><\/a><\/p>\n","protected":false},"featured_media":31932,"comment_status":"closed","ping_status":"closed","template":"","meta":{"_acf_changed":false},"product_brand":[],"product_cat":[1255],"product_tag":[],"class_list":{"0":"post-31934","1":"product","2":"type-product","3":"status-publish","4":"has-post-thumbnail","6":"product_cat-otras-publicaciones-en","7":"pa_anu-2024-en","8":"pa_autor-dellos-autores-en","9":"pa_editorial-alla-en","10":"pa_idioma-asturianu-en","12":"first","13":"instock","14":"shipping-taxable","15":"product-type-simple"},"acf":[],"yoast_head":"<!-- This site is optimized with the Yoast SEO plugin v26.7 - https:\/\/yoast.com\/wordpress\/plugins\/seo\/ -->\n<title>Historia de la Lliteratura Asturiana (Tomu I) - Academia de la Llingua Asturiana<\/title>\n<meta name=\"robots\" content=\"index, follow, max-snippet:-1, max-image-preview:large, max-video-preview:-1\" \/>\n<link rel=\"canonical\" href=\"https:\/\/alladixital.org\/en\/producto\/historia-de-la-lliteratura-asturiana-tomu-i\/\" \/>\n<meta property=\"og:locale\" content=\"en_US\" \/>\n<meta property=\"og:type\" content=\"article\" \/>\n<meta property=\"og:title\" content=\"Historia de la Lliteratura Asturiana (Tomu I) - Academia de la Llingua Asturiana\" \/>\n<meta property=\"og:description\" content=\"Cola publicaci\u00f3n nel a\u00f1u 2002 de la\u00a0Historia de la Lliteratura Asturiana, l\u2019ALLA pretend\u00eda, d\u2019un llau, amosar per primer vegada la existencia d\u2019una lliteratura aut\u00f3noma con una tradici\u00f3n que vien y\u00e1 &hellip; Continue reading &quot;Historia de la Lliteratura Asturiana (Tomu I)&quot;\" \/>\n<meta property=\"og:url\" content=\"https:\/\/alladixital.org\/en\/producto\/historia-de-la-lliteratura-asturiana-tomu-i\/\" \/>\n<meta property=\"og:site_name\" content=\"Academia de la Llingua Asturiana\" \/>\n<meta property=\"article:publisher\" content=\"https:\/\/www.facebook.com\/AcademiadelaLlinguaAsturiana\/\" \/>\n<meta property=\"og:image\" content=\"https:\/\/alladixital.org\/wp-content\/uploads\/2022\/08\/logo_LLINGUA_280_V3-1.jpg\" \/>\n\t<meta property=\"og:image:width\" content=\"1064\" \/>\n\t<meta property=\"og:image:height\" content=\"1096\" \/>\n\t<meta property=\"og:image:type\" content=\"image\/jpeg\" \/>\n<meta name=\"twitter:card\" content=\"summary_large_image\" \/>\n<meta name=\"twitter:site\" content=\"@ALLA_ast\" \/>\n<script type=\"application\/ld+json\" class=\"yoast-schema-graph\">{\"@context\":\"https:\/\/schema.org\",\"@graph\":[{\"@type\":\"WebPage\",\"@id\":\"https:\/\/alladixital.org\/en\/producto\/historia-de-la-lliteratura-asturiana-tomu-i\/\",\"url\":\"https:\/\/alladixital.org\/en\/producto\/historia-de-la-lliteratura-asturiana-tomu-i\/\",\"name\":\"Historia de la Lliteratura Asturiana (Tomu I) - Academia de la Llingua Asturiana\",\"isPartOf\":{\"@id\":\"https:\/\/alladixital.org\/#website\"},\"primaryImageOfPage\":{\"@id\":\"https:\/\/alladixital.org\/en\/producto\/historia-de-la-lliteratura-asturiana-tomu-i\/#primaryimage\"},\"image\":{\"@id\":\"https:\/\/alladixital.org\/en\/producto\/historia-de-la-lliteratura-asturiana-tomu-i\/#primaryimage\"},\"thumbnailUrl\":\"https:\/\/alladixital.org\/wp-content\/uploads\/2025\/05\/Captura-de-pantalla-2025-05-20-123507.png\",\"datePublished\":\"2025-05-20T10:35:40+00:00\",\"breadcrumb\":{\"@id\":\"https:\/\/alladixital.org\/en\/producto\/historia-de-la-lliteratura-asturiana-tomu-i\/#breadcrumb\"},\"inLanguage\":\"en-US\",\"potentialAction\":[{\"@type\":\"ReadAction\",\"target\":[\"https:\/\/alladixital.org\/en\/producto\/historia-de-la-lliteratura-asturiana-tomu-i\/\"]}]},{\"@type\":\"ImageObject\",\"inLanguage\":\"en-US\",\"@id\":\"https:\/\/alladixital.org\/en\/producto\/historia-de-la-lliteratura-asturiana-tomu-i\/#primaryimage\",\"url\":\"https:\/\/alladixital.org\/wp-content\/uploads\/2025\/05\/Captura-de-pantalla-2025-05-20-123507.png\",\"contentUrl\":\"https:\/\/alladixital.org\/wp-content\/uploads\/2025\/05\/Captura-de-pantalla-2025-05-20-123507.png\",\"width\":560,\"height\":833},{\"@type\":\"BreadcrumbList\",\"@id\":\"https:\/\/alladixital.org\/en\/producto\/historia-de-la-lliteratura-asturiana-tomu-i\/#breadcrumb\",\"itemListElement\":[{\"@type\":\"ListItem\",\"position\":1,\"name\":\"Portada\",\"item\":\"https:\/\/alladixital.org\/\"},{\"@type\":\"ListItem\",\"position\":2,\"name\":\"Shop\",\"item\":\"https:\/\/alladixital.org\/en\/shop\/\"},{\"@type\":\"ListItem\",\"position\":3,\"name\":\"Historia de la Lliteratura Asturiana (Tomu I)\"}]},{\"@type\":\"WebSite\",\"@id\":\"https:\/\/alladixital.org\/#website\",\"url\":\"https:\/\/alladixital.org\/\",\"name\":\"Academia de la Llingua Asturiana\",\"description\":\"ALLA\",\"publisher\":{\"@id\":\"https:\/\/alladixital.org\/#organization\"},\"potentialAction\":[{\"@type\":\"SearchAction\",\"target\":{\"@type\":\"EntryPoint\",\"urlTemplate\":\"https:\/\/alladixital.org\/?s={search_term_string}\"},\"query-input\":{\"@type\":\"PropertyValueSpecification\",\"valueRequired\":true,\"valueName\":\"search_term_string\"}}],\"inLanguage\":\"en-US\"},{\"@type\":\"Organization\",\"@id\":\"https:\/\/alladixital.org\/#organization\",\"name\":\"Academia de la Llingua Asturiana\",\"url\":\"https:\/\/alladixital.org\/\",\"logo\":{\"@type\":\"ImageObject\",\"inLanguage\":\"en-US\",\"@id\":\"https:\/\/alladixital.org\/#\/schema\/logo\/image\/\",\"url\":\"https:\/\/alladixital.org\/wp-content\/uploads\/2022\/08\/logo_LLINGUA_280_V3.jpg\",\"contentUrl\":\"https:\/\/alladixital.org\/wp-content\/uploads\/2022\/08\/logo_LLINGUA_280_V3.jpg\",\"width\":1064,\"height\":1096,\"caption\":\"Academia de la Llingua Asturiana\"},\"image\":{\"@id\":\"https:\/\/alladixital.org\/#\/schema\/logo\/image\/\"},\"sameAs\":[\"https:\/\/www.facebook.com\/AcademiadelaLlinguaAsturiana\/\",\"https:\/\/x.com\/ALLA_ast\"]}]}<\/script>\n<!-- \/ Yoast SEO plugin. -->","yoast_head_json":{"title":"Historia de la Lliteratura Asturiana (Tomu I) - Academia de la Llingua Asturiana","robots":{"index":"index","follow":"follow","max-snippet":"max-snippet:-1","max-image-preview":"max-image-preview:large","max-video-preview":"max-video-preview:-1"},"canonical":"https:\/\/alladixital.org\/en\/producto\/historia-de-la-lliteratura-asturiana-tomu-i\/","og_locale":"en_US","og_type":"article","og_title":"Historia de la Lliteratura Asturiana (Tomu I) - Academia de la Llingua Asturiana","og_description":"Cola publicaci\u00f3n nel a\u00f1u 2002 de la\u00a0Historia de la Lliteratura Asturiana, l\u2019ALLA pretend\u00eda, d\u2019un llau, amosar per primer vegada la existencia d\u2019una lliteratura aut\u00f3noma con una tradici\u00f3n que vien y\u00e1 &hellip; Continue reading \"Historia de la Lliteratura Asturiana (Tomu I)\"","og_url":"https:\/\/alladixital.org\/en\/producto\/historia-de-la-lliteratura-asturiana-tomu-i\/","og_site_name":"Academia de la Llingua Asturiana","article_publisher":"https:\/\/www.facebook.com\/AcademiadelaLlinguaAsturiana\/","og_image":[{"width":1064,"height":1096,"url":"https:\/\/alladixital.org\/wp-content\/uploads\/2022\/08\/logo_LLINGUA_280_V3-1.jpg","type":"image\/jpeg"}],"twitter_card":"summary_large_image","twitter_site":"@ALLA_ast","schema":{"@context":"https:\/\/schema.org","@graph":[{"@type":"WebPage","@id":"https:\/\/alladixital.org\/en\/producto\/historia-de-la-lliteratura-asturiana-tomu-i\/","url":"https:\/\/alladixital.org\/en\/producto\/historia-de-la-lliteratura-asturiana-tomu-i\/","name":"Historia de la Lliteratura Asturiana (Tomu I) - Academia de la Llingua Asturiana","isPartOf":{"@id":"https:\/\/alladixital.org\/#website"},"primaryImageOfPage":{"@id":"https:\/\/alladixital.org\/en\/producto\/historia-de-la-lliteratura-asturiana-tomu-i\/#primaryimage"},"image":{"@id":"https:\/\/alladixital.org\/en\/producto\/historia-de-la-lliteratura-asturiana-tomu-i\/#primaryimage"},"thumbnailUrl":"https:\/\/alladixital.org\/wp-content\/uploads\/2025\/05\/Captura-de-pantalla-2025-05-20-123507.png","datePublished":"2025-05-20T10:35:40+00:00","breadcrumb":{"@id":"https:\/\/alladixital.org\/en\/producto\/historia-de-la-lliteratura-asturiana-tomu-i\/#breadcrumb"},"inLanguage":"en-US","potentialAction":[{"@type":"ReadAction","target":["https:\/\/alladixital.org\/en\/producto\/historia-de-la-lliteratura-asturiana-tomu-i\/"]}]},{"@type":"ImageObject","inLanguage":"en-US","@id":"https:\/\/alladixital.org\/en\/producto\/historia-de-la-lliteratura-asturiana-tomu-i\/#primaryimage","url":"https:\/\/alladixital.org\/wp-content\/uploads\/2025\/05\/Captura-de-pantalla-2025-05-20-123507.png","contentUrl":"https:\/\/alladixital.org\/wp-content\/uploads\/2025\/05\/Captura-de-pantalla-2025-05-20-123507.png","width":560,"height":833},{"@type":"BreadcrumbList","@id":"https:\/\/alladixital.org\/en\/producto\/historia-de-la-lliteratura-asturiana-tomu-i\/#breadcrumb","itemListElement":[{"@type":"ListItem","position":1,"name":"Portada","item":"https:\/\/alladixital.org\/"},{"@type":"ListItem","position":2,"name":"Shop","item":"https:\/\/alladixital.org\/en\/shop\/"},{"@type":"ListItem","position":3,"name":"Historia de la Lliteratura Asturiana (Tomu I)"}]},{"@type":"WebSite","@id":"https:\/\/alladixital.org\/#website","url":"https:\/\/alladixital.org\/","name":"Academia de la Llingua Asturiana","description":"ALLA","publisher":{"@id":"https:\/\/alladixital.org\/#organization"},"potentialAction":[{"@type":"SearchAction","target":{"@type":"EntryPoint","urlTemplate":"https:\/\/alladixital.org\/?s={search_term_string}"},"query-input":{"@type":"PropertyValueSpecification","valueRequired":true,"valueName":"search_term_string"}}],"inLanguage":"en-US"},{"@type":"Organization","@id":"https:\/\/alladixital.org\/#organization","name":"Academia de la Llingua Asturiana","url":"https:\/\/alladixital.org\/","logo":{"@type":"ImageObject","inLanguage":"en-US","@id":"https:\/\/alladixital.org\/#\/schema\/logo\/image\/","url":"https:\/\/alladixital.org\/wp-content\/uploads\/2022\/08\/logo_LLINGUA_280_V3.jpg","contentUrl":"https:\/\/alladixital.org\/wp-content\/uploads\/2022\/08\/logo_LLINGUA_280_V3.jpg","width":1064,"height":1096,"caption":"Academia de la Llingua Asturiana"},"image":{"@id":"https:\/\/alladixital.org\/#\/schema\/logo\/image\/"},"sameAs":["https:\/\/www.facebook.com\/AcademiadelaLlinguaAsturiana\/","https:\/\/x.com\/ALLA_ast"]}]}},"brizy_media":[],"_links":{"self":[{"href":"https:\/\/alladixital.org\/en\/wp-json\/wp\/v2\/product\/31934","targetHints":{"allow":["GET"]}}],"collection":[{"href":"https:\/\/alladixital.org\/en\/wp-json\/wp\/v2\/product"}],"about":[{"href":"https:\/\/alladixital.org\/en\/wp-json\/wp\/v2\/types\/product"}],"replies":[{"embeddable":true,"href":"https:\/\/alladixital.org\/en\/wp-json\/wp\/v2\/comments?post=31934"}],"wp:featuredmedia":[{"embeddable":true,"href":"https:\/\/alladixital.org\/en\/wp-json\/wp\/v2\/media\/31932"}],"wp:attachment":[{"href":"https:\/\/alladixital.org\/en\/wp-json\/wp\/v2\/media?parent=31934"}],"wp:term":[{"taxonomy":"product_brand","embeddable":true,"href":"https:\/\/alladixital.org\/en\/wp-json\/wp\/v2\/product_brand?post=31934"},{"taxonomy":"product_cat","embeddable":true,"href":"https:\/\/alladixital.org\/en\/wp-json\/wp\/v2\/product_cat?post=31934"},{"taxonomy":"product_tag","embeddable":true,"href":"https:\/\/alladixital.org\/en\/wp-json\/wp\/v2\/product_tag?post=31934"}],"curies":[{"name":"wp","href":"https:\/\/api.w.org\/{rel}","templated":true}]}}