{"id":43009,"date":"2026-03-17T10:18:56","date_gmt":"2026-03-17T09:18:56","guid":{"rendered":"https:\/\/alladixital.org\/?post_type=product&#038;p=43009"},"modified":"2026-03-17T10:19:31","modified_gmt":"2026-03-17T09:19:31","slug":"lliteratura-41-revista-lliteraria-asturiana-lliteratura-40-revista-lliteraria-asturiana","status":"publish","type":"product","link":"https:\/\/alladixital.org\/en\/producto\/lliteratura-41-revista-lliteraria-asturiana-lliteratura-40-revista-lliteraria-asturiana\/","title":{"rendered":"Lliteratura 41. Revista lliteraria asturiana"},"content":{"rendered":"<p>L\u2019Academia de la Llingua Asturiana asoleya\u2019l n\u00famberu 41 de la revista<em> Lliteratura<\/em> con motivu del XLVI D\u00eda de les Lletres Asturianes (2025). La revista axunta delles seiciones: poes\u00eda, narrativa, diariu, ensayu, traducci\u00f3n y cr\u00edtica. La direici\u00f3n ye de Marta Mori y el dise\u00f1u d\u2019Henrique Facuriella.<\/p>\n","protected":false},"excerpt":{"rendered":"<p>L\u2019Academia de la Llingua Asturiana asoleya\u2019l n\u00famberu 41 de la revista Lliteratura con motivu del XLVI D\u00eda de les Lletres Asturianes (2025). La revista axunta delles seiciones: poes\u00eda, narrativa, diariu, &hellip; <\/p>\n<p class=\"link-more\"><a href=\"https:\/\/alladixital.org\/en\/producto\/lliteratura-41-revista-lliteraria-asturiana-lliteratura-40-revista-lliteraria-asturiana\/\" class=\"more-link\">Continue reading<span class=\"screen-reader-text\"> &#8220;Lliteratura 41. Revista lliteraria asturiana&#8221;<\/span><\/a><\/p>\n","protected":false},"featured_media":43010,"comment_status":"closed","ping_status":"closed","template":"","meta":{"_acf_changed":false},"product_brand":[],"product_cat":[843],"product_tag":[],"class_list":{"0":"post-43009","1":"product","2":"type-product","3":"status-publish","4":"has-post-thumbnail","6":"product_cat-lliteratura","7":"pa_anu-1147","8":"pa_autor-alla","9":"pa_editorial-alla","10":"pa_idioma-asturianu","11":"pa_idioma-eonaviegu","13":"first","14":"instock","15":"shipping-taxable","16":"product-type-simple"},"acf":[],"yoast_head":"<!-- This site is optimized with the Yoast SEO plugin v26.7 - https:\/\/yoast.com\/wordpress\/plugins\/seo\/ -->\n<title>Lliteratura 41. Revista lliteraria asturiana - Academia de la Llingua Asturiana<\/title>\n<meta name=\"robots\" content=\"index, follow, max-snippet:-1, max-image-preview:large, max-video-preview:-1\" \/>\n<link rel=\"canonical\" href=\"https:\/\/alladixital.org\/productu\/lliteratura-41-revista-lliteraria-asturiana-lliteratura-40-revista-lliteraria-asturiana\/\" \/>\n<meta property=\"og:locale\" content=\"en_US\" \/>\n<meta property=\"og:type\" content=\"article\" \/>\n<meta property=\"og:title\" content=\"Lliteratura 41. Revista lliteraria asturiana - Academia de la Llingua Asturiana\" \/>\n<meta property=\"og:description\" content=\"L\u2019Academia de la Llingua Asturiana asoleya\u2019l n\u00famberu 41 de la revista Lliteratura con motivu del XLVI D\u00eda de les Lletres Asturianes (2025). La revista axunta delles seiciones: poes\u00eda, narrativa, diariu, &hellip; Continue reading &quot;Lliteratura 41. Revista lliteraria asturiana&quot;\" \/>\n<meta property=\"og:url\" content=\"https:\/\/alladixital.org\/productu\/lliteratura-41-revista-lliteraria-asturiana-lliteratura-40-revista-lliteraria-asturiana\/\" \/>\n<meta property=\"og:site_name\" content=\"Academia de la Llingua Asturiana\" \/>\n<meta property=\"article:publisher\" content=\"https:\/\/www.facebook.com\/AcademiadelaLlinguaAsturiana\/\" \/>\n<meta property=\"article:modified_time\" content=\"2026-03-17T09:19:31+00:00\" \/>\n<meta property=\"og:image\" content=\"https:\/\/alladixital.org\/wp-content\/uploads\/2026\/03\/LLIT41-Portada-pa-ficha.png\" \/>\n\t<meta property=\"og:image:width\" content=\"626\" \/>\n\t<meta property=\"og:image:height\" content=\"884\" \/>\n\t<meta property=\"og:image:type\" content=\"image\/png\" \/>\n<meta name=\"twitter:card\" content=\"summary_large_image\" \/>\n<meta name=\"twitter:site\" content=\"@ALLA_ast\" \/>\n<script type=\"application\/ld+json\" class=\"yoast-schema-graph\">{\"@context\":\"https:\/\/schema.org\",\"@graph\":[{\"@type\":\"WebPage\",\"@id\":\"https:\/\/alladixital.org\/productu\/lliteratura-41-revista-lliteraria-asturiana-lliteratura-40-revista-lliteraria-asturiana\/\",\"url\":\"https:\/\/alladixital.org\/productu\/lliteratura-41-revista-lliteraria-asturiana-lliteratura-40-revista-lliteraria-asturiana\/\",\"name\":\"Lliteratura 41. Revista lliteraria asturiana - Academia de la Llingua Asturiana\",\"isPartOf\":{\"@id\":\"https:\/\/alladixital.org\/#website\"},\"primaryImageOfPage\":{\"@id\":\"https:\/\/alladixital.org\/productu\/lliteratura-41-revista-lliteraria-asturiana-lliteratura-40-revista-lliteraria-asturiana\/#primaryimage\"},\"image\":{\"@id\":\"https:\/\/alladixital.org\/productu\/lliteratura-41-revista-lliteraria-asturiana-lliteratura-40-revista-lliteraria-asturiana\/#primaryimage\"},\"thumbnailUrl\":\"https:\/\/alladixital.org\/wp-content\/uploads\/2026\/03\/LLIT41-Portada-pa-ficha.png\",\"datePublished\":\"2026-03-17T09:18:56+00:00\",\"dateModified\":\"2026-03-17T09:19:31+00:00\",\"breadcrumb\":{\"@id\":\"https:\/\/alladixital.org\/productu\/lliteratura-41-revista-lliteraria-asturiana-lliteratura-40-revista-lliteraria-asturiana\/#breadcrumb\"},\"inLanguage\":\"en-US\",\"potentialAction\":[{\"@type\":\"ReadAction\",\"target\":[\"https:\/\/alladixital.org\/productu\/lliteratura-41-revista-lliteraria-asturiana-lliteratura-40-revista-lliteraria-asturiana\/\"]}]},{\"@type\":\"ImageObject\",\"inLanguage\":\"en-US\",\"@id\":\"https:\/\/alladixital.org\/productu\/lliteratura-41-revista-lliteraria-asturiana-lliteratura-40-revista-lliteraria-asturiana\/#primaryimage\",\"url\":\"https:\/\/alladixital.org\/wp-content\/uploads\/2026\/03\/LLIT41-Portada-pa-ficha.png\",\"contentUrl\":\"https:\/\/alladixital.org\/wp-content\/uploads\/2026\/03\/LLIT41-Portada-pa-ficha.png\",\"width\":626,\"height\":884},{\"@type\":\"BreadcrumbList\",\"@id\":\"https:\/\/alladixital.org\/productu\/lliteratura-41-revista-lliteraria-asturiana-lliteratura-40-revista-lliteraria-asturiana\/#breadcrumb\",\"itemListElement\":[{\"@type\":\"ListItem\",\"position\":1,\"name\":\"Portada\",\"item\":\"https:\/\/alladixital.org\/\"},{\"@type\":\"ListItem\",\"position\":2,\"name\":\"Shop\",\"item\":\"https:\/\/alladixital.org\/en\/shop\/\"},{\"@type\":\"ListItem\",\"position\":3,\"name\":\"Lliteratura 41. Revista lliteraria asturiana\"}]},{\"@type\":\"WebSite\",\"@id\":\"https:\/\/alladixital.org\/#website\",\"url\":\"https:\/\/alladixital.org\/\",\"name\":\"Academia de la Llingua Asturiana\",\"description\":\"ALLA\",\"publisher\":{\"@id\":\"https:\/\/alladixital.org\/#organization\"},\"potentialAction\":[{\"@type\":\"SearchAction\",\"target\":{\"@type\":\"EntryPoint\",\"urlTemplate\":\"https:\/\/alladixital.org\/?s={search_term_string}\"},\"query-input\":{\"@type\":\"PropertyValueSpecification\",\"valueRequired\":true,\"valueName\":\"search_term_string\"}}],\"inLanguage\":\"en-US\"},{\"@type\":\"Organization\",\"@id\":\"https:\/\/alladixital.org\/#organization\",\"name\":\"Academia de la Llingua Asturiana\",\"url\":\"https:\/\/alladixital.org\/\",\"logo\":{\"@type\":\"ImageObject\",\"inLanguage\":\"en-US\",\"@id\":\"https:\/\/alladixital.org\/#\/schema\/logo\/image\/\",\"url\":\"https:\/\/alladixital.org\/wp-content\/uploads\/2022\/08\/logo_LLINGUA_280_V3.jpg\",\"contentUrl\":\"https:\/\/alladixital.org\/wp-content\/uploads\/2022\/08\/logo_LLINGUA_280_V3.jpg\",\"width\":1064,\"height\":1096,\"caption\":\"Academia de la Llingua Asturiana\"},\"image\":{\"@id\":\"https:\/\/alladixital.org\/#\/schema\/logo\/image\/\"},\"sameAs\":[\"https:\/\/www.facebook.com\/AcademiadelaLlinguaAsturiana\/\",\"https:\/\/x.com\/ALLA_ast\"]}]}<\/script>\n<!-- \/ Yoast SEO plugin. -->","yoast_head_json":{"title":"Lliteratura 41. Revista lliteraria asturiana - Academia de la Llingua Asturiana","robots":{"index":"index","follow":"follow","max-snippet":"max-snippet:-1","max-image-preview":"max-image-preview:large","max-video-preview":"max-video-preview:-1"},"canonical":"https:\/\/alladixital.org\/productu\/lliteratura-41-revista-lliteraria-asturiana-lliteratura-40-revista-lliteraria-asturiana\/","og_locale":"en_US","og_type":"article","og_title":"Lliteratura 41. Revista lliteraria asturiana - Academia de la Llingua Asturiana","og_description":"L\u2019Academia de la Llingua Asturiana asoleya\u2019l n\u00famberu 41 de la revista Lliteratura con motivu del XLVI D\u00eda de les Lletres Asturianes (2025). La revista axunta delles seiciones: poes\u00eda, narrativa, diariu, &hellip; Continue reading \"Lliteratura 41. Revista lliteraria asturiana\"","og_url":"https:\/\/alladixital.org\/productu\/lliteratura-41-revista-lliteraria-asturiana-lliteratura-40-revista-lliteraria-asturiana\/","og_site_name":"Academia de la Llingua Asturiana","article_publisher":"https:\/\/www.facebook.com\/AcademiadelaLlinguaAsturiana\/","article_modified_time":"2026-03-17T09:19:31+00:00","og_image":[{"width":626,"height":884,"url":"https:\/\/alladixital.org\/wp-content\/uploads\/2026\/03\/LLIT41-Portada-pa-ficha.png","type":"image\/png"}],"twitter_card":"summary_large_image","twitter_site":"@ALLA_ast","schema":{"@context":"https:\/\/schema.org","@graph":[{"@type":"WebPage","@id":"https:\/\/alladixital.org\/productu\/lliteratura-41-revista-lliteraria-asturiana-lliteratura-40-revista-lliteraria-asturiana\/","url":"https:\/\/alladixital.org\/productu\/lliteratura-41-revista-lliteraria-asturiana-lliteratura-40-revista-lliteraria-asturiana\/","name":"Lliteratura 41. Revista lliteraria asturiana - Academia de la Llingua Asturiana","isPartOf":{"@id":"https:\/\/alladixital.org\/#website"},"primaryImageOfPage":{"@id":"https:\/\/alladixital.org\/productu\/lliteratura-41-revista-lliteraria-asturiana-lliteratura-40-revista-lliteraria-asturiana\/#primaryimage"},"image":{"@id":"https:\/\/alladixital.org\/productu\/lliteratura-41-revista-lliteraria-asturiana-lliteratura-40-revista-lliteraria-asturiana\/#primaryimage"},"thumbnailUrl":"https:\/\/alladixital.org\/wp-content\/uploads\/2026\/03\/LLIT41-Portada-pa-ficha.png","datePublished":"2026-03-17T09:18:56+00:00","dateModified":"2026-03-17T09:19:31+00:00","breadcrumb":{"@id":"https:\/\/alladixital.org\/productu\/lliteratura-41-revista-lliteraria-asturiana-lliteratura-40-revista-lliteraria-asturiana\/#breadcrumb"},"inLanguage":"en-US","potentialAction":[{"@type":"ReadAction","target":["https:\/\/alladixital.org\/productu\/lliteratura-41-revista-lliteraria-asturiana-lliteratura-40-revista-lliteraria-asturiana\/"]}]},{"@type":"ImageObject","inLanguage":"en-US","@id":"https:\/\/alladixital.org\/productu\/lliteratura-41-revista-lliteraria-asturiana-lliteratura-40-revista-lliteraria-asturiana\/#primaryimage","url":"https:\/\/alladixital.org\/wp-content\/uploads\/2026\/03\/LLIT41-Portada-pa-ficha.png","contentUrl":"https:\/\/alladixital.org\/wp-content\/uploads\/2026\/03\/LLIT41-Portada-pa-ficha.png","width":626,"height":884},{"@type":"BreadcrumbList","@id":"https:\/\/alladixital.org\/productu\/lliteratura-41-revista-lliteraria-asturiana-lliteratura-40-revista-lliteraria-asturiana\/#breadcrumb","itemListElement":[{"@type":"ListItem","position":1,"name":"Portada","item":"https:\/\/alladixital.org\/"},{"@type":"ListItem","position":2,"name":"Shop","item":"https:\/\/alladixital.org\/en\/shop\/"},{"@type":"ListItem","position":3,"name":"Lliteratura 41. Revista lliteraria asturiana"}]},{"@type":"WebSite","@id":"https:\/\/alladixital.org\/#website","url":"https:\/\/alladixital.org\/","name":"Academia de la Llingua Asturiana","description":"ALLA","publisher":{"@id":"https:\/\/alladixital.org\/#organization"},"potentialAction":[{"@type":"SearchAction","target":{"@type":"EntryPoint","urlTemplate":"https:\/\/alladixital.org\/?s={search_term_string}"},"query-input":{"@type":"PropertyValueSpecification","valueRequired":true,"valueName":"search_term_string"}}],"inLanguage":"en-US"},{"@type":"Organization","@id":"https:\/\/alladixital.org\/#organization","name":"Academia de la Llingua Asturiana","url":"https:\/\/alladixital.org\/","logo":{"@type":"ImageObject","inLanguage":"en-US","@id":"https:\/\/alladixital.org\/#\/schema\/logo\/image\/","url":"https:\/\/alladixital.org\/wp-content\/uploads\/2022\/08\/logo_LLINGUA_280_V3.jpg","contentUrl":"https:\/\/alladixital.org\/wp-content\/uploads\/2022\/08\/logo_LLINGUA_280_V3.jpg","width":1064,"height":1096,"caption":"Academia de la Llingua Asturiana"},"image":{"@id":"https:\/\/alladixital.org\/#\/schema\/logo\/image\/"},"sameAs":["https:\/\/www.facebook.com\/AcademiadelaLlinguaAsturiana\/","https:\/\/x.com\/ALLA_ast"]}]}},"brizy_media":[],"_links":{"self":[{"href":"https:\/\/alladixital.org\/en\/wp-json\/wp\/v2\/product\/43009","targetHints":{"allow":["GET"]}}],"collection":[{"href":"https:\/\/alladixital.org\/en\/wp-json\/wp\/v2\/product"}],"about":[{"href":"https:\/\/alladixital.org\/en\/wp-json\/wp\/v2\/types\/product"}],"replies":[{"embeddable":true,"href":"https:\/\/alladixital.org\/en\/wp-json\/wp\/v2\/comments?post=43009"}],"wp:featuredmedia":[{"embeddable":true,"href":"https:\/\/alladixital.org\/en\/wp-json\/wp\/v2\/media\/43010"}],"wp:attachment":[{"href":"https:\/\/alladixital.org\/en\/wp-json\/wp\/v2\/media?parent=43009"}],"wp:term":[{"taxonomy":"product_brand","embeddable":true,"href":"https:\/\/alladixital.org\/en\/wp-json\/wp\/v2\/product_brand?post=43009"},{"taxonomy":"product_cat","embeddable":true,"href":"https:\/\/alladixital.org\/en\/wp-json\/wp\/v2\/product_cat?post=43009"},{"taxonomy":"product_tag","embeddable":true,"href":"https:\/\/alladixital.org\/en\/wp-json\/wp\/v2\/product_tag?post=43009"}],"curies":[{"name":"wp","href":"https:\/\/api.w.org\/{rel}","templated":true}]}}