{"id":7056,"date":"2022-08-22T10:22:41","date_gmt":"2022-08-22T08:22:41","guid":{"rendered":"https:\/\/alladixital.org\/producto\/toponimia-41-gozon-1\/"},"modified":"2022-08-29T13:34:24","modified_gmt":"2022-08-29T11:34:24","slug":"toponimia-41-gozon-1","status":"publish","type":"product","link":"https:\/\/alladixital.org\/en\/producto\/toponimia-41-gozon-1\/","title":{"rendered":"Toponimia 41. Goz\u00f3n 1"},"content":{"rendered":"<p>La coleici\u00f3n Toponimia recueye los nomes de llugar asturianos seg\u00fan la tradici\u00f3n oral y con una curtia descripci\u00f3n de ca\u00fan gracies a les informaciones los falantes y conocedores de la xeograf\u00eda.<br \/>\n<script><\/script><\/p>\n","protected":false},"excerpt":{"rendered":"<p>Parroquia de Llaviana<\/p>\n","protected":false},"featured_media":7012,"comment_status":"closed","ping_status":"closed","template":"","meta":{"_acf_changed":false},"product_brand":[],"product_cat":[906],"product_tag":[],"class_list":{"0":"post-7056","1":"product","2":"type-product","3":"status-publish","4":"has-post-thumbnail","6":"product_cat-toponimia","7":"pa_anu-353","8":"pa_autor-manuel-antonio-lorenzo-alvarez","9":"pa_editorial-alla","10":"pa_idioma-asturianu","12":"first","13":"instock","14":"shipping-taxable","15":"product-type-simple"},"acf":[],"yoast_head":"<!-- This site is optimized with the Yoast SEO plugin v26.7 - https:\/\/yoast.com\/wordpress\/plugins\/seo\/ -->\n<title>Toponimia 41. Goz\u00f3n 1 - Academia de la Llingua Asturiana<\/title>\n<meta name=\"robots\" content=\"index, follow, max-snippet:-1, max-image-preview:large, max-video-preview:-1\" \/>\n<link rel=\"canonical\" href=\"https:\/\/alladixital.org\/producto\/toponimia-41-gozon-1\/\" \/>\n<meta property=\"og:locale\" content=\"en_US\" \/>\n<meta property=\"og:type\" content=\"article\" \/>\n<meta property=\"og:title\" content=\"Toponimia 41. Goz\u00f3n 1 - Academia de la Llingua Asturiana\" \/>\n<meta property=\"og:description\" content=\"Parroquia de Llaviana\" \/>\n<meta property=\"og:url\" content=\"https:\/\/alladixital.org\/producto\/toponimia-41-gozon-1\/\" \/>\n<meta property=\"og:site_name\" content=\"Academia de la Llingua Asturiana\" \/>\n<meta property=\"article:publisher\" content=\"https:\/\/www.facebook.com\/AcademiadelaLlinguaAsturiana\/\" \/>\n<meta property=\"article:modified_time\" content=\"2022-08-29T11:34:24+00:00\" \/>\n<meta property=\"og:image\" content=\"https:\/\/alladixital.org\/wp-content\/uploads\/2022\/08\/toponimia.png\" \/>\n\t<meta property=\"og:image:width\" content=\"1356\" \/>\n\t<meta property=\"og:image:height\" content=\"1328\" \/>\n\t<meta property=\"og:image:type\" content=\"image\/png\" \/>\n<meta name=\"twitter:card\" content=\"summary_large_image\" \/>\n<meta name=\"twitter:site\" content=\"@ALLA_ast\" \/>\n<script type=\"application\/ld+json\" class=\"yoast-schema-graph\">{\"@context\":\"https:\/\/schema.org\",\"@graph\":[{\"@type\":\"WebPage\",\"@id\":\"https:\/\/alladixital.org\/producto\/toponimia-41-gozon-1\/\",\"url\":\"https:\/\/alladixital.org\/producto\/toponimia-41-gozon-1\/\",\"name\":\"Toponimia 41. Goz\u00f3n 1 - Academia de la Llingua Asturiana\",\"isPartOf\":{\"@id\":\"https:\/\/alladixital.org\/#website\"},\"primaryImageOfPage\":{\"@id\":\"https:\/\/alladixital.org\/producto\/toponimia-41-gozon-1\/#primaryimage\"},\"image\":{\"@id\":\"https:\/\/alladixital.org\/producto\/toponimia-41-gozon-1\/#primaryimage\"},\"thumbnailUrl\":\"https:\/\/alladixital.org\/wp-content\/uploads\/2022\/08\/toponimia.png\",\"datePublished\":\"2022-08-22T08:22:41+00:00\",\"dateModified\":\"2022-08-29T11:34:24+00:00\",\"breadcrumb\":{\"@id\":\"https:\/\/alladixital.org\/producto\/toponimia-41-gozon-1\/#breadcrumb\"},\"inLanguage\":\"en-US\",\"potentialAction\":[{\"@type\":\"ReadAction\",\"target\":[\"https:\/\/alladixital.org\/producto\/toponimia-41-gozon-1\/\"]}]},{\"@type\":\"ImageObject\",\"inLanguage\":\"en-US\",\"@id\":\"https:\/\/alladixital.org\/producto\/toponimia-41-gozon-1\/#primaryimage\",\"url\":\"https:\/\/alladixital.org\/wp-content\/uploads\/2022\/08\/toponimia.png\",\"contentUrl\":\"https:\/\/alladixital.org\/wp-content\/uploads\/2022\/08\/toponimia.png\",\"width\":1356,\"height\":1328},{\"@type\":\"BreadcrumbList\",\"@id\":\"https:\/\/alladixital.org\/producto\/toponimia-41-gozon-1\/#breadcrumb\",\"itemListElement\":[{\"@type\":\"ListItem\",\"position\":1,\"name\":\"Portada\",\"item\":\"https:\/\/alladixital.org\/\"},{\"@type\":\"ListItem\",\"position\":2,\"name\":\"Shop\",\"item\":\"https:\/\/alladixital.org\/en\/shop\/\"},{\"@type\":\"ListItem\",\"position\":3,\"name\":\"Toponimia 41. Goz\u00f3n 1\"}]},{\"@type\":\"WebSite\",\"@id\":\"https:\/\/alladixital.org\/#website\",\"url\":\"https:\/\/alladixital.org\/\",\"name\":\"Academia de la Llingua Asturiana\",\"description\":\"ALLA\",\"publisher\":{\"@id\":\"https:\/\/alladixital.org\/#organization\"},\"potentialAction\":[{\"@type\":\"SearchAction\",\"target\":{\"@type\":\"EntryPoint\",\"urlTemplate\":\"https:\/\/alladixital.org\/?s={search_term_string}\"},\"query-input\":{\"@type\":\"PropertyValueSpecification\",\"valueRequired\":true,\"valueName\":\"search_term_string\"}}],\"inLanguage\":\"en-US\"},{\"@type\":\"Organization\",\"@id\":\"https:\/\/alladixital.org\/#organization\",\"name\":\"Academia de la Llingua Asturiana\",\"url\":\"https:\/\/alladixital.org\/\",\"logo\":{\"@type\":\"ImageObject\",\"inLanguage\":\"en-US\",\"@id\":\"https:\/\/alladixital.org\/#\/schema\/logo\/image\/\",\"url\":\"https:\/\/alladixital.org\/wp-content\/uploads\/2022\/08\/logo_LLINGUA_280_V3.jpg\",\"contentUrl\":\"https:\/\/alladixital.org\/wp-content\/uploads\/2022\/08\/logo_LLINGUA_280_V3.jpg\",\"width\":1064,\"height\":1096,\"caption\":\"Academia de la Llingua Asturiana\"},\"image\":{\"@id\":\"https:\/\/alladixital.org\/#\/schema\/logo\/image\/\"},\"sameAs\":[\"https:\/\/www.facebook.com\/AcademiadelaLlinguaAsturiana\/\",\"https:\/\/x.com\/ALLA_ast\"]}]}<\/script>\n<!-- \/ Yoast SEO plugin. -->","yoast_head_json":{"title":"Toponimia 41. Goz\u00f3n 1 - Academia de la Llingua Asturiana","robots":{"index":"index","follow":"follow","max-snippet":"max-snippet:-1","max-image-preview":"max-image-preview:large","max-video-preview":"max-video-preview:-1"},"canonical":"https:\/\/alladixital.org\/producto\/toponimia-41-gozon-1\/","og_locale":"en_US","og_type":"article","og_title":"Toponimia 41. Goz\u00f3n 1 - Academia de la Llingua Asturiana","og_description":"Parroquia de Llaviana","og_url":"https:\/\/alladixital.org\/producto\/toponimia-41-gozon-1\/","og_site_name":"Academia de la Llingua Asturiana","article_publisher":"https:\/\/www.facebook.com\/AcademiadelaLlinguaAsturiana\/","article_modified_time":"2022-08-29T11:34:24+00:00","og_image":[{"width":1356,"height":1328,"url":"https:\/\/alladixital.org\/wp-content\/uploads\/2022\/08\/toponimia.png","type":"image\/png"}],"twitter_card":"summary_large_image","twitter_site":"@ALLA_ast","schema":{"@context":"https:\/\/schema.org","@graph":[{"@type":"WebPage","@id":"https:\/\/alladixital.org\/producto\/toponimia-41-gozon-1\/","url":"https:\/\/alladixital.org\/producto\/toponimia-41-gozon-1\/","name":"Toponimia 41. Goz\u00f3n 1 - Academia de la Llingua Asturiana","isPartOf":{"@id":"https:\/\/alladixital.org\/#website"},"primaryImageOfPage":{"@id":"https:\/\/alladixital.org\/producto\/toponimia-41-gozon-1\/#primaryimage"},"image":{"@id":"https:\/\/alladixital.org\/producto\/toponimia-41-gozon-1\/#primaryimage"},"thumbnailUrl":"https:\/\/alladixital.org\/wp-content\/uploads\/2022\/08\/toponimia.png","datePublished":"2022-08-22T08:22:41+00:00","dateModified":"2022-08-29T11:34:24+00:00","breadcrumb":{"@id":"https:\/\/alladixital.org\/producto\/toponimia-41-gozon-1\/#breadcrumb"},"inLanguage":"en-US","potentialAction":[{"@type":"ReadAction","target":["https:\/\/alladixital.org\/producto\/toponimia-41-gozon-1\/"]}]},{"@type":"ImageObject","inLanguage":"en-US","@id":"https:\/\/alladixital.org\/producto\/toponimia-41-gozon-1\/#primaryimage","url":"https:\/\/alladixital.org\/wp-content\/uploads\/2022\/08\/toponimia.png","contentUrl":"https:\/\/alladixital.org\/wp-content\/uploads\/2022\/08\/toponimia.png","width":1356,"height":1328},{"@type":"BreadcrumbList","@id":"https:\/\/alladixital.org\/producto\/toponimia-41-gozon-1\/#breadcrumb","itemListElement":[{"@type":"ListItem","position":1,"name":"Portada","item":"https:\/\/alladixital.org\/"},{"@type":"ListItem","position":2,"name":"Shop","item":"https:\/\/alladixital.org\/en\/shop\/"},{"@type":"ListItem","position":3,"name":"Toponimia 41. Goz\u00f3n 1"}]},{"@type":"WebSite","@id":"https:\/\/alladixital.org\/#website","url":"https:\/\/alladixital.org\/","name":"Academia de la Llingua Asturiana","description":"ALLA","publisher":{"@id":"https:\/\/alladixital.org\/#organization"},"potentialAction":[{"@type":"SearchAction","target":{"@type":"EntryPoint","urlTemplate":"https:\/\/alladixital.org\/?s={search_term_string}"},"query-input":{"@type":"PropertyValueSpecification","valueRequired":true,"valueName":"search_term_string"}}],"inLanguage":"en-US"},{"@type":"Organization","@id":"https:\/\/alladixital.org\/#organization","name":"Academia de la Llingua Asturiana","url":"https:\/\/alladixital.org\/","logo":{"@type":"ImageObject","inLanguage":"en-US","@id":"https:\/\/alladixital.org\/#\/schema\/logo\/image\/","url":"https:\/\/alladixital.org\/wp-content\/uploads\/2022\/08\/logo_LLINGUA_280_V3.jpg","contentUrl":"https:\/\/alladixital.org\/wp-content\/uploads\/2022\/08\/logo_LLINGUA_280_V3.jpg","width":1064,"height":1096,"caption":"Academia de la Llingua Asturiana"},"image":{"@id":"https:\/\/alladixital.org\/#\/schema\/logo\/image\/"},"sameAs":["https:\/\/www.facebook.com\/AcademiadelaLlinguaAsturiana\/","https:\/\/x.com\/ALLA_ast"]}]}},"brizy_media":[],"_links":{"self":[{"href":"https:\/\/alladixital.org\/en\/wp-json\/wp\/v2\/product\/7056","targetHints":{"allow":["GET"]}}],"collection":[{"href":"https:\/\/alladixital.org\/en\/wp-json\/wp\/v2\/product"}],"about":[{"href":"https:\/\/alladixital.org\/en\/wp-json\/wp\/v2\/types\/product"}],"replies":[{"embeddable":true,"href":"https:\/\/alladixital.org\/en\/wp-json\/wp\/v2\/comments?post=7056"}],"wp:featuredmedia":[{"embeddable":true,"href":"https:\/\/alladixital.org\/en\/wp-json\/wp\/v2\/media\/7012"}],"wp:attachment":[{"href":"https:\/\/alladixital.org\/en\/wp-json\/wp\/v2\/media?parent=7056"}],"wp:term":[{"taxonomy":"product_brand","embeddable":true,"href":"https:\/\/alladixital.org\/en\/wp-json\/wp\/v2\/product_brand?post=7056"},{"taxonomy":"product_cat","embeddable":true,"href":"https:\/\/alladixital.org\/en\/wp-json\/wp\/v2\/product_cat?post=7056"},{"taxonomy":"product_tag","embeddable":true,"href":"https:\/\/alladixital.org\/en\/wp-json\/wp\/v2\/product_tag?post=7056"}],"curies":[{"name":"wp","href":"https:\/\/api.w.org\/{rel}","templated":true}]}}