{"id":18799,"date":"2023-05-15T09:44:11","date_gmt":"2023-05-15T07:44:11","guid":{"rendered":"https:\/\/alladixital.org\/?post_type=product&#038;p=18799"},"modified":"2023-05-15T09:45:53","modified_gmt":"2023-05-15T07:45:53","slug":"cuentos-de-tradicion-oral-del-cuartu-los-va%e1%b8%b7%e1%b8%b7es-2-a-edicion","status":"publish","type":"product","link":"https:\/\/alladixital.org\/eon\/producto\/cuentos-de-tradicion-oral-del-cuartu-los-va%e1%b8%b7%e1%b8%b7es-2-a-edicion\/","title":{"rendered":"Cuentos de tradici\u00f3n oral d\u2019El Cuartu los Va\u1e37\u1e37es (2.\u00aa edici\u00f3n)"},"content":{"rendered":"<p>Reedici\u00f3n revisada del primer n\u00famberu de la coleici\u00f3n Testos de recoyida oral, na que l\u2019Academia de la Llingua Asturiana atropa obres que recueyen la tradici\u00f3n oral asturiana cola fin d\u2019amosar la bayura de la lliteratura de tresmisi\u00f3n oral d\u2019Asturies y la importancia de la recopilaci\u00f3n de material d\u2019esta mena. Marta L\u00f3pez Fern\u00e1ndez firma esti n\u00famberu con testimonios recoy\u00edos n\u2019El Cuartu los Va\u1e37\u1e37es (Tin\u00e9u).<br \/>\n<script><\/script><\/p>\n","protected":false},"excerpt":{"rendered":"<p>Reedici\u00f3n revisada del primer n\u00famberu de la coleici\u00f3n Testos de recoyida oral, na que l\u2019Academia de la Llingua Asturiana atropa obres que recueyen la tradici\u00f3n oral asturiana cola fin d\u2019amosar &hellip; <\/p>\n<p class=\"link-more\"><a href=\"https:\/\/alladixital.org\/eon\/producto\/cuentos-de-tradicion-oral-del-cuartu-los-va%e1%b8%b7%e1%b8%b7es-2-a-edicion\/\" class=\"more-link\">Continue reading<span class=\"screen-reader-text\"> &#8220;Cuentos de tradici\u00f3n oral d\u2019El Cuartu los Va\u1e37\u1e37es (2.\u00aa edici\u00f3n)&#8221;<\/span><\/a><\/p>\n","protected":false},"featured_media":18800,"comment_status":"closed","ping_status":"closed","template":"","meta":{"_acf_changed":false},"product_brand":[],"product_cat":[905],"product_tag":[],"class_list":{"0":"post-18799","1":"product","2":"type-product","3":"status-publish","4":"has-post-thumbnail","6":"product_cat-testos-de-recoyida-oral","7":"pa_anu-579","8":"pa_autor-marta-lopez-fernandez","9":"pa_editorial-alla","10":"pa_idioma-asturianu","12":"first","13":"instock","14":"shipping-taxable","15":"product-type-simple"},"acf":[],"yoast_head":"<!-- This site is optimized with the Yoast SEO plugin v26.7 - https:\/\/yoast.com\/wordpress\/plugins\/seo\/ -->\n<title>Cuentos de tradici\u00f3n oral d\u2019El Cuartu los Va\u1e37\u1e37es (2.\u00aa edici\u00f3n) - Academia de la Llingua Asturiana<\/title>\n<meta name=\"robots\" content=\"index, follow, max-snippet:-1, max-image-preview:large, max-video-preview:-1\" \/>\n<link rel=\"canonical\" href=\"https:\/\/alladixital.org\/productu\/cuentos-de-tradicion-oral-del-cuartu-los-va\u1e37\u1e37es-2-a-edicion\/\" \/>\n<meta property=\"og:locale\" content=\"eo_EO\" \/>\n<meta property=\"og:type\" content=\"article\" \/>\n<meta property=\"og:title\" content=\"Cuentos de tradici\u00f3n oral d\u2019El Cuartu los Va\u1e37\u1e37es (2.\u00aa edici\u00f3n) - Academia de la Llingua Asturiana\" \/>\n<meta property=\"og:description\" content=\"Reedici\u00f3n revisada del primer n\u00famberu de la coleici\u00f3n Testos de recoyida oral, na que l\u2019Academia de la Llingua Asturiana atropa obres que recueyen la tradici\u00f3n oral asturiana cola fin d\u2019amosar &hellip; Continue reading &quot;Cuentos de tradici\u00f3n oral d\u2019El Cuartu los Va\u1e37\u1e37es (2.\u00aa edici\u00f3n)&quot;\" \/>\n<meta property=\"og:url\" content=\"https:\/\/alladixital.org\/productu\/cuentos-de-tradicion-oral-del-cuartu-los-va\u1e37\u1e37es-2-a-edicion\/\" \/>\n<meta property=\"og:site_name\" content=\"Academia de la Llingua Asturiana\" \/>\n<meta property=\"article:publisher\" content=\"https:\/\/www.facebook.com\/AcademiadelaLlinguaAsturiana\/\" \/>\n<meta property=\"article:modified_time\" content=\"2023-05-15T07:45:53+00:00\" \/>\n<meta property=\"og:image\" content=\"https:\/\/alladixital.org\/wp-content\/uploads\/2023\/05\/Testos-de-recoyida-oral.jpg\" \/>\n\t<meta property=\"og:image:width\" content=\"837\" \/>\n\t<meta property=\"og:image:height\" content=\"699\" \/>\n\t<meta property=\"og:image:type\" content=\"image\/jpeg\" \/>\n<meta name=\"twitter:card\" content=\"summary_large_image\" \/>\n<meta name=\"twitter:site\" content=\"@ALLA_ast\" \/>\n<script type=\"application\/ld+json\" class=\"yoast-schema-graph\">{\"@context\":\"https:\/\/schema.org\",\"@graph\":[{\"@type\":\"WebPage\",\"@id\":\"https:\/\/alladixital.org\/productu\/cuentos-de-tradicion-oral-del-cuartu-los-va%e1%b8%b7%e1%b8%b7es-2-a-edicion\/\",\"url\":\"https:\/\/alladixital.org\/productu\/cuentos-de-tradicion-oral-del-cuartu-los-va%e1%b8%b7%e1%b8%b7es-2-a-edicion\/\",\"name\":\"Cuentos de tradici\u00f3n oral d\u2019El Cuartu los Va\u1e37\u1e37es (2.\u00aa edici\u00f3n) - Academia de la Llingua Asturiana\",\"isPartOf\":{\"@id\":\"https:\/\/alladixital.org\/#website\"},\"primaryImageOfPage\":{\"@id\":\"https:\/\/alladixital.org\/productu\/cuentos-de-tradicion-oral-del-cuartu-los-va%e1%b8%b7%e1%b8%b7es-2-a-edicion\/#primaryimage\"},\"image\":{\"@id\":\"https:\/\/alladixital.org\/productu\/cuentos-de-tradicion-oral-del-cuartu-los-va%e1%b8%b7%e1%b8%b7es-2-a-edicion\/#primaryimage\"},\"thumbnailUrl\":\"https:\/\/alladixital.org\/wp-content\/uploads\/2023\/05\/Testos-de-recoyida-oral.jpg\",\"datePublished\":\"2023-05-15T07:44:11+00:00\",\"dateModified\":\"2023-05-15T07:45:53+00:00\",\"breadcrumb\":{\"@id\":\"https:\/\/alladixital.org\/productu\/cuentos-de-tradicion-oral-del-cuartu-los-va%e1%b8%b7%e1%b8%b7es-2-a-edicion\/#breadcrumb\"},\"inLanguage\":\"eon-EON\",\"potentialAction\":[{\"@type\":\"ReadAction\",\"target\":[\"https:\/\/alladixital.org\/productu\/cuentos-de-tradicion-oral-del-cuartu-los-va%e1%b8%b7%e1%b8%b7es-2-a-edicion\/\"]}]},{\"@type\":\"ImageObject\",\"inLanguage\":\"eon-EON\",\"@id\":\"https:\/\/alladixital.org\/productu\/cuentos-de-tradicion-oral-del-cuartu-los-va%e1%b8%b7%e1%b8%b7es-2-a-edicion\/#primaryimage\",\"url\":\"https:\/\/alladixital.org\/wp-content\/uploads\/2023\/05\/Testos-de-recoyida-oral.jpg\",\"contentUrl\":\"https:\/\/alladixital.org\/wp-content\/uploads\/2023\/05\/Testos-de-recoyida-oral.jpg\",\"width\":837,\"height\":699},{\"@type\":\"BreadcrumbList\",\"@id\":\"https:\/\/alladixital.org\/productu\/cuentos-de-tradicion-oral-del-cuartu-los-va%e1%b8%b7%e1%b8%b7es-2-a-edicion\/#breadcrumb\",\"itemListElement\":[{\"@type\":\"ListItem\",\"position\":1,\"name\":\"Portada\",\"item\":\"https:\/\/alladixital.org\/eon\/\"},{\"@type\":\"ListItem\",\"position\":2,\"name\":\"Tienda\",\"item\":\"https:\/\/alladixital.org\/eon\/tienda-2\/\"},{\"@type\":\"ListItem\",\"position\":3,\"name\":\"Cuentos de tradici\u00f3n oral d\u2019El Cuartu los Va\u1e37\u1e37es (2.\u00aa edici\u00f3n)\"}]},{\"@type\":\"WebSite\",\"@id\":\"https:\/\/alladixital.org\/#website\",\"url\":\"https:\/\/alladixital.org\/\",\"name\":\"Academia de la Llingua Asturiana\",\"description\":\"ALLA\",\"publisher\":{\"@id\":\"https:\/\/alladixital.org\/#organization\"},\"potentialAction\":[{\"@type\":\"SearchAction\",\"target\":{\"@type\":\"EntryPoint\",\"urlTemplate\":\"https:\/\/alladixital.org\/?s={search_term_string}\"},\"query-input\":{\"@type\":\"PropertyValueSpecification\",\"valueRequired\":true,\"valueName\":\"search_term_string\"}}],\"inLanguage\":\"eon-EON\"},{\"@type\":\"Organization\",\"@id\":\"https:\/\/alladixital.org\/#organization\",\"name\":\"Academia de la Llingua Asturiana\",\"url\":\"https:\/\/alladixital.org\/\",\"logo\":{\"@type\":\"ImageObject\",\"inLanguage\":\"eon-EON\",\"@id\":\"https:\/\/alladixital.org\/#\/schema\/logo\/image\/\",\"url\":\"https:\/\/alladixital.org\/wp-content\/uploads\/2022\/08\/logo_LLINGUA_280_V3.jpg\",\"contentUrl\":\"https:\/\/alladixital.org\/wp-content\/uploads\/2022\/08\/logo_LLINGUA_280_V3.jpg\",\"width\":1064,\"height\":1096,\"caption\":\"Academia de la Llingua Asturiana\"},\"image\":{\"@id\":\"https:\/\/alladixital.org\/#\/schema\/logo\/image\/\"},\"sameAs\":[\"https:\/\/www.facebook.com\/AcademiadelaLlinguaAsturiana\/\",\"https:\/\/x.com\/ALLA_ast\"]}]}<\/script>\n<!-- \/ Yoast SEO plugin. -->","yoast_head_json":{"title":"Cuentos de tradici\u00f3n oral d\u2019El Cuartu los Va\u1e37\u1e37es (2.\u00aa edici\u00f3n) - Academia de la Llingua Asturiana","robots":{"index":"index","follow":"follow","max-snippet":"max-snippet:-1","max-image-preview":"max-image-preview:large","max-video-preview":"max-video-preview:-1"},"canonical":"https:\/\/alladixital.org\/productu\/cuentos-de-tradicion-oral-del-cuartu-los-va\u1e37\u1e37es-2-a-edicion\/","og_locale":"eo_EO","og_type":"article","og_title":"Cuentos de tradici\u00f3n oral d\u2019El Cuartu los Va\u1e37\u1e37es (2.\u00aa edici\u00f3n) - Academia de la Llingua Asturiana","og_description":"Reedici\u00f3n revisada del primer n\u00famberu de la coleici\u00f3n Testos de recoyida oral, na que l\u2019Academia de la Llingua Asturiana atropa obres que recueyen la tradici\u00f3n oral asturiana cola fin d\u2019amosar &hellip; Continue reading \"Cuentos de tradici\u00f3n oral d\u2019El Cuartu los Va\u1e37\u1e37es (2.\u00aa edici\u00f3n)\"","og_url":"https:\/\/alladixital.org\/productu\/cuentos-de-tradicion-oral-del-cuartu-los-va\u1e37\u1e37es-2-a-edicion\/","og_site_name":"Academia de la Llingua Asturiana","article_publisher":"https:\/\/www.facebook.com\/AcademiadelaLlinguaAsturiana\/","article_modified_time":"2023-05-15T07:45:53+00:00","og_image":[{"width":837,"height":699,"url":"https:\/\/alladixital.org\/wp-content\/uploads\/2023\/05\/Testos-de-recoyida-oral.jpg","type":"image\/jpeg"}],"twitter_card":"summary_large_image","twitter_site":"@ALLA_ast","schema":{"@context":"https:\/\/schema.org","@graph":[{"@type":"WebPage","@id":"https:\/\/alladixital.org\/productu\/cuentos-de-tradicion-oral-del-cuartu-los-va%e1%b8%b7%e1%b8%b7es-2-a-edicion\/","url":"https:\/\/alladixital.org\/productu\/cuentos-de-tradicion-oral-del-cuartu-los-va%e1%b8%b7%e1%b8%b7es-2-a-edicion\/","name":"Cuentos de tradici\u00f3n oral d\u2019El Cuartu los Va\u1e37\u1e37es (2.\u00aa edici\u00f3n) - Academia de la Llingua Asturiana","isPartOf":{"@id":"https:\/\/alladixital.org\/#website"},"primaryImageOfPage":{"@id":"https:\/\/alladixital.org\/productu\/cuentos-de-tradicion-oral-del-cuartu-los-va%e1%b8%b7%e1%b8%b7es-2-a-edicion\/#primaryimage"},"image":{"@id":"https:\/\/alladixital.org\/productu\/cuentos-de-tradicion-oral-del-cuartu-los-va%e1%b8%b7%e1%b8%b7es-2-a-edicion\/#primaryimage"},"thumbnailUrl":"https:\/\/alladixital.org\/wp-content\/uploads\/2023\/05\/Testos-de-recoyida-oral.jpg","datePublished":"2023-05-15T07:44:11+00:00","dateModified":"2023-05-15T07:45:53+00:00","breadcrumb":{"@id":"https:\/\/alladixital.org\/productu\/cuentos-de-tradicion-oral-del-cuartu-los-va%e1%b8%b7%e1%b8%b7es-2-a-edicion\/#breadcrumb"},"inLanguage":"eon-EON","potentialAction":[{"@type":"ReadAction","target":["https:\/\/alladixital.org\/productu\/cuentos-de-tradicion-oral-del-cuartu-los-va%e1%b8%b7%e1%b8%b7es-2-a-edicion\/"]}]},{"@type":"ImageObject","inLanguage":"eon-EON","@id":"https:\/\/alladixital.org\/productu\/cuentos-de-tradicion-oral-del-cuartu-los-va%e1%b8%b7%e1%b8%b7es-2-a-edicion\/#primaryimage","url":"https:\/\/alladixital.org\/wp-content\/uploads\/2023\/05\/Testos-de-recoyida-oral.jpg","contentUrl":"https:\/\/alladixital.org\/wp-content\/uploads\/2023\/05\/Testos-de-recoyida-oral.jpg","width":837,"height":699},{"@type":"BreadcrumbList","@id":"https:\/\/alladixital.org\/productu\/cuentos-de-tradicion-oral-del-cuartu-los-va%e1%b8%b7%e1%b8%b7es-2-a-edicion\/#breadcrumb","itemListElement":[{"@type":"ListItem","position":1,"name":"Portada","item":"https:\/\/alladixital.org\/eon\/"},{"@type":"ListItem","position":2,"name":"Tienda","item":"https:\/\/alladixital.org\/eon\/tienda-2\/"},{"@type":"ListItem","position":3,"name":"Cuentos de tradici\u00f3n oral d\u2019El Cuartu los Va\u1e37\u1e37es (2.\u00aa edici\u00f3n)"}]},{"@type":"WebSite","@id":"https:\/\/alladixital.org\/#website","url":"https:\/\/alladixital.org\/","name":"Academia de la Llingua Asturiana","description":"ALLA","publisher":{"@id":"https:\/\/alladixital.org\/#organization"},"potentialAction":[{"@type":"SearchAction","target":{"@type":"EntryPoint","urlTemplate":"https:\/\/alladixital.org\/?s={search_term_string}"},"query-input":{"@type":"PropertyValueSpecification","valueRequired":true,"valueName":"search_term_string"}}],"inLanguage":"eon-EON"},{"@type":"Organization","@id":"https:\/\/alladixital.org\/#organization","name":"Academia de la Llingua Asturiana","url":"https:\/\/alladixital.org\/","logo":{"@type":"ImageObject","inLanguage":"eon-EON","@id":"https:\/\/alladixital.org\/#\/schema\/logo\/image\/","url":"https:\/\/alladixital.org\/wp-content\/uploads\/2022\/08\/logo_LLINGUA_280_V3.jpg","contentUrl":"https:\/\/alladixital.org\/wp-content\/uploads\/2022\/08\/logo_LLINGUA_280_V3.jpg","width":1064,"height":1096,"caption":"Academia de la Llingua Asturiana"},"image":{"@id":"https:\/\/alladixital.org\/#\/schema\/logo\/image\/"},"sameAs":["https:\/\/www.facebook.com\/AcademiadelaLlinguaAsturiana\/","https:\/\/x.com\/ALLA_ast"]}]}},"brizy_media":[],"_links":{"self":[{"href":"https:\/\/alladixital.org\/eon\/wp-json\/wp\/v2\/product\/18799","targetHints":{"allow":["GET"]}}],"collection":[{"href":"https:\/\/alladixital.org\/eon\/wp-json\/wp\/v2\/product"}],"about":[{"href":"https:\/\/alladixital.org\/eon\/wp-json\/wp\/v2\/types\/product"}],"replies":[{"embeddable":true,"href":"https:\/\/alladixital.org\/eon\/wp-json\/wp\/v2\/comments?post=18799"}],"wp:featuredmedia":[{"embeddable":true,"href":"https:\/\/alladixital.org\/eon\/wp-json\/wp\/v2\/media\/18800"}],"wp:attachment":[{"href":"https:\/\/alladixital.org\/eon\/wp-json\/wp\/v2\/media?parent=18799"}],"wp:term":[{"taxonomy":"product_brand","embeddable":true,"href":"https:\/\/alladixital.org\/eon\/wp-json\/wp\/v2\/product_brand?post=18799"},{"taxonomy":"product_cat","embeddable":true,"href":"https:\/\/alladixital.org\/eon\/wp-json\/wp\/v2\/product_cat?post=18799"},{"taxonomy":"product_tag","embeddable":true,"href":"https:\/\/alladixital.org\/eon\/wp-json\/wp\/v2\/product_tag?post=18799"}],"curies":[{"name":"wp","href":"https:\/\/api.w.org\/{rel}","templated":true}]}}