{"id":38800,"date":"2025-07-29T10:00:55","date_gmt":"2025-07-29T08:00:55","guid":{"rendered":"https:\/\/alladixital.org\/producto\/escritos-asturianos-en-mexicu-vol-ii-1900-1930\/"},"modified":"2025-07-29T10:11:10","modified_gmt":"2025-07-29T08:11:10","slug":"escritos-asturianos-en-mexicu-vol-ii-1900-1930","status":"publish","type":"product","link":"https:\/\/alladixital.org\/eon\/producto\/escritos-asturianos-en-mexicu-vol-ii-1900-1930\/","title":{"rendered":"Escritos asturianos en M\u00e9xicu. Vol. II (1900-1930)"},"content":{"rendered":"<p>Result\u00e1u de la esbilla de los fondos dixitalizaos de la Hemeroteca Nacional de M\u00e9xicu, Xuan Xos\u00e9 S\u00e1nchez Vicente y Lluis \u00c1nxel N\u00fa\u00f1ez Enr\u00edquez ofrecen esti volume con escritos asturianos en peri\u00f3dicos mexicanos nel periodu del a\u00f1u 1900 al 1930. Romances, cartes, cr\u00f3niques o pieces con tresfondu teatral conformen una visi\u00f3n perinteresante de la socied\u00e1 asturiana, los sos vezos y la so producci\u00f3n y receici\u00f3n lliteraria nel contestu de la emigraci\u00f3n.<\/p>\n","protected":false},"excerpt":{"rendered":"<p>Result\u00e1u de la esbilla de los fondos dixitalizaos de la Hemeroteca Nacional de M\u00e9xicu, Xuan Xos\u00e9 S\u00e1nchez Vicente y Lluis \u00c1nxel N\u00fa\u00f1ez Enr\u00edquez ofrecen esti volume con escritos asturianos en peri\u00f3dicos mexicanos nel periodu del a\u00f1u 1900 al 1930. Romances, cartes, cr\u00f3niques o pieces con tresfondu teatral conformen una visi\u00f3n perinteresante de la socied\u00e1 asturiana, los sos vezos y la so producci\u00f3n y receici\u00f3n lliteraria nel contestu de la emigraci\u00f3n.<\/p>\n","protected":false},"featured_media":38809,"comment_status":"closed","ping_status":"closed","template":"","meta":{"_acf_changed":false},"product_brand":[],"product_cat":[1281],"product_tag":[],"class_list":{"0":"post-38800","1":"product","2":"type-product","3":"status-publish","4":"has-post-thumbnail","6":"product_cat-cartafueyos-de-lliteratura-escaecida-eon","7":"pa_anu-2025-eon","8":"pa_autor-dellos-autores-ed-xuan-xose-sanchez-vicente-y-lluis-nunez-enriquez-eon","9":"pa_editorial-alla-eon","10":"pa_idioma-asturianu-eon","12":"first","13":"instock","14":"shipping-taxable","15":"product-type-simple"},"acf":[],"yoast_head":"<!-- This site is optimized with the Yoast SEO plugin v26.7 - https:\/\/yoast.com\/wordpress\/plugins\/seo\/ -->\n<title>Escritos asturianos en M\u00e9xicu. Vol. II (1900-1930) - Academia de la Llingua Asturiana<\/title>\n<meta name=\"robots\" content=\"index, follow, max-snippet:-1, max-image-preview:large, max-video-preview:-1\" \/>\n<link rel=\"canonical\" href=\"https:\/\/alladixital.org\/eon\/producto\/escritos-asturianos-en-mexicu-vol-ii-1900-1930\/\" \/>\n<meta property=\"og:locale\" content=\"eo_EO\" \/>\n<meta property=\"og:type\" content=\"article\" \/>\n<meta property=\"og:title\" content=\"Escritos asturianos en M\u00e9xicu. Vol. II (1900-1930) - Academia de la Llingua Asturiana\" \/>\n<meta property=\"og:description\" content=\"Result\u00e1u de la esbilla de los fondos dixitalizaos de la Hemeroteca Nacional de M\u00e9xicu, Xuan Xos\u00e9 S\u00e1nchez Vicente y Lluis \u00c1nxel N\u00fa\u00f1ez Enr\u00edquez ofrecen esti volume con escritos asturianos en peri\u00f3dicos mexicanos nel periodu del a\u00f1u 1900 al 1930. Romances, cartes, cr\u00f3niques o pieces con tresfondu teatral conformen una visi\u00f3n perinteresante de la socied\u00e1 asturiana, los sos vezos y la so producci\u00f3n y receici\u00f3n lliteraria nel contestu de la emigraci\u00f3n.\" \/>\n<meta property=\"og:url\" content=\"https:\/\/alladixital.org\/eon\/producto\/escritos-asturianos-en-mexicu-vol-ii-1900-1930\/\" \/>\n<meta property=\"og:site_name\" content=\"Academia de la Llingua Asturiana\" \/>\n<meta property=\"article:publisher\" content=\"https:\/\/www.facebook.com\/AcademiadelaLlinguaAsturiana\/\" \/>\n<meta property=\"article:modified_time\" content=\"2025-07-29T08:11:10+00:00\" \/>\n<meta property=\"og:image\" content=\"https:\/\/alladixital.org\/wp-content\/uploads\/2025\/07\/Imagen2-1.png\" \/>\n\t<meta property=\"og:image:width\" content=\"478\" \/>\n\t<meta property=\"og:image:height\" content=\"681\" \/>\n\t<meta property=\"og:image:type\" content=\"image\/png\" \/>\n<meta name=\"twitter:card\" content=\"summary_large_image\" \/>\n<meta name=\"twitter:site\" content=\"@ALLA_ast\" \/>\n<script type=\"application\/ld+json\" class=\"yoast-schema-graph\">{\"@context\":\"https:\/\/schema.org\",\"@graph\":[{\"@type\":\"WebPage\",\"@id\":\"https:\/\/alladixital.org\/eon\/producto\/escritos-asturianos-en-mexicu-vol-ii-1900-1930\/\",\"url\":\"https:\/\/alladixital.org\/eon\/producto\/escritos-asturianos-en-mexicu-vol-ii-1900-1930\/\",\"name\":\"Escritos asturianos en M\u00e9xicu. Vol. II (1900-1930) - Academia de la Llingua Asturiana\",\"isPartOf\":{\"@id\":\"https:\/\/alladixital.org\/#website\"},\"primaryImageOfPage\":{\"@id\":\"https:\/\/alladixital.org\/eon\/producto\/escritos-asturianos-en-mexicu-vol-ii-1900-1930\/#primaryimage\"},\"image\":{\"@id\":\"https:\/\/alladixital.org\/eon\/producto\/escritos-asturianos-en-mexicu-vol-ii-1900-1930\/#primaryimage\"},\"thumbnailUrl\":\"https:\/\/alladixital.org\/wp-content\/uploads\/2025\/07\/Imagen2-1.png\",\"datePublished\":\"2025-07-29T08:00:55+00:00\",\"dateModified\":\"2025-07-29T08:11:10+00:00\",\"breadcrumb\":{\"@id\":\"https:\/\/alladixital.org\/eon\/producto\/escritos-asturianos-en-mexicu-vol-ii-1900-1930\/#breadcrumb\"},\"inLanguage\":\"eon-EON\",\"potentialAction\":[{\"@type\":\"ReadAction\",\"target\":[\"https:\/\/alladixital.org\/eon\/producto\/escritos-asturianos-en-mexicu-vol-ii-1900-1930\/\"]}]},{\"@type\":\"ImageObject\",\"inLanguage\":\"eon-EON\",\"@id\":\"https:\/\/alladixital.org\/eon\/producto\/escritos-asturianos-en-mexicu-vol-ii-1900-1930\/#primaryimage\",\"url\":\"https:\/\/alladixital.org\/wp-content\/uploads\/2025\/07\/Imagen2-1.png\",\"contentUrl\":\"https:\/\/alladixital.org\/wp-content\/uploads\/2025\/07\/Imagen2-1.png\",\"width\":478,\"height\":681},{\"@type\":\"BreadcrumbList\",\"@id\":\"https:\/\/alladixital.org\/eon\/producto\/escritos-asturianos-en-mexicu-vol-ii-1900-1930\/#breadcrumb\",\"itemListElement\":[{\"@type\":\"ListItem\",\"position\":1,\"name\":\"Portada\",\"item\":\"https:\/\/alladixital.org\/eon\/\"},{\"@type\":\"ListItem\",\"position\":2,\"name\":\"Tienda\",\"item\":\"https:\/\/alladixital.org\/eon\/tienda-2\/\"},{\"@type\":\"ListItem\",\"position\":3,\"name\":\"Escritos asturianos en M\u00e9xicu. Vol. II (1900-1930)\"}]},{\"@type\":\"WebSite\",\"@id\":\"https:\/\/alladixital.org\/#website\",\"url\":\"https:\/\/alladixital.org\/\",\"name\":\"Academia de la Llingua Asturiana\",\"description\":\"ALLA\",\"publisher\":{\"@id\":\"https:\/\/alladixital.org\/#organization\"},\"potentialAction\":[{\"@type\":\"SearchAction\",\"target\":{\"@type\":\"EntryPoint\",\"urlTemplate\":\"https:\/\/alladixital.org\/?s={search_term_string}\"},\"query-input\":{\"@type\":\"PropertyValueSpecification\",\"valueRequired\":true,\"valueName\":\"search_term_string\"}}],\"inLanguage\":\"eon-EON\"},{\"@type\":\"Organization\",\"@id\":\"https:\/\/alladixital.org\/#organization\",\"name\":\"Academia de la Llingua Asturiana\",\"url\":\"https:\/\/alladixital.org\/\",\"logo\":{\"@type\":\"ImageObject\",\"inLanguage\":\"eon-EON\",\"@id\":\"https:\/\/alladixital.org\/#\/schema\/logo\/image\/\",\"url\":\"https:\/\/alladixital.org\/wp-content\/uploads\/2022\/08\/logo_LLINGUA_280_V3.jpg\",\"contentUrl\":\"https:\/\/alladixital.org\/wp-content\/uploads\/2022\/08\/logo_LLINGUA_280_V3.jpg\",\"width\":1064,\"height\":1096,\"caption\":\"Academia de la Llingua Asturiana\"},\"image\":{\"@id\":\"https:\/\/alladixital.org\/#\/schema\/logo\/image\/\"},\"sameAs\":[\"https:\/\/www.facebook.com\/AcademiadelaLlinguaAsturiana\/\",\"https:\/\/x.com\/ALLA_ast\"]}]}<\/script>\n<!-- \/ Yoast SEO plugin. -->","yoast_head_json":{"title":"Escritos asturianos en M\u00e9xicu. Vol. II (1900-1930) - Academia de la Llingua Asturiana","robots":{"index":"index","follow":"follow","max-snippet":"max-snippet:-1","max-image-preview":"max-image-preview:large","max-video-preview":"max-video-preview:-1"},"canonical":"https:\/\/alladixital.org\/eon\/producto\/escritos-asturianos-en-mexicu-vol-ii-1900-1930\/","og_locale":"eo_EO","og_type":"article","og_title":"Escritos asturianos en M\u00e9xicu. Vol. II (1900-1930) - Academia de la Llingua Asturiana","og_description":"Result\u00e1u de la esbilla de los fondos dixitalizaos de la Hemeroteca Nacional de M\u00e9xicu, Xuan Xos\u00e9 S\u00e1nchez Vicente y Lluis \u00c1nxel N\u00fa\u00f1ez Enr\u00edquez ofrecen esti volume con escritos asturianos en peri\u00f3dicos mexicanos nel periodu del a\u00f1u 1900 al 1930. Romances, cartes, cr\u00f3niques o pieces con tresfondu teatral conformen una visi\u00f3n perinteresante de la socied\u00e1 asturiana, los sos vezos y la so producci\u00f3n y receici\u00f3n lliteraria nel contestu de la emigraci\u00f3n.","og_url":"https:\/\/alladixital.org\/eon\/producto\/escritos-asturianos-en-mexicu-vol-ii-1900-1930\/","og_site_name":"Academia de la Llingua Asturiana","article_publisher":"https:\/\/www.facebook.com\/AcademiadelaLlinguaAsturiana\/","article_modified_time":"2025-07-29T08:11:10+00:00","og_image":[{"width":478,"height":681,"url":"https:\/\/alladixital.org\/wp-content\/uploads\/2025\/07\/Imagen2-1.png","type":"image\/png"}],"twitter_card":"summary_large_image","twitter_site":"@ALLA_ast","schema":{"@context":"https:\/\/schema.org","@graph":[{"@type":"WebPage","@id":"https:\/\/alladixital.org\/eon\/producto\/escritos-asturianos-en-mexicu-vol-ii-1900-1930\/","url":"https:\/\/alladixital.org\/eon\/producto\/escritos-asturianos-en-mexicu-vol-ii-1900-1930\/","name":"Escritos asturianos en M\u00e9xicu. Vol. II (1900-1930) - Academia de la Llingua Asturiana","isPartOf":{"@id":"https:\/\/alladixital.org\/#website"},"primaryImageOfPage":{"@id":"https:\/\/alladixital.org\/eon\/producto\/escritos-asturianos-en-mexicu-vol-ii-1900-1930\/#primaryimage"},"image":{"@id":"https:\/\/alladixital.org\/eon\/producto\/escritos-asturianos-en-mexicu-vol-ii-1900-1930\/#primaryimage"},"thumbnailUrl":"https:\/\/alladixital.org\/wp-content\/uploads\/2025\/07\/Imagen2-1.png","datePublished":"2025-07-29T08:00:55+00:00","dateModified":"2025-07-29T08:11:10+00:00","breadcrumb":{"@id":"https:\/\/alladixital.org\/eon\/producto\/escritos-asturianos-en-mexicu-vol-ii-1900-1930\/#breadcrumb"},"inLanguage":"eon-EON","potentialAction":[{"@type":"ReadAction","target":["https:\/\/alladixital.org\/eon\/producto\/escritos-asturianos-en-mexicu-vol-ii-1900-1930\/"]}]},{"@type":"ImageObject","inLanguage":"eon-EON","@id":"https:\/\/alladixital.org\/eon\/producto\/escritos-asturianos-en-mexicu-vol-ii-1900-1930\/#primaryimage","url":"https:\/\/alladixital.org\/wp-content\/uploads\/2025\/07\/Imagen2-1.png","contentUrl":"https:\/\/alladixital.org\/wp-content\/uploads\/2025\/07\/Imagen2-1.png","width":478,"height":681},{"@type":"BreadcrumbList","@id":"https:\/\/alladixital.org\/eon\/producto\/escritos-asturianos-en-mexicu-vol-ii-1900-1930\/#breadcrumb","itemListElement":[{"@type":"ListItem","position":1,"name":"Portada","item":"https:\/\/alladixital.org\/eon\/"},{"@type":"ListItem","position":2,"name":"Tienda","item":"https:\/\/alladixital.org\/eon\/tienda-2\/"},{"@type":"ListItem","position":3,"name":"Escritos asturianos en M\u00e9xicu. Vol. II (1900-1930)"}]},{"@type":"WebSite","@id":"https:\/\/alladixital.org\/#website","url":"https:\/\/alladixital.org\/","name":"Academia de la Llingua Asturiana","description":"ALLA","publisher":{"@id":"https:\/\/alladixital.org\/#organization"},"potentialAction":[{"@type":"SearchAction","target":{"@type":"EntryPoint","urlTemplate":"https:\/\/alladixital.org\/?s={search_term_string}"},"query-input":{"@type":"PropertyValueSpecification","valueRequired":true,"valueName":"search_term_string"}}],"inLanguage":"eon-EON"},{"@type":"Organization","@id":"https:\/\/alladixital.org\/#organization","name":"Academia de la Llingua Asturiana","url":"https:\/\/alladixital.org\/","logo":{"@type":"ImageObject","inLanguage":"eon-EON","@id":"https:\/\/alladixital.org\/#\/schema\/logo\/image\/","url":"https:\/\/alladixital.org\/wp-content\/uploads\/2022\/08\/logo_LLINGUA_280_V3.jpg","contentUrl":"https:\/\/alladixital.org\/wp-content\/uploads\/2022\/08\/logo_LLINGUA_280_V3.jpg","width":1064,"height":1096,"caption":"Academia de la Llingua Asturiana"},"image":{"@id":"https:\/\/alladixital.org\/#\/schema\/logo\/image\/"},"sameAs":["https:\/\/www.facebook.com\/AcademiadelaLlinguaAsturiana\/","https:\/\/x.com\/ALLA_ast"]}]}},"brizy_media":[],"_links":{"self":[{"href":"https:\/\/alladixital.org\/eon\/wp-json\/wp\/v2\/product\/38800","targetHints":{"allow":["GET"]}}],"collection":[{"href":"https:\/\/alladixital.org\/eon\/wp-json\/wp\/v2\/product"}],"about":[{"href":"https:\/\/alladixital.org\/eon\/wp-json\/wp\/v2\/types\/product"}],"replies":[{"embeddable":true,"href":"https:\/\/alladixital.org\/eon\/wp-json\/wp\/v2\/comments?post=38800"}],"wp:featuredmedia":[{"embeddable":true,"href":"https:\/\/alladixital.org\/eon\/wp-json\/wp\/v2\/media\/38809"}],"wp:attachment":[{"href":"https:\/\/alladixital.org\/eon\/wp-json\/wp\/v2\/media?parent=38800"}],"wp:term":[{"taxonomy":"product_brand","embeddable":true,"href":"https:\/\/alladixital.org\/eon\/wp-json\/wp\/v2\/product_brand?post=38800"},{"taxonomy":"product_cat","embeddable":true,"href":"https:\/\/alladixital.org\/eon\/wp-json\/wp\/v2\/product_cat?post=38800"},{"taxonomy":"product_tag","embeddable":true,"href":"https:\/\/alladixital.org\/eon\/wp-json\/wp\/v2\/product_tag?post=38800"}],"curies":[{"name":"wp","href":"https:\/\/api.w.org\/{rel}","templated":true}]}}