{"id":38901,"date":"2025-08-13T14:19:29","date_gmt":"2025-08-13T12:19:29","guid":{"rendered":"https:\/\/alladixital.org\/?post_type=product&#038;p=38901"},"modified":"2025-08-13T14:20:55","modified_gmt":"2025-08-13T12:20:55","slug":"estaxos","status":"publish","type":"product","link":"https:\/\/alladixital.org\/eon\/producto\/estaxos\/","title":{"rendered":"Estaxos"},"content":{"rendered":"<p>Este poemario, ganador del III Concurso de Poes\u00eda \u00abR\u00eda del Eo\u00bb, \u00e9 un obra na que s\u2019organizan sentimentos y pensamentos del mesmo xeito que se divide a terra en estaxos pra trabayala: empeza cua lliberaci\u00f3n de se\u00f1ardades y dolos pra desp\u00f3s po\u00f1er a mente y el coraz\u00f3n na infancia qu\u2019arrod\u00eda \u00e1 autora. Llougo, nel seu af\u00e1n d\u2019ense\u00f1ar, recoye el saber d\u2019antano en refr\u00e1is a os qu\u2019acolleira con hestorias, pr\u2019acabar con bus conseyos pra dar acougo todo aquel que te\u00f1a el coraz\u00f3n encoyido.<\/p>\n<p>Igual qu\u2019el llabrador volca os sous conocementos na terra pra qu\u2019a semente grille forte, estos poemas tan ch\u00edos d\u2019un saber que podemos aprender si llemos con oyos atentos us versos de l\u00e9xico preciso, gran musicalid\u00e1 y \u00faa forza qu\u2019arremete no m\u00e1is fondo.<\/p>\n","protected":false},"excerpt":{"rendered":"<p>Este poemario, ganador del III Concurso de Poes\u00eda \u00abR\u00eda del Eo\u00bb, \u00e9 un obra na que s\u2019organizan sentimentos y pensamentos del mesmo xeito que se divide a terra en estaxos &hellip; <\/p>\n<p class=\"link-more\"><a href=\"https:\/\/alladixital.org\/eon\/producto\/estaxos\/\" class=\"more-link\">Continue reading<span class=\"screen-reader-text\"> &#8220;Estaxos&#8221;<\/span><\/a><\/p>\n","protected":false},"featured_media":38908,"comment_status":"closed","ping_status":"closed","template":"","meta":{"_acf_changed":false},"product_brand":[],"product_cat":[1070],"product_tag":[],"class_list":{"0":"post-38901","1":"product","2":"type-product","3":"status-publish","4":"has-post-thumbnail","6":"product_cat-bidureira","7":"pa_anu-1251","8":"pa_autor-carmen-sineriz-rico","9":"pa_editorial-alla","10":"pa_idioma-eonaviegu","12":"first","13":"instock","14":"shipping-taxable","15":"product-type-simple"},"acf":[],"yoast_head":"<!-- This site is optimized with the Yoast SEO plugin v26.7 - https:\/\/yoast.com\/wordpress\/plugins\/seo\/ -->\n<title>Estaxos - Academia de la Llingua Asturiana<\/title>\n<meta name=\"description\" content=\"Este poemario, ganador del III Concurso de Poes\u00eda \u00abR\u00eda del Eo\u00bb, \u00e9 un obra na que s\u2019organizan sentimentos y pensamentos del mesmo xeito que se divide a terra en estaxos pra trabayala: empeza cua lliberaci\u00f3n de se\u00f1ardades y dolos pra desp\u00f3s po\u00f1er a mente y el coraz\u00f3n na infancia qu\u2019arrod\u00eda \u00e1 autora.\" \/>\n<meta name=\"robots\" content=\"index, follow, max-snippet:-1, max-image-preview:large, max-video-preview:-1\" \/>\n<link rel=\"canonical\" href=\"https:\/\/alladixital.org\/productu\/estaxos\/\" \/>\n<meta property=\"og:locale\" content=\"eo_EO\" \/>\n<meta property=\"og:type\" content=\"article\" \/>\n<meta property=\"og:title\" content=\"Estaxos - Academia de la Llingua Asturiana\" \/>\n<meta property=\"og:description\" content=\"Este poemario, ganador del III Concurso de Poes\u00eda \u00abR\u00eda del Eo\u00bb, \u00e9 un obra na que s\u2019organizan sentimentos y pensamentos del mesmo xeito que se divide a terra en estaxos pra trabayala: empeza cua lliberaci\u00f3n de se\u00f1ardades y dolos pra desp\u00f3s po\u00f1er a mente y el coraz\u00f3n na infancia qu\u2019arrod\u00eda \u00e1 autora.\" \/>\n<meta property=\"og:url\" content=\"https:\/\/alladixital.org\/productu\/estaxos\/\" \/>\n<meta property=\"og:site_name\" content=\"Academia de la Llingua Asturiana\" \/>\n<meta property=\"article:publisher\" content=\"https:\/\/www.facebook.com\/AcademiadelaLlinguaAsturiana\/\" \/>\n<meta property=\"article:modified_time\" content=\"2025-08-13T12:20:55+00:00\" \/>\n<meta property=\"og:image\" content=\"https:\/\/alladixital.org\/wp-content\/uploads\/2025\/08\/estaxos-bidureira-5-2.jpg\" \/>\n\t<meta property=\"og:image:width\" content=\"1080\" \/>\n\t<meta property=\"og:image:height\" content=\"1710\" \/>\n\t<meta property=\"og:image:type\" content=\"image\/jpeg\" \/>\n<meta name=\"twitter:card\" content=\"summary_large_image\" \/>\n<meta name=\"twitter:site\" content=\"@ALLA_ast\" \/>\n<script type=\"application\/ld+json\" class=\"yoast-schema-graph\">{\"@context\":\"https:\/\/schema.org\",\"@graph\":[{\"@type\":\"WebPage\",\"@id\":\"https:\/\/alladixital.org\/productu\/estaxos\/\",\"url\":\"https:\/\/alladixital.org\/productu\/estaxos\/\",\"name\":\"Estaxos - Academia de la Llingua Asturiana\",\"isPartOf\":{\"@id\":\"https:\/\/alladixital.org\/#website\"},\"primaryImageOfPage\":{\"@id\":\"https:\/\/alladixital.org\/productu\/estaxos\/#primaryimage\"},\"image\":{\"@id\":\"https:\/\/alladixital.org\/productu\/estaxos\/#primaryimage\"},\"thumbnailUrl\":\"https:\/\/alladixital.org\/wp-content\/uploads\/2025\/08\/estaxos-bidureira-5-2.jpg\",\"datePublished\":\"2025-08-13T12:19:29+00:00\",\"dateModified\":\"2025-08-13T12:20:55+00:00\",\"description\":\"Este poemario, ganador del III Concurso de Poes\u00eda \u00abR\u00eda del Eo\u00bb, \u00e9 un obra na que s\u2019organizan sentimentos y pensamentos del mesmo xeito que se divide a terra en estaxos pra trabayala: empeza cua lliberaci\u00f3n de se\u00f1ardades y dolos pra desp\u00f3s po\u00f1er a mente y el coraz\u00f3n na infancia qu\u2019arrod\u00eda \u00e1 autora.\",\"breadcrumb\":{\"@id\":\"https:\/\/alladixital.org\/productu\/estaxos\/#breadcrumb\"},\"inLanguage\":\"eon-EON\",\"potentialAction\":[{\"@type\":\"ReadAction\",\"target\":[\"https:\/\/alladixital.org\/productu\/estaxos\/\"]}]},{\"@type\":\"ImageObject\",\"inLanguage\":\"eon-EON\",\"@id\":\"https:\/\/alladixital.org\/productu\/estaxos\/#primaryimage\",\"url\":\"https:\/\/alladixital.org\/wp-content\/uploads\/2025\/08\/estaxos-bidureira-5-2.jpg\",\"contentUrl\":\"https:\/\/alladixital.org\/wp-content\/uploads\/2025\/08\/estaxos-bidureira-5-2.jpg\",\"width\":1080,\"height\":1710},{\"@type\":\"BreadcrumbList\",\"@id\":\"https:\/\/alladixital.org\/productu\/estaxos\/#breadcrumb\",\"itemListElement\":[{\"@type\":\"ListItem\",\"position\":1,\"name\":\"Portada\",\"item\":\"https:\/\/alladixital.org\/eon\/\"},{\"@type\":\"ListItem\",\"position\":2,\"name\":\"Tienda\",\"item\":\"https:\/\/alladixital.org\/eon\/tienda-2\/\"},{\"@type\":\"ListItem\",\"position\":3,\"name\":\"Estaxos\"}]},{\"@type\":\"WebSite\",\"@id\":\"https:\/\/alladixital.org\/#website\",\"url\":\"https:\/\/alladixital.org\/\",\"name\":\"Academia de la Llingua Asturiana\",\"description\":\"ALLA\",\"publisher\":{\"@id\":\"https:\/\/alladixital.org\/#organization\"},\"potentialAction\":[{\"@type\":\"SearchAction\",\"target\":{\"@type\":\"EntryPoint\",\"urlTemplate\":\"https:\/\/alladixital.org\/?s={search_term_string}\"},\"query-input\":{\"@type\":\"PropertyValueSpecification\",\"valueRequired\":true,\"valueName\":\"search_term_string\"}}],\"inLanguage\":\"eon-EON\"},{\"@type\":\"Organization\",\"@id\":\"https:\/\/alladixital.org\/#organization\",\"name\":\"Academia de la Llingua Asturiana\",\"url\":\"https:\/\/alladixital.org\/\",\"logo\":{\"@type\":\"ImageObject\",\"inLanguage\":\"eon-EON\",\"@id\":\"https:\/\/alladixital.org\/#\/schema\/logo\/image\/\",\"url\":\"https:\/\/alladixital.org\/wp-content\/uploads\/2022\/08\/logo_LLINGUA_280_V3.jpg\",\"contentUrl\":\"https:\/\/alladixital.org\/wp-content\/uploads\/2022\/08\/logo_LLINGUA_280_V3.jpg\",\"width\":1064,\"height\":1096,\"caption\":\"Academia de la Llingua Asturiana\"},\"image\":{\"@id\":\"https:\/\/alladixital.org\/#\/schema\/logo\/image\/\"},\"sameAs\":[\"https:\/\/www.facebook.com\/AcademiadelaLlinguaAsturiana\/\",\"https:\/\/x.com\/ALLA_ast\"]}]}<\/script>\n<!-- \/ Yoast SEO plugin. -->","yoast_head_json":{"title":"Estaxos - Academia de la Llingua Asturiana","description":"Este poemario, ganador del III Concurso de Poes\u00eda \u00abR\u00eda del Eo\u00bb, \u00e9 un obra na que s\u2019organizan sentimentos y pensamentos del mesmo xeito que se divide a terra en estaxos pra trabayala: empeza cua lliberaci\u00f3n de se\u00f1ardades y dolos pra desp\u00f3s po\u00f1er a mente y el coraz\u00f3n na infancia qu\u2019arrod\u00eda \u00e1 autora.","robots":{"index":"index","follow":"follow","max-snippet":"max-snippet:-1","max-image-preview":"max-image-preview:large","max-video-preview":"max-video-preview:-1"},"canonical":"https:\/\/alladixital.org\/productu\/estaxos\/","og_locale":"eo_EO","og_type":"article","og_title":"Estaxos - Academia de la Llingua Asturiana","og_description":"Este poemario, ganador del III Concurso de Poes\u00eda \u00abR\u00eda del Eo\u00bb, \u00e9 un obra na que s\u2019organizan sentimentos y pensamentos del mesmo xeito que se divide a terra en estaxos pra trabayala: empeza cua lliberaci\u00f3n de se\u00f1ardades y dolos pra desp\u00f3s po\u00f1er a mente y el coraz\u00f3n na infancia qu\u2019arrod\u00eda \u00e1 autora.","og_url":"https:\/\/alladixital.org\/productu\/estaxos\/","og_site_name":"Academia de la Llingua Asturiana","article_publisher":"https:\/\/www.facebook.com\/AcademiadelaLlinguaAsturiana\/","article_modified_time":"2025-08-13T12:20:55+00:00","og_image":[{"width":1080,"height":1710,"url":"https:\/\/alladixital.org\/wp-content\/uploads\/2025\/08\/estaxos-bidureira-5-2.jpg","type":"image\/jpeg"}],"twitter_card":"summary_large_image","twitter_site":"@ALLA_ast","schema":{"@context":"https:\/\/schema.org","@graph":[{"@type":"WebPage","@id":"https:\/\/alladixital.org\/productu\/estaxos\/","url":"https:\/\/alladixital.org\/productu\/estaxos\/","name":"Estaxos - Academia de la Llingua Asturiana","isPartOf":{"@id":"https:\/\/alladixital.org\/#website"},"primaryImageOfPage":{"@id":"https:\/\/alladixital.org\/productu\/estaxos\/#primaryimage"},"image":{"@id":"https:\/\/alladixital.org\/productu\/estaxos\/#primaryimage"},"thumbnailUrl":"https:\/\/alladixital.org\/wp-content\/uploads\/2025\/08\/estaxos-bidureira-5-2.jpg","datePublished":"2025-08-13T12:19:29+00:00","dateModified":"2025-08-13T12:20:55+00:00","description":"Este poemario, ganador del III Concurso de Poes\u00eda \u00abR\u00eda del Eo\u00bb, \u00e9 un obra na que s\u2019organizan sentimentos y pensamentos del mesmo xeito que se divide a terra en estaxos pra trabayala: empeza cua lliberaci\u00f3n de se\u00f1ardades y dolos pra desp\u00f3s po\u00f1er a mente y el coraz\u00f3n na infancia qu\u2019arrod\u00eda \u00e1 autora.","breadcrumb":{"@id":"https:\/\/alladixital.org\/productu\/estaxos\/#breadcrumb"},"inLanguage":"eon-EON","potentialAction":[{"@type":"ReadAction","target":["https:\/\/alladixital.org\/productu\/estaxos\/"]}]},{"@type":"ImageObject","inLanguage":"eon-EON","@id":"https:\/\/alladixital.org\/productu\/estaxos\/#primaryimage","url":"https:\/\/alladixital.org\/wp-content\/uploads\/2025\/08\/estaxos-bidureira-5-2.jpg","contentUrl":"https:\/\/alladixital.org\/wp-content\/uploads\/2025\/08\/estaxos-bidureira-5-2.jpg","width":1080,"height":1710},{"@type":"BreadcrumbList","@id":"https:\/\/alladixital.org\/productu\/estaxos\/#breadcrumb","itemListElement":[{"@type":"ListItem","position":1,"name":"Portada","item":"https:\/\/alladixital.org\/eon\/"},{"@type":"ListItem","position":2,"name":"Tienda","item":"https:\/\/alladixital.org\/eon\/tienda-2\/"},{"@type":"ListItem","position":3,"name":"Estaxos"}]},{"@type":"WebSite","@id":"https:\/\/alladixital.org\/#website","url":"https:\/\/alladixital.org\/","name":"Academia de la Llingua Asturiana","description":"ALLA","publisher":{"@id":"https:\/\/alladixital.org\/#organization"},"potentialAction":[{"@type":"SearchAction","target":{"@type":"EntryPoint","urlTemplate":"https:\/\/alladixital.org\/?s={search_term_string}"},"query-input":{"@type":"PropertyValueSpecification","valueRequired":true,"valueName":"search_term_string"}}],"inLanguage":"eon-EON"},{"@type":"Organization","@id":"https:\/\/alladixital.org\/#organization","name":"Academia de la Llingua Asturiana","url":"https:\/\/alladixital.org\/","logo":{"@type":"ImageObject","inLanguage":"eon-EON","@id":"https:\/\/alladixital.org\/#\/schema\/logo\/image\/","url":"https:\/\/alladixital.org\/wp-content\/uploads\/2022\/08\/logo_LLINGUA_280_V3.jpg","contentUrl":"https:\/\/alladixital.org\/wp-content\/uploads\/2022\/08\/logo_LLINGUA_280_V3.jpg","width":1064,"height":1096,"caption":"Academia de la Llingua Asturiana"},"image":{"@id":"https:\/\/alladixital.org\/#\/schema\/logo\/image\/"},"sameAs":["https:\/\/www.facebook.com\/AcademiadelaLlinguaAsturiana\/","https:\/\/x.com\/ALLA_ast"]}]}},"brizy_media":[],"_links":{"self":[{"href":"https:\/\/alladixital.org\/eon\/wp-json\/wp\/v2\/product\/38901","targetHints":{"allow":["GET"]}}],"collection":[{"href":"https:\/\/alladixital.org\/eon\/wp-json\/wp\/v2\/product"}],"about":[{"href":"https:\/\/alladixital.org\/eon\/wp-json\/wp\/v2\/types\/product"}],"replies":[{"embeddable":true,"href":"https:\/\/alladixital.org\/eon\/wp-json\/wp\/v2\/comments?post=38901"}],"wp:featuredmedia":[{"embeddable":true,"href":"https:\/\/alladixital.org\/eon\/wp-json\/wp\/v2\/media\/38908"}],"wp:attachment":[{"href":"https:\/\/alladixital.org\/eon\/wp-json\/wp\/v2\/media?parent=38901"}],"wp:term":[{"taxonomy":"product_brand","embeddable":true,"href":"https:\/\/alladixital.org\/eon\/wp-json\/wp\/v2\/product_brand?post=38901"},{"taxonomy":"product_cat","embeddable":true,"href":"https:\/\/alladixital.org\/eon\/wp-json\/wp\/v2\/product_cat?post=38901"},{"taxonomy":"product_tag","embeddable":true,"href":"https:\/\/alladixital.org\/eon\/wp-json\/wp\/v2\/product_tag?post=38901"}],"curies":[{"name":"wp","href":"https:\/\/api.w.org\/{rel}","templated":true}]}}