{"id":40315,"date":"2025-10-03T13:57:09","date_gmt":"2025-10-03T11:57:09","guid":{"rendered":"https:\/\/alladixital.org\/producto\/xeneru-soecida-ya-historia-nos-nomes-de-llugar-una-gueyada-panhispanica\/"},"modified":"2025-10-06T09:40:44","modified_gmt":"2025-10-06T07:40:44","slug":"xeneru-socieda-ya-historia-nos-nomes-de-llugar-una-gueyada-panhispanica","status":"publish","type":"product","link":"https:\/\/alladixital.org\/eon\/producto\/xeneru-socieda-ya-historia-nos-nomes-de-llugar-una-gueyada-panhispanica\/","title":{"rendered":"X\u00e9neru socied\u00e1 ya historia nos nomes de llugar: una g\u00fceyada panhisp\u00e1nica"},"content":{"rendered":"<p>Esta obra recueye los trabayos presentaos nel IV Congreso ToponHip celebr\u00e1u n&#8217;Uvi\u00e9u los d\u00edes 18 a 20 de payares del 2024. Nellos ponse&#8217;l focu en cuestiones de x\u00e9neru y, en particular, nes repercusiones que l&#8217;antroponimia femenina manifiesta na fixaci\u00f3n d&#8217;un ampliu n\u00famberu de nomes de sitios. Tami\u00e9n s&#8217;afonda en dellos aspeutos que determinen les interaiciones de les sociedaes humanes col entornu f\u00edsicu, como l&#8217;agua, la vida y la muerte o l&#8217;agricultura, y en qu\u00e9 midida estos gu\u00eden la motivaci\u00f3n de dellos top\u00f3nimos y hasta l&#8217;afitamientu de f\u00f3rmules populares coles qu&#8217;identificar a la xente del llugar. P&#8217;acabar, un peque\u00f1u conxuntu de trabayos acomete la siempre complexa tarea de trazar, con una perspeutiva diacr\u00f3nica o hist\u00f3rica, los posibles or\u00edxenes de dalgunos nomes de llugar que puen resultar controvert\u00edos.<\/p>\n<p><a href=\"https:\/\/alladixital.org\/wp-content\/uploads\/2025\/10\/3.1.D-Xeneru-socieda-ya-histoi.pdf\">Descarga <strong>equ\u00ed<\/strong>&#8216;l PDF.<\/a><\/p>\n","protected":false},"excerpt":{"rendered":"<p>Esta obra recueye los trabayos presentaos nel IV Congreso ToponHip celebr\u00e1u n&#8217;Uvi\u00e9u los d\u00edes 18 a 20 de payares del 2024. Nellos ponse&#8217;l focu en cuestiones de x\u00e9neru y, en &hellip; <\/p>\n<p class=\"link-more\"><a href=\"https:\/\/alladixital.org\/eon\/producto\/xeneru-socieda-ya-historia-nos-nomes-de-llugar-una-gueyada-panhispanica\/\" class=\"more-link\">Continue reading<span class=\"screen-reader-text\"> &#8220;X\u00e9neru socied\u00e1 ya historia nos nomes de llugar: una g\u00fceyada panhisp\u00e1nica&#8221;<\/span><\/a><\/p>\n","protected":false},"featured_media":40313,"comment_status":"closed","ping_status":"closed","template":"","meta":{"_acf_changed":false},"product_brand":[],"product_cat":[1261],"product_tag":[],"class_list":{"0":"post-40315","1":"product","2":"type-product","3":"status-publish","4":"has-post-thumbnail","6":"product_cat-otras-publicaciones-eon","7":"pa_anu-2025-eon","8":"pa_autor-fuente-cornejo-toribio-cano-gonzalez-ana-maria-editores-eon","9":"pa_editorial-alla-eon","10":"pa_editorial-universida-duvieu-eon","11":"pa_idioma-asturianu-eon","12":"pa_idioma-castellanu-eon","14":"first","15":"instock","16":"shipping-taxable","17":"product-type-simple"},"acf":[],"yoast_head":"<!-- This site is optimized with the Yoast SEO plugin v26.7 - https:\/\/yoast.com\/wordpress\/plugins\/seo\/ -->\n<title>X\u00e9neru socied\u00e1 ya historia nos nomes de llugar: una g\u00fceyada panhisp\u00e1nica - Academia de la Llingua Asturiana<\/title>\n<meta name=\"robots\" content=\"index, follow, max-snippet:-1, max-image-preview:large, max-video-preview:-1\" \/>\n<link rel=\"canonical\" href=\"https:\/\/alladixital.org\/eon\/producto\/xeneru-socieda-ya-historia-nos-nomes-de-llugar-una-gueyada-panhispanica\/\" \/>\n<meta property=\"og:locale\" content=\"eo_EO\" \/>\n<meta property=\"og:type\" content=\"article\" \/>\n<meta property=\"og:title\" content=\"X\u00e9neru socied\u00e1 ya historia nos nomes de llugar: una g\u00fceyada panhisp\u00e1nica - Academia de la Llingua Asturiana\" \/>\n<meta property=\"og:description\" content=\"Esta obra recueye los trabayos presentaos nel IV Congreso ToponHip celebr\u00e1u n&#8217;Uvi\u00e9u los d\u00edes 18 a 20 de payares del 2024. Nellos ponse&#8217;l focu en cuestiones de x\u00e9neru y, en &hellip; Continue reading &quot;X\u00e9neru socied\u00e1 ya historia nos nomes de llugar: una g\u00fceyada panhisp\u00e1nica&quot;\" \/>\n<meta property=\"og:url\" content=\"https:\/\/alladixital.org\/eon\/producto\/xeneru-socieda-ya-historia-nos-nomes-de-llugar-una-gueyada-panhispanica\/\" \/>\n<meta property=\"og:site_name\" content=\"Academia de la Llingua Asturiana\" \/>\n<meta property=\"article:publisher\" content=\"https:\/\/www.facebook.com\/AcademiadelaLlinguaAsturiana\/\" \/>\n<meta property=\"article:modified_time\" content=\"2025-10-06T07:40:44+00:00\" \/>\n<meta property=\"og:image\" content=\"https:\/\/alladixital.org\/wp-content\/uploads\/2025\/10\/Xeneru-socieda-ya-historia.jpg\" \/>\n\t<meta property=\"og:image:width\" content=\"1355\" \/>\n\t<meta property=\"og:image:height\" content=\"1890\" \/>\n\t<meta property=\"og:image:type\" content=\"image\/jpeg\" \/>\n<meta name=\"twitter:card\" content=\"summary_large_image\" \/>\n<meta name=\"twitter:site\" content=\"@ALLA_ast\" \/>\n<script type=\"application\/ld+json\" class=\"yoast-schema-graph\">{\"@context\":\"https:\/\/schema.org\",\"@graph\":[{\"@type\":\"WebPage\",\"@id\":\"https:\/\/alladixital.org\/eon\/producto\/xeneru-socieda-ya-historia-nos-nomes-de-llugar-una-gueyada-panhispanica\/\",\"url\":\"https:\/\/alladixital.org\/eon\/producto\/xeneru-socieda-ya-historia-nos-nomes-de-llugar-una-gueyada-panhispanica\/\",\"name\":\"X\u00e9neru socied\u00e1 ya historia nos nomes de llugar: una g\u00fceyada panhisp\u00e1nica - Academia de la Llingua Asturiana\",\"isPartOf\":{\"@id\":\"https:\/\/alladixital.org\/#website\"},\"primaryImageOfPage\":{\"@id\":\"https:\/\/alladixital.org\/eon\/producto\/xeneru-socieda-ya-historia-nos-nomes-de-llugar-una-gueyada-panhispanica\/#primaryimage\"},\"image\":{\"@id\":\"https:\/\/alladixital.org\/eon\/producto\/xeneru-socieda-ya-historia-nos-nomes-de-llugar-una-gueyada-panhispanica\/#primaryimage\"},\"thumbnailUrl\":\"https:\/\/alladixital.org\/wp-content\/uploads\/2025\/10\/Xeneru-socieda-ya-historia.jpg\",\"datePublished\":\"2025-10-03T11:57:09+00:00\",\"dateModified\":\"2025-10-06T07:40:44+00:00\",\"breadcrumb\":{\"@id\":\"https:\/\/alladixital.org\/eon\/producto\/xeneru-socieda-ya-historia-nos-nomes-de-llugar-una-gueyada-panhispanica\/#breadcrumb\"},\"inLanguage\":\"eon-EON\",\"potentialAction\":[{\"@type\":\"ReadAction\",\"target\":[\"https:\/\/alladixital.org\/eon\/producto\/xeneru-socieda-ya-historia-nos-nomes-de-llugar-una-gueyada-panhispanica\/\"]}]},{\"@type\":\"ImageObject\",\"inLanguage\":\"eon-EON\",\"@id\":\"https:\/\/alladixital.org\/eon\/producto\/xeneru-socieda-ya-historia-nos-nomes-de-llugar-una-gueyada-panhispanica\/#primaryimage\",\"url\":\"https:\/\/alladixital.org\/wp-content\/uploads\/2025\/10\/Xeneru-socieda-ya-historia.jpg\",\"contentUrl\":\"https:\/\/alladixital.org\/wp-content\/uploads\/2025\/10\/Xeneru-socieda-ya-historia.jpg\",\"width\":1355,\"height\":1890},{\"@type\":\"BreadcrumbList\",\"@id\":\"https:\/\/alladixital.org\/eon\/producto\/xeneru-socieda-ya-historia-nos-nomes-de-llugar-una-gueyada-panhispanica\/#breadcrumb\",\"itemListElement\":[{\"@type\":\"ListItem\",\"position\":1,\"name\":\"Portada\",\"item\":\"https:\/\/alladixital.org\/eon\/\"},{\"@type\":\"ListItem\",\"position\":2,\"name\":\"Tienda\",\"item\":\"https:\/\/alladixital.org\/eon\/tienda-2\/\"},{\"@type\":\"ListItem\",\"position\":3,\"name\":\"X\u00e9neru socied\u00e1 ya historia nos nomes de llugar: una g\u00fceyada panhisp\u00e1nica\"}]},{\"@type\":\"WebSite\",\"@id\":\"https:\/\/alladixital.org\/#website\",\"url\":\"https:\/\/alladixital.org\/\",\"name\":\"Academia de la Llingua Asturiana\",\"description\":\"ALLA\",\"publisher\":{\"@id\":\"https:\/\/alladixital.org\/#organization\"},\"potentialAction\":[{\"@type\":\"SearchAction\",\"target\":{\"@type\":\"EntryPoint\",\"urlTemplate\":\"https:\/\/alladixital.org\/?s={search_term_string}\"},\"query-input\":{\"@type\":\"PropertyValueSpecification\",\"valueRequired\":true,\"valueName\":\"search_term_string\"}}],\"inLanguage\":\"eon-EON\"},{\"@type\":\"Organization\",\"@id\":\"https:\/\/alladixital.org\/#organization\",\"name\":\"Academia de la Llingua Asturiana\",\"url\":\"https:\/\/alladixital.org\/\",\"logo\":{\"@type\":\"ImageObject\",\"inLanguage\":\"eon-EON\",\"@id\":\"https:\/\/alladixital.org\/#\/schema\/logo\/image\/\",\"url\":\"https:\/\/alladixital.org\/wp-content\/uploads\/2022\/08\/logo_LLINGUA_280_V3.jpg\",\"contentUrl\":\"https:\/\/alladixital.org\/wp-content\/uploads\/2022\/08\/logo_LLINGUA_280_V3.jpg\",\"width\":1064,\"height\":1096,\"caption\":\"Academia de la Llingua Asturiana\"},\"image\":{\"@id\":\"https:\/\/alladixital.org\/#\/schema\/logo\/image\/\"},\"sameAs\":[\"https:\/\/www.facebook.com\/AcademiadelaLlinguaAsturiana\/\",\"https:\/\/x.com\/ALLA_ast\"]}]}<\/script>\n<!-- \/ Yoast SEO plugin. -->","yoast_head_json":{"title":"X\u00e9neru socied\u00e1 ya historia nos nomes de llugar: una g\u00fceyada panhisp\u00e1nica - Academia de la Llingua Asturiana","robots":{"index":"index","follow":"follow","max-snippet":"max-snippet:-1","max-image-preview":"max-image-preview:large","max-video-preview":"max-video-preview:-1"},"canonical":"https:\/\/alladixital.org\/eon\/producto\/xeneru-socieda-ya-historia-nos-nomes-de-llugar-una-gueyada-panhispanica\/","og_locale":"eo_EO","og_type":"article","og_title":"X\u00e9neru socied\u00e1 ya historia nos nomes de llugar: una g\u00fceyada panhisp\u00e1nica - Academia de la Llingua Asturiana","og_description":"Esta obra recueye los trabayos presentaos nel IV Congreso ToponHip celebr\u00e1u n&#8217;Uvi\u00e9u los d\u00edes 18 a 20 de payares del 2024. Nellos ponse&#8217;l focu en cuestiones de x\u00e9neru y, en &hellip; Continue reading \"X\u00e9neru socied\u00e1 ya historia nos nomes de llugar: una g\u00fceyada panhisp\u00e1nica\"","og_url":"https:\/\/alladixital.org\/eon\/producto\/xeneru-socieda-ya-historia-nos-nomes-de-llugar-una-gueyada-panhispanica\/","og_site_name":"Academia de la Llingua Asturiana","article_publisher":"https:\/\/www.facebook.com\/AcademiadelaLlinguaAsturiana\/","article_modified_time":"2025-10-06T07:40:44+00:00","og_image":[{"width":1355,"height":1890,"url":"https:\/\/alladixital.org\/wp-content\/uploads\/2025\/10\/Xeneru-socieda-ya-historia.jpg","type":"image\/jpeg"}],"twitter_card":"summary_large_image","twitter_site":"@ALLA_ast","schema":{"@context":"https:\/\/schema.org","@graph":[{"@type":"WebPage","@id":"https:\/\/alladixital.org\/eon\/producto\/xeneru-socieda-ya-historia-nos-nomes-de-llugar-una-gueyada-panhispanica\/","url":"https:\/\/alladixital.org\/eon\/producto\/xeneru-socieda-ya-historia-nos-nomes-de-llugar-una-gueyada-panhispanica\/","name":"X\u00e9neru socied\u00e1 ya historia nos nomes de llugar: una g\u00fceyada panhisp\u00e1nica - Academia de la Llingua Asturiana","isPartOf":{"@id":"https:\/\/alladixital.org\/#website"},"primaryImageOfPage":{"@id":"https:\/\/alladixital.org\/eon\/producto\/xeneru-socieda-ya-historia-nos-nomes-de-llugar-una-gueyada-panhispanica\/#primaryimage"},"image":{"@id":"https:\/\/alladixital.org\/eon\/producto\/xeneru-socieda-ya-historia-nos-nomes-de-llugar-una-gueyada-panhispanica\/#primaryimage"},"thumbnailUrl":"https:\/\/alladixital.org\/wp-content\/uploads\/2025\/10\/Xeneru-socieda-ya-historia.jpg","datePublished":"2025-10-03T11:57:09+00:00","dateModified":"2025-10-06T07:40:44+00:00","breadcrumb":{"@id":"https:\/\/alladixital.org\/eon\/producto\/xeneru-socieda-ya-historia-nos-nomes-de-llugar-una-gueyada-panhispanica\/#breadcrumb"},"inLanguage":"eon-EON","potentialAction":[{"@type":"ReadAction","target":["https:\/\/alladixital.org\/eon\/producto\/xeneru-socieda-ya-historia-nos-nomes-de-llugar-una-gueyada-panhispanica\/"]}]},{"@type":"ImageObject","inLanguage":"eon-EON","@id":"https:\/\/alladixital.org\/eon\/producto\/xeneru-socieda-ya-historia-nos-nomes-de-llugar-una-gueyada-panhispanica\/#primaryimage","url":"https:\/\/alladixital.org\/wp-content\/uploads\/2025\/10\/Xeneru-socieda-ya-historia.jpg","contentUrl":"https:\/\/alladixital.org\/wp-content\/uploads\/2025\/10\/Xeneru-socieda-ya-historia.jpg","width":1355,"height":1890},{"@type":"BreadcrumbList","@id":"https:\/\/alladixital.org\/eon\/producto\/xeneru-socieda-ya-historia-nos-nomes-de-llugar-una-gueyada-panhispanica\/#breadcrumb","itemListElement":[{"@type":"ListItem","position":1,"name":"Portada","item":"https:\/\/alladixital.org\/eon\/"},{"@type":"ListItem","position":2,"name":"Tienda","item":"https:\/\/alladixital.org\/eon\/tienda-2\/"},{"@type":"ListItem","position":3,"name":"X\u00e9neru socied\u00e1 ya historia nos nomes de llugar: una g\u00fceyada panhisp\u00e1nica"}]},{"@type":"WebSite","@id":"https:\/\/alladixital.org\/#website","url":"https:\/\/alladixital.org\/","name":"Academia de la Llingua Asturiana","description":"ALLA","publisher":{"@id":"https:\/\/alladixital.org\/#organization"},"potentialAction":[{"@type":"SearchAction","target":{"@type":"EntryPoint","urlTemplate":"https:\/\/alladixital.org\/?s={search_term_string}"},"query-input":{"@type":"PropertyValueSpecification","valueRequired":true,"valueName":"search_term_string"}}],"inLanguage":"eon-EON"},{"@type":"Organization","@id":"https:\/\/alladixital.org\/#organization","name":"Academia de la Llingua Asturiana","url":"https:\/\/alladixital.org\/","logo":{"@type":"ImageObject","inLanguage":"eon-EON","@id":"https:\/\/alladixital.org\/#\/schema\/logo\/image\/","url":"https:\/\/alladixital.org\/wp-content\/uploads\/2022\/08\/logo_LLINGUA_280_V3.jpg","contentUrl":"https:\/\/alladixital.org\/wp-content\/uploads\/2022\/08\/logo_LLINGUA_280_V3.jpg","width":1064,"height":1096,"caption":"Academia de la Llingua Asturiana"},"image":{"@id":"https:\/\/alladixital.org\/#\/schema\/logo\/image\/"},"sameAs":["https:\/\/www.facebook.com\/AcademiadelaLlinguaAsturiana\/","https:\/\/x.com\/ALLA_ast"]}]}},"brizy_media":[],"_links":{"self":[{"href":"https:\/\/alladixital.org\/eon\/wp-json\/wp\/v2\/product\/40315","targetHints":{"allow":["GET"]}}],"collection":[{"href":"https:\/\/alladixital.org\/eon\/wp-json\/wp\/v2\/product"}],"about":[{"href":"https:\/\/alladixital.org\/eon\/wp-json\/wp\/v2\/types\/product"}],"replies":[{"embeddable":true,"href":"https:\/\/alladixital.org\/eon\/wp-json\/wp\/v2\/comments?post=40315"}],"wp:featuredmedia":[{"embeddable":true,"href":"https:\/\/alladixital.org\/eon\/wp-json\/wp\/v2\/media\/40313"}],"wp:attachment":[{"href":"https:\/\/alladixital.org\/eon\/wp-json\/wp\/v2\/media?parent=40315"}],"wp:term":[{"taxonomy":"product_brand","embeddable":true,"href":"https:\/\/alladixital.org\/eon\/wp-json\/wp\/v2\/product_brand?post=40315"},{"taxonomy":"product_cat","embeddable":true,"href":"https:\/\/alladixital.org\/eon\/wp-json\/wp\/v2\/product_cat?post=40315"},{"taxonomy":"product_tag","embeddable":true,"href":"https:\/\/alladixital.org\/eon\/wp-json\/wp\/v2\/product_tag?post=40315"}],"curies":[{"name":"wp","href":"https:\/\/api.w.org\/{rel}","templated":true}]}}