{"id":42896,"date":"2026-02-13T13:26:13","date_gmt":"2026-02-13T12:26:13","guid":{"rendered":"https:\/\/alladixital.org\/?post_type=product&#038;p=42896"},"modified":"2026-02-13T13:26:14","modified_gmt":"2026-02-13T12:26:14","slug":"pendula","status":"publish","type":"product","link":"https:\/\/alladixital.org\/eon\/producto\/pendula\/","title":{"rendered":"P\u00e9ndula"},"content":{"rendered":"<p>Como a p\u00e9ndula d\u2019un reloxo os poemas d\u2019este libro van abanig\u00e1ndose entre \u00abTempos brancos\u00bb (paz y amor), \u00abTempos mouros\u00bb (ansied\u00e1 y ira) y \u00abTempos grises\u00bb (reflesi\u00f3n y b\u00fasqueda). A autora \u00e9 conscente del car\u00e1cter repetitivo y c\u00edclico da s\u00faa propia hestoria emocional, per\u00f3 col consolo de que \u00abesto tam\u00e9n vai pasar\u00bb. Nel libro at\u00f3pase \u00faa forte veta social y de x\u00e9nero, rindindo homenaxe a esas muyeres arrechadas que forxaron el cam\u00edn das que vein detr\u00e1s y reivindicando el dereto a \u00faa vida digna na terra d\u2019\u00fan.<\/p>\n<p>A poes\u00eda mesma \u00e9 presentada como forza vital y sanadora, como ese mecanismo que permite tresformar a rabia en arte y siguir nel vaiv\u00e9n da vida. Obra intensa y honesta, que dibuxa un ciclo emocional de resistencia y autoconocemento al trav\u00e9s de tempos de luz, solombra y reflesi\u00f3n, unde a poes\u00eda \u00e9 ese motor qu\u2019honra as reices, confronta el dolor y renova a forza pa siguir, como fain as p\u00e9ndulas, abalanci\u00e1ndose.<\/p>\n","protected":false},"excerpt":{"rendered":"<p>Como a p\u00e9ndula d\u2019un reloxo os poemas d\u2019este libro van abanig\u00e1ndose entre \u00abTempos brancos\u00bb (paz y amor), \u00abTempos mouros\u00bb (ansied\u00e1 y ira) y \u00abTempos grises\u00bb (reflesi\u00f3n y b\u00fasqueda). A autora &hellip; <\/p>\n<p class=\"link-more\"><a href=\"https:\/\/alladixital.org\/eon\/producto\/pendula\/\" class=\"more-link\">Continue reading<span class=\"screen-reader-text\"> &#8220;P\u00e9ndula&#8221;<\/span><\/a><\/p>\n","protected":false},"featured_media":42897,"comment_status":"closed","ping_status":"closed","template":"","meta":{"_acf_changed":false},"product_brand":[],"product_cat":[1070],"product_tag":[],"class_list":{"0":"post-42896","1":"product","2":"type-product","3":"status-publish","4":"has-post-thumbnail","6":"product_cat-bidureira","7":"pa_anu-1251","8":"pa_autor-natalia-riego-arredondas","9":"pa_editorial-alla","10":"pa_idioma-eonaviego","12":"first","13":"instock","14":"shipping-taxable","15":"product-type-simple"},"acf":[],"yoast_head":"<!-- This site is optimized with the Yoast SEO plugin v26.7 - https:\/\/yoast.com\/wordpress\/plugins\/seo\/ -->\n<title>P\u00e9ndula - Academia de la Llingua Asturiana<\/title>\n<meta name=\"robots\" content=\"index, follow, max-snippet:-1, max-image-preview:large, max-video-preview:-1\" \/>\n<link rel=\"canonical\" href=\"https:\/\/alladixital.org\/productu\/pendula\/\" \/>\n<meta property=\"og:locale\" content=\"eo_EO\" \/>\n<meta property=\"og:type\" content=\"article\" \/>\n<meta property=\"og:title\" content=\"P\u00e9ndula - Academia de la Llingua Asturiana\" \/>\n<meta property=\"og:description\" content=\"Como a p\u00e9ndula d\u2019un reloxo os poemas d\u2019este libro van abanig\u00e1ndose entre \u00abTempos brancos\u00bb (paz y amor), \u00abTempos mouros\u00bb (ansied\u00e1 y ira) y \u00abTempos grises\u00bb (reflesi\u00f3n y b\u00fasqueda). A autora &hellip; Continue reading &quot;P\u00e9ndula&quot;\" \/>\n<meta property=\"og:url\" content=\"https:\/\/alladixital.org\/productu\/pendula\/\" \/>\n<meta property=\"og:site_name\" content=\"Academia de la Llingua Asturiana\" \/>\n<meta property=\"article:publisher\" content=\"https:\/\/www.facebook.com\/AcademiadelaLlinguaAsturiana\/\" \/>\n<meta property=\"article:modified_time\" content=\"2026-02-13T12:26:14+00:00\" \/>\n<meta property=\"og:image\" content=\"https:\/\/alladixital.org\/wp-content\/uploads\/2026\/02\/BIDU07-Imaxe-portada.png\" \/>\n\t<meta property=\"og:image:width\" content=\"265\" \/>\n\t<meta property=\"og:image:height\" content=\"418\" \/>\n\t<meta property=\"og:image:type\" content=\"image\/png\" \/>\n<meta name=\"twitter:card\" content=\"summary_large_image\" \/>\n<meta name=\"twitter:site\" content=\"@ALLA_ast\" \/>\n<script type=\"application\/ld+json\" class=\"yoast-schema-graph\">{\"@context\":\"https:\/\/schema.org\",\"@graph\":[{\"@type\":\"WebPage\",\"@id\":\"https:\/\/alladixital.org\/productu\/pendula\/\",\"url\":\"https:\/\/alladixital.org\/productu\/pendula\/\",\"name\":\"P\u00e9ndula - Academia de la Llingua Asturiana\",\"isPartOf\":{\"@id\":\"https:\/\/alladixital.org\/#website\"},\"primaryImageOfPage\":{\"@id\":\"https:\/\/alladixital.org\/productu\/pendula\/#primaryimage\"},\"image\":{\"@id\":\"https:\/\/alladixital.org\/productu\/pendula\/#primaryimage\"},\"thumbnailUrl\":\"https:\/\/alladixital.org\/wp-content\/uploads\/2026\/02\/BIDU07-Imaxe-portada.png\",\"datePublished\":\"2026-02-13T12:26:13+00:00\",\"dateModified\":\"2026-02-13T12:26:14+00:00\",\"breadcrumb\":{\"@id\":\"https:\/\/alladixital.org\/productu\/pendula\/#breadcrumb\"},\"inLanguage\":\"eon-EON\",\"potentialAction\":[{\"@type\":\"ReadAction\",\"target\":[\"https:\/\/alladixital.org\/productu\/pendula\/\"]}]},{\"@type\":\"ImageObject\",\"inLanguage\":\"eon-EON\",\"@id\":\"https:\/\/alladixital.org\/productu\/pendula\/#primaryimage\",\"url\":\"https:\/\/alladixital.org\/wp-content\/uploads\/2026\/02\/BIDU07-Imaxe-portada.png\",\"contentUrl\":\"https:\/\/alladixital.org\/wp-content\/uploads\/2026\/02\/BIDU07-Imaxe-portada.png\",\"width\":265,\"height\":418},{\"@type\":\"BreadcrumbList\",\"@id\":\"https:\/\/alladixital.org\/productu\/pendula\/#breadcrumb\",\"itemListElement\":[{\"@type\":\"ListItem\",\"position\":1,\"name\":\"Portada\",\"item\":\"https:\/\/alladixital.org\/eon\/\"},{\"@type\":\"ListItem\",\"position\":2,\"name\":\"Tienda\",\"item\":\"https:\/\/alladixital.org\/eon\/tienda-2\/\"},{\"@type\":\"ListItem\",\"position\":3,\"name\":\"P\u00e9ndula\"}]},{\"@type\":\"WebSite\",\"@id\":\"https:\/\/alladixital.org\/#website\",\"url\":\"https:\/\/alladixital.org\/\",\"name\":\"Academia de la Llingua Asturiana\",\"description\":\"ALLA\",\"publisher\":{\"@id\":\"https:\/\/alladixital.org\/#organization\"},\"potentialAction\":[{\"@type\":\"SearchAction\",\"target\":{\"@type\":\"EntryPoint\",\"urlTemplate\":\"https:\/\/alladixital.org\/?s={search_term_string}\"},\"query-input\":{\"@type\":\"PropertyValueSpecification\",\"valueRequired\":true,\"valueName\":\"search_term_string\"}}],\"inLanguage\":\"eon-EON\"},{\"@type\":\"Organization\",\"@id\":\"https:\/\/alladixital.org\/#organization\",\"name\":\"Academia de la Llingua Asturiana\",\"url\":\"https:\/\/alladixital.org\/\",\"logo\":{\"@type\":\"ImageObject\",\"inLanguage\":\"eon-EON\",\"@id\":\"https:\/\/alladixital.org\/#\/schema\/logo\/image\/\",\"url\":\"https:\/\/alladixital.org\/wp-content\/uploads\/2022\/08\/logo_LLINGUA_280_V3.jpg\",\"contentUrl\":\"https:\/\/alladixital.org\/wp-content\/uploads\/2022\/08\/logo_LLINGUA_280_V3.jpg\",\"width\":1064,\"height\":1096,\"caption\":\"Academia de la Llingua Asturiana\"},\"image\":{\"@id\":\"https:\/\/alladixital.org\/#\/schema\/logo\/image\/\"},\"sameAs\":[\"https:\/\/www.facebook.com\/AcademiadelaLlinguaAsturiana\/\",\"https:\/\/x.com\/ALLA_ast\"]}]}<\/script>\n<!-- \/ Yoast SEO plugin. -->","yoast_head_json":{"title":"P\u00e9ndula - Academia de la Llingua Asturiana","robots":{"index":"index","follow":"follow","max-snippet":"max-snippet:-1","max-image-preview":"max-image-preview:large","max-video-preview":"max-video-preview:-1"},"canonical":"https:\/\/alladixital.org\/productu\/pendula\/","og_locale":"eo_EO","og_type":"article","og_title":"P\u00e9ndula - Academia de la Llingua Asturiana","og_description":"Como a p\u00e9ndula d\u2019un reloxo os poemas d\u2019este libro van abanig\u00e1ndose entre \u00abTempos brancos\u00bb (paz y amor), \u00abTempos mouros\u00bb (ansied\u00e1 y ira) y \u00abTempos grises\u00bb (reflesi\u00f3n y b\u00fasqueda). A autora &hellip; Continue reading \"P\u00e9ndula\"","og_url":"https:\/\/alladixital.org\/productu\/pendula\/","og_site_name":"Academia de la Llingua Asturiana","article_publisher":"https:\/\/www.facebook.com\/AcademiadelaLlinguaAsturiana\/","article_modified_time":"2026-02-13T12:26:14+00:00","og_image":[{"width":265,"height":418,"url":"https:\/\/alladixital.org\/wp-content\/uploads\/2026\/02\/BIDU07-Imaxe-portada.png","type":"image\/png"}],"twitter_card":"summary_large_image","twitter_site":"@ALLA_ast","schema":{"@context":"https:\/\/schema.org","@graph":[{"@type":"WebPage","@id":"https:\/\/alladixital.org\/productu\/pendula\/","url":"https:\/\/alladixital.org\/productu\/pendula\/","name":"P\u00e9ndula - Academia de la Llingua Asturiana","isPartOf":{"@id":"https:\/\/alladixital.org\/#website"},"primaryImageOfPage":{"@id":"https:\/\/alladixital.org\/productu\/pendula\/#primaryimage"},"image":{"@id":"https:\/\/alladixital.org\/productu\/pendula\/#primaryimage"},"thumbnailUrl":"https:\/\/alladixital.org\/wp-content\/uploads\/2026\/02\/BIDU07-Imaxe-portada.png","datePublished":"2026-02-13T12:26:13+00:00","dateModified":"2026-02-13T12:26:14+00:00","breadcrumb":{"@id":"https:\/\/alladixital.org\/productu\/pendula\/#breadcrumb"},"inLanguage":"eon-EON","potentialAction":[{"@type":"ReadAction","target":["https:\/\/alladixital.org\/productu\/pendula\/"]}]},{"@type":"ImageObject","inLanguage":"eon-EON","@id":"https:\/\/alladixital.org\/productu\/pendula\/#primaryimage","url":"https:\/\/alladixital.org\/wp-content\/uploads\/2026\/02\/BIDU07-Imaxe-portada.png","contentUrl":"https:\/\/alladixital.org\/wp-content\/uploads\/2026\/02\/BIDU07-Imaxe-portada.png","width":265,"height":418},{"@type":"BreadcrumbList","@id":"https:\/\/alladixital.org\/productu\/pendula\/#breadcrumb","itemListElement":[{"@type":"ListItem","position":1,"name":"Portada","item":"https:\/\/alladixital.org\/eon\/"},{"@type":"ListItem","position":2,"name":"Tienda","item":"https:\/\/alladixital.org\/eon\/tienda-2\/"},{"@type":"ListItem","position":3,"name":"P\u00e9ndula"}]},{"@type":"WebSite","@id":"https:\/\/alladixital.org\/#website","url":"https:\/\/alladixital.org\/","name":"Academia de la Llingua Asturiana","description":"ALLA","publisher":{"@id":"https:\/\/alladixital.org\/#organization"},"potentialAction":[{"@type":"SearchAction","target":{"@type":"EntryPoint","urlTemplate":"https:\/\/alladixital.org\/?s={search_term_string}"},"query-input":{"@type":"PropertyValueSpecification","valueRequired":true,"valueName":"search_term_string"}}],"inLanguage":"eon-EON"},{"@type":"Organization","@id":"https:\/\/alladixital.org\/#organization","name":"Academia de la Llingua Asturiana","url":"https:\/\/alladixital.org\/","logo":{"@type":"ImageObject","inLanguage":"eon-EON","@id":"https:\/\/alladixital.org\/#\/schema\/logo\/image\/","url":"https:\/\/alladixital.org\/wp-content\/uploads\/2022\/08\/logo_LLINGUA_280_V3.jpg","contentUrl":"https:\/\/alladixital.org\/wp-content\/uploads\/2022\/08\/logo_LLINGUA_280_V3.jpg","width":1064,"height":1096,"caption":"Academia de la Llingua Asturiana"},"image":{"@id":"https:\/\/alladixital.org\/#\/schema\/logo\/image\/"},"sameAs":["https:\/\/www.facebook.com\/AcademiadelaLlinguaAsturiana\/","https:\/\/x.com\/ALLA_ast"]}]}},"brizy_media":[],"_links":{"self":[{"href":"https:\/\/alladixital.org\/eon\/wp-json\/wp\/v2\/product\/42896","targetHints":{"allow":["GET"]}}],"collection":[{"href":"https:\/\/alladixital.org\/eon\/wp-json\/wp\/v2\/product"}],"about":[{"href":"https:\/\/alladixital.org\/eon\/wp-json\/wp\/v2\/types\/product"}],"replies":[{"embeddable":true,"href":"https:\/\/alladixital.org\/eon\/wp-json\/wp\/v2\/comments?post=42896"}],"wp:featuredmedia":[{"embeddable":true,"href":"https:\/\/alladixital.org\/eon\/wp-json\/wp\/v2\/media\/42897"}],"wp:attachment":[{"href":"https:\/\/alladixital.org\/eon\/wp-json\/wp\/v2\/media?parent=42896"}],"wp:term":[{"taxonomy":"product_brand","embeddable":true,"href":"https:\/\/alladixital.org\/eon\/wp-json\/wp\/v2\/product_brand?post=42896"},{"taxonomy":"product_cat","embeddable":true,"href":"https:\/\/alladixital.org\/eon\/wp-json\/wp\/v2\/product_cat?post=42896"},{"taxonomy":"product_tag","embeddable":true,"href":"https:\/\/alladixital.org\/eon\/wp-json\/wp\/v2\/product_tag?post=42896"}],"curies":[{"name":"wp","href":"https:\/\/api.w.org\/{rel}","templated":true}]}}